{"id":4177,"date":"2025-01-25T01:23:53","date_gmt":"2025-01-24T22:23:53","guid":{"rendered":"https:\/\/kilincadvisory.com\/?page_id=4177"},"modified":"2025-01-25T01:54:05","modified_gmt":"2025-01-24T22:54:05","slug":"gelir-idaresi-baskanligi-cifte-vergilendirmeyi-onleme-anlasmalarinda-yer-alan-karsilikli-anlasma-usulune-iliskin-yeni-rehberi-yayinladi","status":"publish","type":"page","link":"https:\/\/kilincadvisory.com\/zh\/gelir-idaresi-baskanligi-cifte-vergilendirmeyi-onleme-anlasmalarinda-yer-alan-karsilikli-anlasma-usulune-iliskin-yeni-rehberi-yayinladi\/","title":{"rendered":"\u571f\u8033\u5176\u7a0e\u52a1\u603b\u5c40\u53d1\u5e03\u4e86\u5173\u4e8e\u300a\u907f\u514d\u53cc\u91cd\u5f81\u7a0e\u6761\u7ea6\u76f8\u4e92\u534f\u5546\u7a0b\u5e8f\u300b\u7684\u65b0\u6307\u5357"},"content":{"rendered":"<div data-elementor-type=\"wp-page\" data-elementor-id=\"4177\" class=\"elementor elementor-4177\" data-elementor-post-type=\"page\">\n\t\t\t\t\t\t<section class=\"elementor-section elementor-top-section elementor-element elementor-element-1bc65d07 elementor-section-boxed elementor-section-height-default elementor-section-height-default\" data-id=\"1bc65d07\" data-element_type=\"section\" data-e-type=\"section\">\n\t\t\t\t\t\t<div class=\"elementor-container elementor-column-gap-default\">\n\t\t\t\t\t<div class=\"elementor-column elementor-col-100 elementor-top-column elementor-element elementor-element-546278ca\" data-id=\"546278ca\" data-element_type=\"column\" data-e-type=\"column\">\n\t\t\t<div class=\"elementor-widget-wrap elementor-element-populated\">\n\t\t\t\t\t\t<div class=\"elementor-element elementor-element-71d4e8d elementor-widget elementor-widget-text-editor\" data-id=\"71d4e8d\" data-element_type=\"widget\" data-e-type=\"widget\" data-widget_type=\"text-editor.default\">\n\t\t\t\t<div class=\"elementor-widget-container\">\n\t\t\t\t\t\t\t\t\t<p>\u571f\u8033\u5176\u7a0e\u52a1\u603b\u5c40\u53d1\u5e03\u4e86\u5173\u4e8e\u53cc\u91cd\u5f81\u7a0e\u534f\u5b9a\uff08DTTs\uff09\u4e2d\u76f8\u4e92\u534f\u5546\u7a0b\u5e8f\uff08MAP\uff09\u7533\u8bf7\u7684\u6700\u65b0\u6307\u5357\u3002\u672c\u6b21\u4fee\u8ba2\u662f\u5bf92019\u5e7410\u6708\u53d1\u5e03\u7248\u672c\u7684\u66f4\u65b0\uff0c\u4e8e2024\u5e7412\u67084\u65e5\u53d1\u5e03\uff0c\u5e76\u9002\u7528\u4e8e\u81ea2022\u5e741\u67081\u65e5\u6216\u4e4b\u540e\u63d0\u4ea4\u7684MAP\u7533\u8bf7\u3002<\/p><p>\u4f17\u6240\u5468\u77e5\uff0cMAP\u7533\u8bf7\u901a\u5e38\u5728\u8bb8\u591a\u53cc\u91cd\u5f81\u7a0e\u534f\u5b9a\u7684\u7b2c25\u6761\u4e2d\u4e88\u4ee5\u89c4\u5b9a\u3002\u8be5\u7a0b\u5e8f\u5141\u8bb8\u7eb3\u7a0e\u4eba\u5728\u4e0d\u5fc5\u4f9d\u8d56\u56fd\u5185\u6551\u6d4e\u63aa\u65bd\u7684\u60c5\u51b5\u4e0b\uff0c\u5c06\u6d89\u53ca\u53cc\u91cd\u5f81\u7a0e\u7684\u95ee\u9898\u63d0\u4ea4\u81f3\u5176\u5c45\u4f4f\u56fd\u6216\u56fd\u7c4d\u56fd\u7684\u4e3b\u7ba1\u7a0e\u52a1\u673a\u5173\uff0c\u6216\u53e6\u4e00\u534f\u5b9a\u56fd\u7684\u76f8\u5e94\u4e3b\u7ba1\u673a\u5173\u3002\u5b9e\u8d28\u4e0a\uff0c\u5b83\u662f\u4e00\u79cd\u56fd\u9645\u7a0e\u52a1\u4e89\u8bae\u89e3\u51b3\u673a\u5236\u3002<\/p><p>\u571f\u8033\u5176\u53c2\u4e0e\u7684\u6240\u6709\u53cc\u91cd\u5f81\u7a0e\u534f\u5b9a\u5747\u5305\u542b\u76f8\u4e92\u534f\u5546\u7a0b\u5e8f\uff08MAP\uff09\u6761\u6b3e\u3002\u4e3a\u8fdb\u4e00\u6b65\u63d0\u5347MAP\u7684\u6709\u6548\u6027\uff0c\u201c\u76f8\u4e92\u534f\u5546\u7a0b\u5e8f\u201d\u4ea6\u88ab\u7eb3\u5165\u300a\u571f\u8033\u5176\u7a0e\u6536\u7a0b\u5e8f\u6cd5\u300b\uff08\u7b2c213\u53f7\u6cd5\uff09\u7b2c\u56db\u90e8\u5206\u7684\u6cd5\u5b9a\u5185\u5bb9\u3002\u5c3d\u7ba12019\u5e74\u6307\u5357\u7684\u5404\u7ae0\u8282\u6807\u9898\u5927\u4f53\u4fdd\u6301\u4e0d\u53d8\uff0c\u65b0\u7248\u672c\u5728\u5fc5\u8981\u4e4b\u5904\u63d0\u4f9b\u4e86\u66f4\u6e05\u6670\u7684\u8bf4\u660e\uff0c\u5e76\u9488\u5bf9\u75ab\u60c5\u540e\u5546\u4e1a\u5b9e\u8df5\u66f4\u65b0\u4e86\u884c\u653f\u4e8b\u52a1\u76f8\u5173\u5185\u5bb9\uff0c\u540c\u65f6\u5bf9\u90e8\u5206\u7ae0\u8282\u8fdb\u884c\u4e86\u91cd\u7ec4\u6216\u6269\u5c55\u3002\u6b64\u5916\uff0c\u65b0\u6307\u5357\u8fd8\u529b\u6c42\u5bf9\u5185\u5bb9\u8fdb\u884c\u7cbe\u7b80\u548c\u4f18\u5316\u3002<\/p><p>\u65b0\u6307\u5357\u6d89\u53ca\u7684\u5173\u952e\u4e3b\u9898\u53ca\u4e0e2019\u5e74\u6307\u5357\u7684\u533a\u522b\uff1a<\/p><p>\u53cc\u91cd\u5f81\u7a0e\u534f\u5b9a\uff08DTT\uff09\u89e3\u91ca\u6216\u9002\u7528\u76f8\u5173\u7684\u95ee\u9898\n\u76f8\u4e92\u534f\u5546\u7a0b\u5e8f\uff08MAP\uff09\u9002\u7528\u4e8e\u89e3\u51b3\u7eb3\u7a0e\u4eba\u6536\u5165\uff08\u5373\u7a0e\u57fa\uff09\u53ef\u80fd\u4ea7\u751f\u7684\u4efb\u4f55\u53cc\u91cd\u5f81\u7a0e\u95ee\u9898\u3002\u89c4\u5b9a\u4e2d\u6307\u51fa\uff0cMAP\u7a0b\u5e8f\u53ef\u5728\u4ee5\u4e0b\u60c5\u5f62\u542f\u52a8\uff1a<\/p><ul><li>\u7528\u4e8e\u89e3\u51b3\u56e0DTT\u89e3\u91ca\u6216\u9002\u7528\u800c\u4ea7\u751f\u7684\u95ee\u9898\uff1b<\/li><li>\u7528\u4e8e\u6f84\u6e05DTT\u4e2d\u672a\u660e\u786e\u5b9a\u4e49\u6216\u672a\u88ab\u5145\u5206\u7406\u89e3\u7684\u6761\u6b3e\u3002<\/li><\/ul><p>\u4f1a\u8bae\u7c7b\u578b<\/p><p>\u5728\u571f\u8033\u5176\u63d0\u4ea4MAP\u7533\u8bf7 \u5728\u571f\u8033\u5176\uff0cMAP\u7533\u8bf7\u5e94\u63d0\u4ea4\u81f3\u4ee5\u4e0b\u5730\u5740\uff1a\u6307\u5357\u6307\u51fa\uff0cMAP\u7a0b\u5e8f\u4e2d\u7684\u8c08\u5224\u53ef\u4ee5\u901a\u8fc7\u4e66\u9762\u5f62\u5f0f\u6216\u53e3\u5934\u5f62\u5f0f\u8fdb\u884c\u3002\u672c\u6b21\u65b0\u7248\u4e2d\u7279\u522b\u65b0\u589e\u4e86\u5173\u4e8e\u9762\u5bf9\u9762\u4f1a\u8bae\u548c\u7ebf\u4e0a\u4f1a\u8bae\u7684\u8868\u8ff0\u3002<\/p><p>\u7eb3\u7a0e\u4eba\u4e3b\u5f20\u5f81\u7a0e\u4e0e\u53cc\u91cd\u5f81\u7a0e\u534f\u5b9a\uff08DTT\uff09\u76f8\u6096\u7684\u60c5\u5f62\u793a\u4f8b\n\u6839\u636eMAP\u76f8\u5173\u6761\u6b3e\uff0c\u7eb3\u7a0e\u4eba\u53ef\u5728\u591a\u79cd\u60c5\u5f62\u4e0b\u4e3b\u5f20\u5176\u6240\u7f34\u7a0e\u6b3e\u4e0eDTT\u89c4\u5b9a\u4e0d\u4e00\u81f4\uff0c\u5305\u62ec\u4f46\u4e0d\u9650\u4e8e\u4ee5\u4e0b\u60c5\u51b5\uff1a<\/p><ul><li>\u6839\u636e\u907f\u514d\u53cc\u91cd\u5f81\u7a0e\u534f\u5b9a\uff08DTT\uff09\u7684\u300a\u8425\u4e1a\u5229\u6da6\u300b\u6761\u6b3e\uff0c\u786e\u5b9a\u5f52\u5c5e\u4e8e\u5e38\u8bbe\u673a\u6784\uff08PE\uff09\u7684\u5229\u6da6\u3002<\/li><li>\u89e3\u51b3\u5173\u4e8e\u4e2a\u4eba\u6216\u5b9e\u4f53\u662f\u5426\u88ab\u89c6\u4e3a\u67d0\u4e00\u7f14\u7ea6\u56fd\u5c45\u6c11\u7684\u95ee\u9898\u3002<\/li><li>\u786e\u5b9a\u5728\u53e6\u4e00\u7f14\u7ea6\u56fd\u662f\u5426\u6839\u636eDTT\u300a\u5e38\u8bbe\u673a\u6784\u300b\u6761\u6b3e\u6784\u6210\u5e38\u8bbe\u673a\u6784\u3002<\/li><li>\u5904\u7406\u907f\u514d\u53cc\u91cd\u5f81\u7a0e\u534f\u5b9a\uff08DTT\uff09\u300a\u5173\u8054\u4f01\u4e1a\u300b\u6761\u6b3e\u4e0b\uff0c\u5173\u8054\u4f01\u4e1a\u4e4b\u95f4\u4ea4\u6613\u6240\u4ea7\u751f\u7684\u8f6c\u8ba9\u5b9a\u4ef7\u95ee\u9898\u3002<\/li><li>\u5904\u7406\u4e0e\u907f\u514d\u53cc\u91cd\u5f81\u7a0e\u534f\u5b9a\u4e0b\u7684\u201c\u5229\u606f\u201d\u3001\u201c\u80a1\u606f\u201d\u3001\u201c\u7279\u8bb8\u6743\u4f7f\u7528\u8d39\u201d\u76f8\u5173\u7684\u95ee\u9898\uff0c\u4f8b\u5982\u6765\u6e90\u56fd\uff08\u6536\u5165\u53d6\u5f97\u56fd\uff09\u9884\u63d0\u7a0e\uff0c\u4ee5\u53ca\u56e0\u4ed8\u6b3e\u4eba\u4e0e\u53d7\u76ca\u4eba\u4e4b\u95f4\u7684\u7279\u6b8a\u5173\u7cfb\u800c\u5f81\u6536\u7684\u989d\u5916\u7a0e\u8d39\u3002<\/li><li>\u786e\u5b9a\u5728\u53e6\u4e00\u7f14\u7ea6\u56fd\u63d0\u4f9b\u670d\u52a1\u6240\u53d6\u5f97\u7684\u6536\u5165\u662f\u5426\u5e94\u6839\u636e\u76f8\u5173\u201c\u907f\u514d\u53cc\u91cd\u5f81\u7a0e\u534f\u5b9a\u201d\u6761\u6b3e\u88ab\u89c6\u4e3a\u201c\u96c7\u4f63\u6240\u5f97\u201d\u3002<\/li><li>\u6d89\u53ca\u7eb3\u7a0e\u4eba\u6839\u636e\u907f\u514d\u53cc\u91cd\u5f81\u7a0e\u534f\u5b9a\u300a\u53d7\u76ca\u6743\u300b\u6761\u6b3e\u88ab\u62d2\u7edd\u4eab\u53d7\u534f\u5b9a\u4f18\u60e0\u7684\u60c5\u5f62\u3002<\/li><\/ul><p>\u7533\u8bf7\u90e8\u5206\u7a0e\u6b3e\u8c03\u6574<\/p><p>\u6307\u5357\u660e\u786e\u6307\u51fa\uff0c\u5982\u679c\u7a0e\u6b3e\u6216\u7a0e\u57fa\u53ef\u4ee5\u5206\u5272\uff0c\u7eb3\u7a0e\u4eba\u53ef\u4ee5\u4ec5\u5c31\u5c5e\u4e8eDTT\u8303\u56f4\u7684\u90e8\u5206\u63d0\u4ea4MAP\u7533\u8bf7\u3002<\/p><p>\u6d89\u53ca\u591a\u4e2a\u907f\u514d\u53cc\u91cd\u5f81\u7a0e\u534f\u5b9a\u548c\u591a\u671f\u7a0e\u6b3e<\/p><p>\u65b0\u7248\u6307\u5357\u660e\u786e\u6307\u51fa\uff0c\u5bf9\u4e8e\u6d89\u53ca\u591a\u4e2a\u907f\u514d\u53cc\u91cd\u5f81\u7a0e\u534f\u5b9a\uff08\u5373\u591a\u4e2a\u7f14\u7ea6\u56fd\uff09\u7684\u76f8\u4e92\u5173\u8054\u7a0e\u52a1\u95ee\u9898\uff0c\u7eb3\u7a0e\u4eba\u53ef\u63d0\u4ea4\u5355\u4e00MAP\u7533\u8bf7\uff1b\u5355\u4e00\u7533\u8bf7\u4e5f\u53ef\u8986\u76d6\u591a\u4e2a\u7eb3\u7a0e\u5e74\u5ea6\u7684\u95ee\u9898\u3002<\/p><p>\u63d0\u4ea4MAP\u7533\u8bf7\u6240\u9700\u4fe1\u606f\u548c\u6587\u4ef6<\/p><p>\u6240\u9700\u6587\u4ef6\u4e0e2019\u5e74\u6307\u5357\u4fdd\u6301\u4e00\u81f4\uff0c\u4f46\u5bf9\u4e8e\u8f6c\u8ba9\u5b9a\u4ef7\u6848\u4ef6\u6240\u9700\u4fe1\u606f\uff0c\u65b0\u7248\u6307\u5357\u63d0\u4f9b\u4e86\u66f4\u591a\u7ec6\u8282\u8bf4\u660e\u3002<\/p><p>\u63d0\u4ea4MAP\u7533\u8bf7\u662f\u5426\u963b\u788d\u201c\u672c\u5730\u201d\u8bc9\u8bbc\u6216\u548c\u89e3\uff1f<\/p><p>\u65b0\u589e\u4e24\u4e2a\u95ee\u9898\uff1a<\/p><ul><li>\u201c\u63d0\u4ea4MAP\u7533\u8bf7\u662f\u5426\u4f1a\u963b\u6b62\u542f\u52a8\u672c\u5730\u6cd5\u5f8b\u8bc9\u8bbc\uff1f\u201d<\/li><li>\u201c\u63d0\u4ea4MAP\u7533\u8bf7\u662f\u5426\u4f1a\u963b\u6b62\u672c\u5730\u548c\u89e3\u7533\u8bf7\uff1f\u201d<\/li><\/ul><p>\u9884\u7ea6\u5b9a\u4ef7\u5b89\u6392\uff08APA\uff09\u5728APA\u90e8\u5206\u672a\u4f5c\u4efb\u4f55\u4fee\u6539\u3002<\/p><p>OECD\u7f51\u7ad9\u4e0eBEPS\u7b2c14\u9879\u884c\u52a8\u62a5\u544a \u8bfb\u8005\u53ef\u8bbf\u95ee\u7ecf\u5408\u7ec4\u7ec7\uff08OECD\uff09\u7f51\u7ad9\uff0c\u67e5\u770b\u571f\u8033\u5176\u5173\u4e8e\u76f8\u4e92\u534f\u5546\u7a0b\u5e8f\uff08MAP\uff09\u7684\u56fd\u5bb6\u9875\u9762\uff0c\u4ee5\u53ca\u201c\u7b2c14\u53f7\u884c\u52a8\u62a5\u544a\u201d\uff08\u884c\u52a8\u76ee\u6807\uff1a\u63d0\u5347\u4e89\u8bae\u89e3\u51b3\u673a\u5236\u6548\u80fd\uff09\uff0c\u8be5\u62a5\u544a\u96b6\u5c5e\u4e8e\u300a\u7a0e\u57fa\u4fb5\u8680\u4e0e\u5229\u6da6\u8f6c\u79fb\u300b\uff08BEPS\uff09\u5021\u8bae\u3002\u62a5\u544a\u8981\u6c42\u5404\u56fd\u627f\u8bfa\u6309\u7167\u6700\u4f4e\u6807\u51c6\uff0c\u53ca\u65f6\u3001\u9ad8\u6548\u3001\u6709\u6548\u5730\u89e3\u51b3\u53cc\u91cd\u5f81\u7a0e\u534f\u5b9a\u4e0b\u7684\u4e89\u8bae\u3002\u00a0<\/p><p>BEPS\u7b2c14\u9879\u884c\u52a8\u6700\u4f4e\u6807\u51c6\u5305\u542b21\u9879\u8981\u7d20\u548c12\u9879\u6700\u4f73\u5b9e\u8df5\uff0c\u7528\u4e8e\u8bc4\u4f30\u5404\u53f8\u6cd5\u8f96\u533a\u5728\u8be5\u9886\u57df\u7684\u6cd5\u5f8b\u4e0e\u884c\u653f\u6846\u67b6\u3002\u968f\u7740\u8be5\u6807\u51c6\u7684\u91c7\u7eb3\uff0cBEPS\u5305\u5bb9\u6027\u6846\u67b6\u6210\u5458\u56fd\u5df2\u540c\u610f\uff1a\u25cf \u63a5\u53d7\u540c\u4e1a\u5ba1\u67e5\uff0c\u4ee5\u8bc4\u4f30\u6807\u51c6\u7684\u6267\u884c\u60c5\u51b5\u3002\u25cf \u4f7f\u7528\u65b0\u5f00\u53d1\u7684MAP\u7edf\u8ba1\u62a5\u544a\u6846\u67b6\u62a5\u544a\u76f8\u5173\u7edf\u8ba1\u6570\u636e\u3002\u00a0<\/p><p>\u571f\u8033\u5176\u5728MAP\u65b9\u9762\u7684\u7ecf\u9a8c\u4e0e\u5e94\u7528<\/p><p>\u571f\u8033\u5176\u7a0e\u52a1\u7ba1\u7406\u5c40\u65e8\u5728\u6269\u5927\u548c\u5b8c\u5584\u5176\u5728\u8be5\u9886\u57df\u7684\u7ecf\u9a8c\u548c\u5b9e\u8df5\u3002\u5c3d\u7ba1\u571f\u8033\u5176\u5df2\u7b7e\u7f72\u5927\u91cf\u907f\u514d\u53cc\u91cd\u5f81\u7a0e\u534f\u5b9a\uff0c\u4f46\u5728MAP\u65b9\u9762\u7684\u5b9e\u9645\u64cd\u4f5c\u7ecf\u9a8c\u2014\u2014\u4ee5\u53ca\u901a\u5e38\u9700\u8981\u4e0e\u5176\u4ed6\u53f8\u6cd5\u7ba1\u8f96\u533a\u8fbe\u6210\u5171\u8bc6\u7684DTT\u89e3\u91ca\u6216\u9002\u7528\u2014\u2014\u4ecd\u7136\u6709\u9650\u3002\u571f\u8033\u5176\u7684\u4e3b\u8981\u7ecf\u9a8c\u96c6\u4e2d\u5728\u51fa\u5177\u7a0e\u6536\u5c45\u6c11\u8bc1\u660e\u548c\u586b\u5199\u76f8\u5173\u8868\u683c\u3002\u8fc4\u4eca\u4e3a\u6b62\uff0c\u571f\u8033\u5176\u5df2\u4e0e\u5965\u5730\u5229\u3001\u963f\u585e\u62dc\u7586\u3001\u5e0c\u814a\u3001\u6c99\u7279\u963f\u62c9\u4f2f\u3001\u5fb7\u56fd\u548c\u745e\u58eb\u8fbe\u6210\u4e86\u76f8\u4e92\u534f\u8bae\u3002\u4e00\u4e2a\u5b9e\u9645\u969c\u788d\u662f\uff0c\u4e0e\u90e8\u5206\u6b27\u76df\u6210\u5458\u56fd\u4e0d\u540c\uff0c\u571f\u8033\u5176\u5e76\u672a\u52a0\u5165\u4efb\u4f55\u4ef2\u88c1\u516c\u7ea6\uff0c\u8be5\u7c7b\u516c\u7ea6\u5141\u8bb8\u7f14\u7ea6\u56fd\u901a\u8fc7\u4ef2\u88c1\u89e3\u51b3\u7279\u5b9a\u7684\u7a0e\u6536\u4e89\u8bae\u3002\u56e0\u6b64\uff0c\u5982\u679c\u6d89\u53ca\u571f\u8033\u5176\u7684MAP\u7533\u8bf7\u5728\u4e09\u5e74\u8c08\u5224\u671f\u5185\u672a\u80fd\u89e3\u51b3\uff0c\u56e0\u7f3a\u4e4f\u4ef2\u88c1\u534f\u8bae\uff0c\u8be5\u4e89\u8bae\u53ef\u80fd\u4f1a\u60ac\u800c\u672a\u51b3\u3002MAP\u6848\u4ef6\u7684\u89e3\u51b3\u65f6\u95f4\u53d6\u51b3\u4e8e\u6bcf\u4e2a\u6848\u4ef6\u7684\u590d\u6742\u6027\uff0c\u4f46\u7a0e\u52a1\u7ba1\u7406\u5c40\u529b\u4e89\u5c06\u5904\u7406\u65f6\u95f4\u5c3d\u53ef\u80fd\u63a7\u5236\u5728\u4e24\u5e74\u4ee5\u5185\u3002\u7ed3\u8bba MAP\u662f\u4e00\u79cd\u6709\u6548\u7684\u56fd\u9645\u673a\u5236\uff0c\u7528\u4e8e\u9632\u6b62\u7a0e\u6536\u4e89\u8bae\u548c\u53cc\u91cd\u5f81\u7a0e\uff0c\u7279\u522b\u9002\u7528\u4e8e\u65e0\u6cd5\u901a\u8fc7\u56fd\u5185\u6e20\u9053\u89e3\u51b3\u7684\u6848\u4ef6\u3002\u867d\u7136MAP\u5728\u571f\u8033\u5176\u5c1a\u672a\u5f97\u5230\u5e7f\u6cdb\u5e94\u7528\uff0c\u4f46\u65b0\u53d1\u5e03\u7684\u6307\u5357\u6807\u5fd7\u7740\u4e00\u4e2a\u91cd\u8981\u8fdb\u5c55\u3002\u6211\u4eec\u9f13\u52b1\u6240\u6709\u7eb3\u7a0e\u4eba\u5bc6\u5207\u5173\u6ce8\u8fd9\u4e9b\u53d1\u5c55\uff0c\u5e76\u5728\u9002\u7528\u65f6\u5145\u5206\u5229\u7528MAP\u7a0b\u5e8f\u3002<\/p><p><strong>\u53c2\u8003\u8d44\u6599<\/strong><\/p><p>\u571f\u8033\u5176MAP\u6307\u5357\u94fe\u63a5\u5982\u4e0b\uff1a\u00a0<\/p><p><span><a href=\"https:\/\/www.gib.gov.tr\/sites\/default\/files\/fileadmin\/CifteVergilendirme\/KAU_Kilavuzu2024.pdf\">https:\/\/www.gib.gov.tr\/sites\/default\/files\/fileadmin\/CifteVergilendirme\/KAU_Kilavuzu2024.pdf<\/a><\/span><\/p><p>\u571f\u8033\u5176MAP\u6307\u5357\uff08\u82f1\u6587\u7248\uff09\u94fe\u63a5\u5982\u4e0b\uff1a<\/p><p><span><a href=\"https:\/\/www.gib.gov.tr\/sites\/default\/files\/fileadmin\/CifteVergilendirme\/MAP_Guidelines2024.pdf\">https:\/\/www.gib.gov.tr\/sites\/default\/files\/fileadmin\/CifteVergilendirme\/MAP_Guidelines2024.pdf<\/a><\/span><\/p><p>\u571f\u8033\u5176\u4e89\u8bae\u89e3\u51b3\u6982\u51b5\uff1a<\/p><p><span><a href=\"https:\/\/www.oecd.org\/content\/dam\/oecd\/en\/topics\/policy-sub-issues\/dispute-resolution\/turkiye-dispute-resolution-profile.pdf\">https:\/\/www.oecd.org\/content\/dam\/oecd\/en\/topics\/policy-sub-issues\/dispute-resolution\/turkiye-dispute-resolution-profile.pdf<\/a><\/span><\/p><p>OECD\u7b2c14\u9879\u884c\u52a8\u62a5\u544a\uff1a<\/p><p><span><a href=\"https:\/\/www.oecd.org\/en\/publications\/making-dispute-resolution-mechanisms-more-effective-action-14-2015-final-report_9789264241633-en.html\">https:\/\/www.oecd.org\/en\/publications\/making-dispute-resolution-mechanisms-more-effective-action-14-2015-final-report_9789264241633-en.html<\/a><\/span><\/p>\t\t\t\t\t\t\t\t<\/div>\n\t\t\t\t<\/div>\n\t\t\t\t\t<\/div>\n\t\t<\/div>\n\t\t\t\t\t<\/div>\n\t\t<\/section>\n\t\t\t\t<\/div>","protected":false},"excerpt":{"rendered":"<p>En son Ekim 2019\u2019da yay\u0131nlanan \u00c7ifte Vergilendirmeyi \u00d6nleme Anla\u015fmalar\u0131nda yer alan Kar\u015f\u0131l\u0131kl\u0131 Anla\u015fma Usul\u00fcne \u0130li\u015fkin Yenilenen rehber 1 Ocak 2022 tarihinden itibaren yap\u0131lan ba\u015fvurular i\u00e7in ge\u00e7erli olmak \u00fczere 4 Aral\u0131k 2024\u2019te yay\u0131nlanm\u0131\u015ft\u0131r. Bilindi\u011fi \u00fczere, Kar\u015f\u0131l\u0131kl\u0131 Anla\u015fma Usul\u00fc (KAU), genellikle \u00c7ifte Vergilendirmeyi \u00d6nleme Anla\u015fmalar\u0131n\u0131n (\u00c7V\u00d6A) 25\u2019inci maddesinde yer alan, m\u00fckelleflerin olu\u015fan \u00e7ifte vergilendirme sorunlar\u0131n\u0131 ulusal \u00e7\u00f6z\u00fcm [&hellip;]<\/p>\n","protected":false},"author":3,"featured_media":0,"parent":0,"menu_order":0,"comment_status":"closed","ping_status":"closed","template":"","meta":{"inline_featured_image":false,"footnotes":""},"class_list":["post-4177","page","type-page","status-publish","hentry"],"_links":{"self":[{"href":"https:\/\/kilincadvisory.com\/zh\/wp-json\/wp\/v2\/pages\/4177","targetHints":{"allow":["GET"]}}],"collection":[{"href":"https:\/\/kilincadvisory.com\/zh\/wp-json\/wp\/v2\/pages"}],"about":[{"href":"https:\/\/kilincadvisory.com\/zh\/wp-json\/wp\/v2\/types\/page"}],"author":[{"embeddable":true,"href":"https:\/\/kilincadvisory.com\/zh\/wp-json\/wp\/v2\/users\/3"}],"replies":[{"embeddable":true,"href":"https:\/\/kilincadvisory.com\/zh\/wp-json\/wp\/v2\/comments?post=4177"}],"version-history":[{"count":10,"href":"https:\/\/kilincadvisory.com\/zh\/wp-json\/wp\/v2\/pages\/4177\/revisions"}],"predecessor-version":[{"id":4191,"href":"https:\/\/kilincadvisory.com\/zh\/wp-json\/wp\/v2\/pages\/4177\/revisions\/4191"}],"wp:attachment":[{"href":"https:\/\/kilincadvisory.com\/zh\/wp-json\/wp\/v2\/media?parent=4177"}],"curies":[{"name":"wp","href":"https:\/\/api.w.org\/{rel}","templated":true}]}}