{"id":352,"date":"2022-01-20T19:14:10","date_gmt":"2022-01-20T16:14:10","guid":{"rendered":"https:\/\/kilincadvisory.com\/?page_id=352"},"modified":"2024-06-26T13:23:56","modified_gmt":"2024-06-26T10:23:56","slug":"sirketler-hukuku-ve-uyum-hizmetleri","status":"publish","type":"page","link":"https:\/\/kilincadvisory.com\/zh\/sirketler-hukuku-ve-uyum-hizmetleri\/","title":{"rendered":"\u516c\u53f8\u6cd5\u4e0e\u5408\u89c4\u670d\u52a1"},"content":{"rendered":"<div data-elementor-type=\"wp-page\" data-elementor-id=\"352\" class=\"elementor elementor-352\" data-elementor-post-type=\"page\">\n\t\t\t\t\t\t<section class=\"elementor-section elementor-top-section elementor-element elementor-element-1bc65d07 elementor-section-boxed elementor-section-height-default elementor-section-height-default\" data-id=\"1bc65d07\" data-element_type=\"section\" data-e-type=\"section\">\n\t\t\t\t\t\t<div class=\"elementor-container elementor-column-gap-default\">\n\t\t\t\t\t<div class=\"elementor-column elementor-col-100 elementor-top-column elementor-element elementor-element-546278ca\" data-id=\"546278ca\" data-element_type=\"column\" data-e-type=\"column\">\n\t\t\t<div class=\"elementor-widget-wrap elementor-element-populated\">\n\t\t\t\t\t\t<div class=\"elementor-element elementor-element-71d4e8d elementor-widget elementor-widget-text-editor\" data-id=\"71d4e8d\" data-element_type=\"widget\" data-e-type=\"widget\" data-widget_type=\"text-editor.default\">\n\t\t\t\t<div class=\"elementor-widget-container\">\n\t\t\t\t\t\t\t\t\t<p><\/p>\n<ul>\n<li><span style=\"font-weight: 400;\">\u5236\u5b9a\u6709\u5173\u516c\u53f8\u8bbe\u7acb\u3001\u516c\u53f8\u7ba1\u7406\u53ca\u62a5\u544a\u79e9\u5e8f\u7684\u5185\u90e8\u6307\u5f15\uff0c\u4ee5\u53ca\u516c\u53f8\u4ee3\u8868\u6743\u76f8\u5173\u7684\u5185\u90e8\u6307\u5f15\u3002&nbsp;<\/span><\/li>\n<li><span style=\"font-weight: 400;\"> \u4ece\u5b8f\u89c2\u89d2\u5ea6\u8bc4\u4f30\u7eff\u5730\u9879\u76ee\u4e0e\u68d5\u5730\u9879\u76ee\uff0c\u8bbe\u8ba1\u7406\u60f3\u7684\u80a1\u6743\u4e0e\u7ba1\u7406\u7ed3\u6784\u3002&nbsp;<\/span><\/li>\n<li><span style=\"font-weight: 400;\"> \u51c6\u5907\u80a1\u4e1c\u534f\u8bae\uff08SHA\uff09\u3001\u80a1\u4efd\u8d2d\u4e70\u534f\u8bae\u53ca\u8d44\u4ea7\u8d2d\u4e70\u534f\u8bae\uff08SPA\/APA\uff09\uff0c\u5728\u80a1\u4efd\u6536\u8d2d\u8fc7\u7a0b\u4e2d\u8fdb\u884c\u8c08\u5224\uff0c\u8ddf\u8fdb\u7b7e\u7f72\u53ca\u4ea4\u5272\u4e8b\u52a1\u3002&nbsp;<\/span><\/li>\n<li><span style=\"font-weight: 400;\"> \u5728\u53ef\u80fd\u7684\u878d\u8d44\u4ea4\u6613\u4e2d\u4e0e\u8d37\u6b3e\u65b9\u8c08\u5224\u5e76\u51c6\u5907\u8d37\u6b3e\u534f\u8bae\uff0c\u8ddf\u8fdb\u7b7e\u7f72\u4e0e\u4ea4\u5272\u7a0b\u5e8f\u3002&nbsp;<\/span><\/li>\n<li><span style=\"font-weight: 400;\"> \u5bf9\u4e0a\u8ff0\u6d41\u7a0b\u8fdb\u884c\u6cd5\u5f8b\u5ba1\u67e5\u7a0b\u5e8f\uff08\u6cd5\u5f8b\u5c3d\u804c\u8c03\u67e5\uff09<\/span><\/li><li><span style=\"font-weight: 400;\">&nbsp;\u7ba1\u7406\u516c\u5f00\u53d1\u884c\u6d41\u7a0b\uff0c\u5e76\u63d0\u4f9b\u5fc5\u8981\u7684\u6cd5\u5f8b\u652f\u6301<\/span><\/li>\n<\/ul>\t\t\t\t\t\t\t\t<\/div>\n\t\t\t\t<\/div>\n\t\t\t\t\t<\/div>\n\t\t<\/div>\n\t\t\t\t\t<\/div>\n\t\t<\/section>\n\t\t\t\t<\/div>","protected":false},"excerpt":{"rendered":"<p>\u015eirket kurulumu ve buna ba\u011fl\u0131 olarak \u015eirket y\u00f6netim ve raporlama d\u00fczenine ili\u015fkin i\u00e7 y\u00f6nergeler ile \u015firketin temsiline dair y\u00f6nergelerin haz\u0131rlanmas\u0131,&nbsp; Greenfield ve brownfield projelerin ku\u015fbak\u0131\u015f\u0131 de\u011ferlendirilerek ideal pay sahipli\u011fi ve y\u00f6netim yap\u0131lar\u0131n\u0131n tasarlanmas\u0131,&nbsp; Pay sat\u0131n al\u0131m s\u00fcre\u00e7lerinde g\u00fcndeme gelebilecek payda\u015flar s\u00f6zle\u015fmelerinin (SHA) ve pay sat\u0131n al\u0131m s\u00f6zle\u015fmeleri ile varl\u0131k sat\u0131n al\u0131m s\u00f6zle\u015fmelerinin (SPA\/APA) haz\u0131rlanmas\u0131, m\u00fczakere [&hellip;]<\/p>\n","protected":false},"author":1,"featured_media":0,"parent":0,"menu_order":0,"comment_status":"closed","ping_status":"closed","template":"","meta":{"inline_featured_image":false,"footnotes":""},"class_list":["post-352","page","type-page","status-publish","hentry"],"_links":{"self":[{"href":"https:\/\/kilincadvisory.com\/zh\/wp-json\/wp\/v2\/pages\/352","targetHints":{"allow":["GET"]}}],"collection":[{"href":"https:\/\/kilincadvisory.com\/zh\/wp-json\/wp\/v2\/pages"}],"about":[{"href":"https:\/\/kilincadvisory.com\/zh\/wp-json\/wp\/v2\/types\/page"}],"author":[{"embeddable":true,"href":"https:\/\/kilincadvisory.com\/zh\/wp-json\/wp\/v2\/users\/1"}],"replies":[{"embeddable":true,"href":"https:\/\/kilincadvisory.com\/zh\/wp-json\/wp\/v2\/comments?post=352"}],"version-history":[{"count":20,"href":"https:\/\/kilincadvisory.com\/zh\/wp-json\/wp\/v2\/pages\/352\/revisions"}],"predecessor-version":[{"id":2807,"href":"https:\/\/kilincadvisory.com\/zh\/wp-json\/wp\/v2\/pages\/352\/revisions\/2807"}],"wp:attachment":[{"href":"https:\/\/kilincadvisory.com\/zh\/wp-json\/wp\/v2\/media?parent=352"}],"curies":[{"name":"wp","href":"https:\/\/api.w.org\/{rel}","templated":true}]}}