{"id":3149,"date":"2024-10-31T23:03:23","date_gmt":"2024-10-31T20:03:23","guid":{"rendered":"https:\/\/kilincadvisory.com\/?page_id=3149"},"modified":"2024-10-31T23:03:56","modified_gmt":"2024-10-31T20:03:56","slug":"egitim-hizmetleri-2","status":"publish","type":"page","link":"https:\/\/kilincadvisory.com\/zh\/egitim-hizmetleri-2\/","title":{"rendered":"\u57f9\u8bad\u670d\u52a1"},"content":{"rendered":"<div data-elementor-type=\"wp-page\" data-elementor-id=\"3149\" class=\"elementor elementor-3149\" data-elementor-post-type=\"page\">\n\t\t\t\t\t\t<section class=\"elementor-section elementor-top-section elementor-element elementor-element-1bc65d07 elementor-section-boxed elementor-section-height-default elementor-section-height-default\" data-id=\"1bc65d07\" data-element_type=\"section\" data-e-type=\"section\">\n\t\t\t\t\t\t<div class=\"elementor-container elementor-column-gap-default\">\n\t\t\t\t\t<div class=\"elementor-column elementor-col-100 elementor-top-column elementor-element elementor-element-546278ca\" data-id=\"546278ca\" data-element_type=\"column\" data-e-type=\"column\">\n\t\t\t<div class=\"elementor-widget-wrap elementor-element-populated\">\n\t\t\t\t\t\t<div class=\"elementor-element elementor-element-71d4e8d elementor-widget elementor-widget-text-editor\" data-id=\"71d4e8d\" data-element_type=\"widget\" data-e-type=\"widget\" data-widget_type=\"text-editor.default\">\n\t\t\t\t<div class=\"elementor-widget-container\">\n\t\t\t\t\t\t\t\t\t<p>\u6211\u4eec\u53ef\u4ee5\u6839\u636e\u8d35\u673a\u6784\u7684\u9700\u6c42\u63d0\u4f9b\u57f9\u8bad\u670d\u52a1\uff0c\u5305\u62ec\u4f46\u4e0d\u9650\u4e8e\u4ee5\u4e0b\u793a\u4f8b\u4e3b\u9898\uff1a<\/p><p>\u00a0<\/p><ul><li>\u516c\u53f8\u7a0e\u4f18\u60e0\u7684\u7279\u6b8a\u89c4\u5b9a<\/li><li>\u91d1\u878d\u4ea7\u54c1\u53ca\u5176\u6536\u76ca\u7684\u7a0e\u52a1\u5904\u7406<\/li><li>\u6295\u8d44\u57fa\u91d1\u4e0e\u6295\u8d44\u4fe1\u6258\u7684\u7a0e\u52a1\u5b9e\u8df5<\/li><li>\u4ece\u7a0e\u52a1\u6210\u672c\u89d2\u5ea6\u8bc4\u4f30\u6700\u9002\u5408\u7684\u878d\u8d44\u65b9\u5f0f<\/li><li>FATCA \u4e0e CRS \u6cd5\u89c4\u5bf9\u91d1\u878d\u673a\u6784\u53ca\u6295\u8d44\u8005\u7684\u4e49\u52a1<\/li><li>\u91d1\u878d\u673a\u6784\u4f5c\u4e3a\u8d23\u4efb\u65b9\u7684\u7a0e\u52a1\u5b9e\u8df5<\/li><li>\u65b0\u4e00\u4ee3\u91d1\u878d\u4ea7\u54c1\u7684\u7a0e\u52a1\u5904\u7406<\/li><li>\u6b27\u76df\u8fb9\u5883\u78b3\u6392\u653e\u8c03\u6574\u673a\u5236\u5e26\u6765\u7684\u5f71\u54cd\uff08EU Border Carbon Adjustment Mechanism\uff09<\/li><li>\u5730\u65b9\u53ca\u5168\u7403\u6700\u4f4e\u4f01\u4e1a\u7a0e<\/li><li>\u6839\u636e\u300a\u7a0e\u52a1\u7a0b\u5e8f\u6cd5\u300b\u8303\u56f4\u5185\u8fdb\u884c\u7684\u901a\u8d27\u81a8\u80c0\u4f1a\u8ba1\u53ca\u76f8\u5173\u7a0e\u52a1\u540e\u679c<\/li><\/ul>\t\t\t\t\t\t\t\t<\/div>\n\t\t\t\t<\/div>\n\t\t\t\t\t<\/div>\n\t\t<\/div>\n\t\t\t\t\t<\/div>\n\t\t<\/section>\n\t\t\t\t<\/div>","protected":false},"excerpt":{"rendered":"<p>Kurumunuzun ihtiya\u00e7lar\u0131 do\u011frultusunda a\u015fa\u011f\u0131daki \u00f6rnek konularla s\u0131n\u0131rl\u0131 olmamak \u00fczere e\u011fitim hizmetleri sunabiliriz. \u00a0 Kurumlar vergisi istisnalar\u0131nda \u00f6zellik arz eden hususlar Finansal \u00fcr\u00fcnler ve bu \u00fcr\u00fcnlerden elde edilen gelirlerin vergilendirilmesi Yat\u0131r\u0131m fon ve ortakl\u0131klar\u0131nda vergi uygulamalar\u0131 Vergi maliyetleri a\u00e7\u0131s\u0131ndan en uygun finansman y\u00f6nteminin tespiti FATCA ve CRS mevzuat\u0131n\u0131n finansal kurulu\u015f ve yat\u0131r\u0131mc\u0131lara getirdi\u011fi y\u00fck\u00fcml\u00fcl\u00fckler Finansal kurulu\u015flarda [&hellip;]<\/p>\n","protected":false},"author":3,"featured_media":0,"parent":0,"menu_order":0,"comment_status":"closed","ping_status":"closed","template":"","meta":{"inline_featured_image":false,"footnotes":""},"class_list":["post-3149","page","type-page","status-publish","hentry"],"_links":{"self":[{"href":"https:\/\/kilincadvisory.com\/zh\/wp-json\/wp\/v2\/pages\/3149","targetHints":{"allow":["GET"]}}],"collection":[{"href":"https:\/\/kilincadvisory.com\/zh\/wp-json\/wp\/v2\/pages"}],"about":[{"href":"https:\/\/kilincadvisory.com\/zh\/wp-json\/wp\/v2\/types\/page"}],"author":[{"embeddable":true,"href":"https:\/\/kilincadvisory.com\/zh\/wp-json\/wp\/v2\/users\/3"}],"replies":[{"embeddable":true,"href":"https:\/\/kilincadvisory.com\/zh\/wp-json\/wp\/v2\/comments?post=3149"}],"version-history":[{"count":4,"href":"https:\/\/kilincadvisory.com\/zh\/wp-json\/wp\/v2\/pages\/3149\/revisions"}],"predecessor-version":[{"id":3154,"href":"https:\/\/kilincadvisory.com\/zh\/wp-json\/wp\/v2\/pages\/3149\/revisions\/3154"}],"wp:attachment":[{"href":"https:\/\/kilincadvisory.com\/zh\/wp-json\/wp\/v2\/media?parent=3149"}],"curies":[{"name":"wp","href":"https:\/\/api.w.org\/{rel}","templated":true}]}}