{"id":3138,"date":"2024-10-31T22:37:30","date_gmt":"2024-10-31T19:37:30","guid":{"rendered":"https:\/\/kilincadvisory.com\/?page_id=3138"},"modified":"2024-10-31T22:38:30","modified_gmt":"2024-10-31T19:38:30","slug":"yuksek-varlikli-bireyler-ve-ust-duzey-yoneticilere-yonelik-vergi-ve-hukuk-danismanlik-hizmetleri","status":"publish","type":"page","link":"https:\/\/kilincadvisory.com\/zh\/yuksek-varlikli-bireyler-ve-ust-duzey-yoneticilere-yonelik-vergi-ve-hukuk-danismanlik-hizmetleri\/","title":{"rendered":"\u7a0e\u52a1\u4e0e\u6cd5\u5f8b\u54a8\u8be2\u670d\u52a1\uff08\u9762\u5411\u9ad8\u51c0\u503c\u4eba\u58eb\u53ca\u9ad8\u7ea7\u7ba1\u7406\u4eba\u5458\uff09"},"content":{"rendered":"<div data-elementor-type=\"wp-page\" data-elementor-id=\"3138\" class=\"elementor elementor-3138\" data-elementor-post-type=\"page\">\n\t\t\t\t\t\t<section class=\"elementor-section elementor-top-section elementor-element elementor-element-1bc65d07 elementor-section-boxed elementor-section-height-default elementor-section-height-default\" data-id=\"1bc65d07\" data-element_type=\"section\" data-e-type=\"section\">\n\t\t\t\t\t\t<div class=\"elementor-container elementor-column-gap-default\">\n\t\t\t\t\t<div class=\"elementor-column elementor-col-100 elementor-top-column elementor-element elementor-element-546278ca\" data-id=\"546278ca\" data-element_type=\"column\" data-e-type=\"column\">\n\t\t\t<div class=\"elementor-widget-wrap elementor-element-populated\">\n\t\t\t\t\t\t<div class=\"elementor-element elementor-element-71d4e8d elementor-widget elementor-widget-text-editor\" data-id=\"71d4e8d\" data-element_type=\"widget\" data-e-type=\"widget\" data-widget_type=\"text-editor.default\">\n\t\t\t\t<div class=\"elementor-widget-container\">\n\t\t\t\t\t\t\t\t\t<p>\u6211\u4eec\u7684\u8d44\u6df1\u56e2\u961f\u66fe\u4e3a\u94f6\u884c\u53ca\u8bc1\u5238\u516c\u53f8\u7684\u9ad8\u51c0\u503c\u5ba2\u6237\u63d0\u4f9b\u7a0e\u52a1\u4e0e\u6cd5\u5f8b\u54a8\u8be2\u670d\u52a1\uff0c\u5e76\u4e13\u95e8\u4ece\u4e8b\u4e2a\u4eba\u7a0e\u52a1\u53ca\u673a\u6784\u67b6\u6784\u8bbe\u8ba1\uff0c\u80fd\u591f\u4e3a\u79c1\u4eba\u94f6\u884c\u5ba2\u6237\u3001\u9ad8\u7ea7\u7ba1\u7406\u4eba\u5458\u53ca\u5176\u4ed6\u9ad8\u51c0\u503c\u4eba\u58eb\u63d0\u4f9b\u4ee5\u4e0b\u670d\u52a1\uff1a<\/p><ul><li>\u4e0e\u4e2a\u4eba\u5ba2\u6237\u4f1a\u9762\uff0c\u4ece\u7a0e\u52a1\u89d2\u5ea6\u8bc4\u4f30\u5176\u6295\u8d44\u7b56\u7565\uff0c\u5206\u4eab\u6709\u5173\u7a0e\u6536\u8d23\u4efb\u5bf9\u6295\u8d44\u56de\u62a5\u7684\u5f71\u54cd\u7684\u4fe1\u606f\uff0c\u5e76\u63d0\u51fa\u5efa\u8bae\u4ee5\u5c3d\u91cf\u51cf\u5c11\u65b0\u6295\u8d44\u7684\u7a0e\u6536\u6210\u672c\u3002<\/li><li>\u901a\u8fc7\u9762\u5bf9\u9762\u3001\u7535\u8bdd\u6216\u7535\u5b50\u90ae\u4ef6\u65b9\u5f0f\u89e3\u7b54\u4e2a\u4eba\u7684\u7a0e\u52a1\u95ee\u9898\u3002<\/li><li>\u63d0\u4f9b\u8bc1\u5238\u4e0e\u623f\u5730\u4ea7\u6240\u5f97\u7a0e\u52a1\u7684\u54a8\u8be2\u670d\u52a1\uff0c\u5e76\u534f\u52a9\u51c6\u5907\u5e74\u5ea6\u4e2a\u4eba\u6240\u5f97\u7a0e\u7533\u62a5\u3002<\/li><li>\u63d0\u4f9b\u9057\u4ea7\u4e0e\u8d60\u4e0e\u7a0e\u76f8\u5173\u95ee\u9898\u7684\u54a8\u8be2\u3002<\/li><li>\u63d0\u4f9b\u7ee7\u4efb\u8ba1\u5212\u7684\u7a0e\u52a1\u4e0e\u6cd5\u5f8b\u54a8\u8be2\u670d\u52a1\u3002<\/li><li>\u63d0\u4f9b\u56fd\u9645\u7a0e\u52a1\u54a8\u8be2\u53ca\u6cd5\u5f8b\u670d\u52a1\uff0c\u5305\u62ec\u5883\u5916\u516c\u53f8\u3001\u57fa\u91d1\u3001\u4fe1\u6258\u7b49\u67b6\u6784\u7684\u8bbe\u7acb\u6216\u5bf9\u73b0\u6709\u67b6\u6784\u7684\u91cd\u7ec4\u3002<\/li><li>\u63d0\u4f9b\u7a0e\u52a1\u5ba1\u67e5\u8fc7\u7a0b\u4e2d\u7684\u7a0e\u52a1\u4e0e\u6cd5\u5f8b\u670d\u52a1\uff0c\u5e76\u534f\u52a9\u5904\u7406\u540e\u7eed\u53ef\u80fd\u4ea7\u751f\u7684\u4e89\u8bae\u3002<\/li><li>\u4e3a\u6709\u6548\u6267\u884c\u9000\u7a0e\u6d41\u7a0b\u63d0\u4f9b\u6307\u5bfc<\/li><\/ul>\t\t\t\t\t\t\t\t<\/div>\n\t\t\t\t<\/div>\n\t\t\t\t\t<\/div>\n\t\t<\/div>\n\t\t\t\t\t<\/div>\n\t\t<\/section>\n\t\t\t\t<\/div>","protected":false},"excerpt":{"rendered":"<p>Banka ve arac\u0131 kurumlar\u0131n y\u00fcksek varl\u0131kl\u0131 m\u00fc\u015fterilerine vergi ve hukuk dan\u0131\u015fmanl\u0131\u011f\u0131 vermi\u015f olan, bireylerin vergilendirilmesi ve kurumlar\u0131n yap\u0131land\u0131r\u0131lmas\u0131 konusunda uzmanla\u015fm\u0131\u015f k\u0131demli ekibimiz ile \u00f6zel bankac\u0131l\u0131k m\u00fc\u015fterileri, \u00fcst d\u00fczey y\u00f6neticiler ve di\u011fer y\u00fcksek varl\u0131kl\u0131 bireylere y\u00f6nelik olarak a\u015fa\u011f\u0131daki hizmetleri sunabiliriz. Bireyler ile yat\u0131r\u0131m stratejilerini vergisel a\u00e7\u0131dan de\u011ferlendirmek \u00fczere toplant\u0131 yap\u0131larak vergisel y\u00fck\u00fcml\u00fcl\u00fcklerinin yat\u0131r\u0131m getirilerine olan etkisi [&hellip;]<\/p>\n","protected":false},"author":3,"featured_media":0,"parent":0,"menu_order":0,"comment_status":"closed","ping_status":"closed","template":"","meta":{"inline_featured_image":false,"footnotes":""},"class_list":["post-3138","page","type-page","status-publish","hentry"],"_links":{"self":[{"href":"https:\/\/kilincadvisory.com\/zh\/wp-json\/wp\/v2\/pages\/3138","targetHints":{"allow":["GET"]}}],"collection":[{"href":"https:\/\/kilincadvisory.com\/zh\/wp-json\/wp\/v2\/pages"}],"about":[{"href":"https:\/\/kilincadvisory.com\/zh\/wp-json\/wp\/v2\/types\/page"}],"author":[{"embeddable":true,"href":"https:\/\/kilincadvisory.com\/zh\/wp-json\/wp\/v2\/users\/3"}],"replies":[{"embeddable":true,"href":"https:\/\/kilincadvisory.com\/zh\/wp-json\/wp\/v2\/comments?post=3138"}],"version-history":[{"count":4,"href":"https:\/\/kilincadvisory.com\/zh\/wp-json\/wp\/v2\/pages\/3138\/revisions"}],"predecessor-version":[{"id":3142,"href":"https:\/\/kilincadvisory.com\/zh\/wp-json\/wp\/v2\/pages\/3138\/revisions\/3142"}],"wp:attachment":[{"href":"https:\/\/kilincadvisory.com\/zh\/wp-json\/wp\/v2\/media?parent=3138"}],"curies":[{"name":"wp","href":"https:\/\/api.w.org\/{rel}","templated":true}]}}