{"id":3126,"date":"2024-10-31T22:32:22","date_gmt":"2024-10-31T19:32:22","guid":{"rendered":"https:\/\/kilincadvisory.com\/?page_id=3126"},"modified":"2024-10-31T22:33:10","modified_gmt":"2024-10-31T19:33:10","slug":"vergi-ve-kambiyo-mevzuati-danismanlik-hizmetleri","status":"publish","type":"page","link":"https:\/\/kilincadvisory.com\/zh\/vergi-ve-kambiyo-mevzuati-danismanlik-hizmetleri\/","title":{"rendered":"\u7a0e\u52a1\u4e0e\u5916\u6c47\u6cd5\u89c4\u54a8\u8be2\u670d\u52a1"},"content":{"rendered":"<div data-elementor-type=\"wp-page\" data-elementor-id=\"3126\" class=\"elementor elementor-3126\" data-elementor-post-type=\"page\">\n\t\t\t\t\t\t<section class=\"elementor-section elementor-top-section elementor-element elementor-element-1bc65d07 elementor-section-boxed elementor-section-height-default elementor-section-height-default\" data-id=\"1bc65d07\" data-element_type=\"section\" data-e-type=\"section\">\n\t\t\t\t\t\t<div class=\"elementor-container elementor-column-gap-default\">\n\t\t\t\t\t<div class=\"elementor-column elementor-col-100 elementor-top-column elementor-element elementor-element-546278ca\" data-id=\"546278ca\" data-element_type=\"column\" data-e-type=\"column\">\n\t\t\t<div class=\"elementor-widget-wrap elementor-element-populated\">\n\t\t\t\t\t\t<div class=\"elementor-element elementor-element-71d4e8d elementor-widget elementor-widget-text-editor\" data-id=\"71d4e8d\" data-element_type=\"widget\" data-e-type=\"widget\" data-widget_type=\"text-editor.default\">\n\t\t\t\t<div class=\"elementor-widget-container\">\n\t\t\t\t\t\t\t\t\t<p>\u53ef\u5411\u673a\u6784\u63d0\u4f9b\u7a0e\u52a1\u4e0e\u5916\u6c47\u6cd5\u89c4\u65b9\u9762\u7684\u54a8\u8be2\u670d\u52a1\uff0c\u8303\u56f4\u5305\u62ec\u4f46\u4e0d\u9650\u4e8e\u4ee5\u4e0b\u5185\u5bb9\uff1a<\/p><ul><li>\u6301\u7eed\u5e76\u5b9a\u671f\u5411\u8d35\u516c\u53f8\u901a\u62a5\u516c\u53f8\u7a0e\u3001\u6240\u5f97\u7a0e\u3001\u94f6\u884c\u548c\u4fdd\u9669\u4ea4\u6613\u7a0e (BITT)\u3001\u589e\u503c\u7a0e (VAT)\u3001\u5370\u82b1\u7a0e\u3001\u8d44\u6e90\u5229\u7528\u652f\u6301\u57fa\u91d1 (RUSF)\u3001\u571f\u5730\u767b\u8bb0\u8d39\u3001\u9057\u4ea7\u7a0e\u4e0e\u8d60\u4e0e\u7a0e\u3001\u623f\u5730\u4ea7\u7a0e\u3001\u8d35\u91cd\u8d22\u4ea7\u7a0e\u3001\u6570\u5b57\u670d\u52a1\u7a0e\u3001\u5176\u4ed6\u7a0e\u79cd\u3001\u907f\u514d\u53cc\u91cd\u5f81\u7a0e\u534f\u5b9a\u53ca\u5916\u6c47\u6cd5\u89c4\u7684\u6700\u65b0\u52a8\u6001\uff0c\u5e76\u4e3a\u8d35\u516c\u53f8\u51c6\u5907\u4e00\u4efd\u5907\u5fd8\u5f55\uff0c\u5176\u4e2d\u5305\u542b\u6211\u4eec\u5bf9\u8fd9\u4e9b\u76f8\u5173\u4fee\u8ba2\u53ef\u80fd\u5bf9\u8d35\u516c\u53f8\u53ca\u5176\u5b50\u516c\u53f8\u4ea7\u751f\u7684\u5f71\u54cd\u7684\u8bc4\u4f30\uff1b<\/li><li>\u5c31\u8d35\u516c\u53f8\u53ca\u5176\u5b50\u516c\u53f8\u7684\u7a0e\u52a1\u3001\u4f1a\u8ba1\u53ca\u4e1a\u52a1\u90e8\u95e8\u5728\u7a0e\u52a1\u4e0e\u5916\u6c47\u6cd5\u89c4\u8303\u56f4\u5185\u63d0\u51fa\u7684\u95ee\u9898\uff0c\u63d0\u4f9b\u4e66\u9762\u4e0e\u53e3\u5934\u7b54\u590d\uff0c\u5e76\u53ec\u5f00\u4f1a\u8bae\u4ee5\u6d88\u9664\u7591\u95ee\uff1b<\/li><li>\u53c2\u52a0\u6bcf\u6708\u7684\u7a0e\u52a1\u4f1a\u8bae\uff0c\u8ba8\u8bba\u7a0e\u6536\u4e0e\u5916\u6c47\u6cd5\u89c4\u7684\u6700\u65b0\u53d1\u5c55\u4ee5\u53ca\u8d35\u516c\u53f8\u7a0e\u52a1\u56e2\u961f\u7684\u76f8\u5173\u95ee\u9898\uff1b<\/li><li>\u5ba1\u67e5\u6307\u5b9a\u671f\u95f4\u5185\u7684\u9884\u7f34\u7a0e\u53ca\u4f01\u4e1a\u6240\u5f97\u7a0e\u8ba1\u7b97\uff1b<\/li><li>\u63d0\u4f9b\u300a\u7a0e\u52a1\u7a0b\u5e8f\u6cd5\u300b\u89c4\u5b9a\u7684\u901a\u8d27\u81a8\u80c0\u4f1a\u8ba1\u8303\u56f4\u5185\u7684\u76f8\u5173\u54a8\u8be2\u670d\u52a1\uff1b<\/li><li>\u63d0\u4f9b\u6709\u5173 FATCA\uff08\u6d77\u5916\u8d26\u6237\u7eb3\u7a0e\u6cd5\u6848\uff09 \u548c CRS\uff08\u5171\u540c\u7533\u62a5\u51c6\u5219\uff09 \u7684\u54a8\u8be2\u4e0e\u57f9\u8bad\u670d\u52a1\u3002<\/li><\/ul>\t\t\t\t\t\t\t\t<\/div>\n\t\t\t\t<\/div>\n\t\t\t\t\t<\/div>\n\t\t<\/div>\n\t\t\t\t\t<\/div>\n\t\t<\/section>\n\t\t\t\t<\/div>","protected":false},"excerpt":{"rendered":"<p>Kurumlara y\u00f6nelik olarak a\u015fa\u011f\u0131daki kapsamla s\u0131n\u0131rl\u0131 olmamak \u00fczere vergi ve kambiyo mevzuat\u0131 dan\u0131\u015fmanl\u0131k hizmetleri sunulabilecektir. Kurumlar vergisi, gelir vergisi, BSMV, KDV, damga vergisi, KKDF, tapu harc\u0131, veraset ve intikal vergisi, emlak vergisi, de\u011ferli konut vergisi, dijital hizmet vergisi, di\u011fer vergiler, \u00e7ifte vergilendirmeyi \u00f6nleme anla\u015fmalar\u0131 ve kambiyo mevzuat\u0131ndaki geli\u015fmeler ile ilgili olarak s\u00fcrekli ve d\u00fczenli olarak [&hellip;]<\/p>\n","protected":false},"author":3,"featured_media":0,"parent":0,"menu_order":0,"comment_status":"closed","ping_status":"closed","template":"","meta":{"inline_featured_image":false,"footnotes":""},"class_list":["post-3126","page","type-page","status-publish","hentry"],"_links":{"self":[{"href":"https:\/\/kilincadvisory.com\/zh\/wp-json\/wp\/v2\/pages\/3126","targetHints":{"allow":["GET"]}}],"collection":[{"href":"https:\/\/kilincadvisory.com\/zh\/wp-json\/wp\/v2\/pages"}],"about":[{"href":"https:\/\/kilincadvisory.com\/zh\/wp-json\/wp\/v2\/types\/page"}],"author":[{"embeddable":true,"href":"https:\/\/kilincadvisory.com\/zh\/wp-json\/wp\/v2\/users\/3"}],"replies":[{"embeddable":true,"href":"https:\/\/kilincadvisory.com\/zh\/wp-json\/wp\/v2\/comments?post=3126"}],"version-history":[{"count":4,"href":"https:\/\/kilincadvisory.com\/zh\/wp-json\/wp\/v2\/pages\/3126\/revisions"}],"predecessor-version":[{"id":3130,"href":"https:\/\/kilincadvisory.com\/zh\/wp-json\/wp\/v2\/pages\/3126\/revisions\/3130"}],"wp:attachment":[{"href":"https:\/\/kilincadvisory.com\/zh\/wp-json\/wp\/v2\/media?parent=3126"}],"curies":[{"name":"wp","href":"https:\/\/api.w.org\/{rel}","templated":true}]}}