{"id":3120,"date":"2024-10-31T22:28:42","date_gmt":"2024-10-31T19:28:42","guid":{"rendered":"https:\/\/kilincadvisory.com\/?page_id=3120"},"modified":"2024-11-03T01:45:33","modified_gmt":"2024-11-02T22:45:33","slug":"yeminli-mali-musavirlik-tasdik-ve-tespit-raporu-hizmetleri","status":"publish","type":"page","link":"https:\/\/kilincadvisory.com\/zh\/yeminli-mali-musavirlik-tasdik-ve-tespit-raporu-hizmetleri\/","title":{"rendered":"\u5ba3\u8a93\u6ce8\u518c\u4f1a\u8ba1\u5e08\u8ba4\u8bc1\u670d\u52a1"},"content":{"rendered":"<div data-elementor-type=\"wp-page\" data-elementor-id=\"3120\" class=\"elementor elementor-3120\" data-elementor-post-type=\"page\">\n\t\t\t\t\t\t<section class=\"elementor-section elementor-top-section elementor-element elementor-element-1bc65d07 elementor-section-boxed elementor-section-height-default elementor-section-height-default\" data-id=\"1bc65d07\" data-element_type=\"section\" data-e-type=\"section\">\n\t\t\t\t\t\t<div class=\"elementor-container elementor-column-gap-default\">\n\t\t\t\t\t<div class=\"elementor-column elementor-col-100 elementor-top-column elementor-element elementor-element-546278ca\" data-id=\"546278ca\" data-element_type=\"column\" data-e-type=\"column\">\n\t\t\t<div class=\"elementor-widget-wrap elementor-element-populated\">\n\t\t\t\t\t\t<div class=\"elementor-element elementor-element-71d4e8d elementor-widget elementor-widget-text-editor\" data-id=\"71d4e8d\" data-element_type=\"widget\" data-e-type=\"widget\" data-widget_type=\"text-editor.default\">\n\t\t\t\t<div class=\"elementor-widget-container\">\n\t\t\t\t\t\t\t\t\t<p>\u5728\u300a\u7b2c3568\u53f7\u6cd5\u300b\u53ca\u76f8\u5173\u6cd5\u89c4\u7684\u8303\u56f4\u5185\uff0c\u53ef\u4ee3\u8868\u8d35\u516c\u53f8\u53ca\u5176\u5173\u8054\u4f01\u4e1a\u51fa\u5177\u4ee5\u4e0b\u5ba3\u8a93\u6ce8\u518c\u4f1a\u8ba1\u5e08\u62a5\u544a\u3002<\/p><ul><li>\u4f01\u4e1a\u7eb3\u7a0e\u7533\u62a5\u8868\u53ca\u5176\u9644\u8868\uff08\u5168\u5957\u8ba4\u8bc1\uff09\u670d\u52a1\uff0c<\/li><li>\u514d\u7a0e\u6536\u5165\u8ba4\u8bc1\u670d\u52a1<ul><li>\u6839\u636e\u300a\u516c\u53f8\u7a0e\u6cd5\u300b\u7b2c5\/1-(e)\u6761\u89c4\u5b9a\u7684\u514d\u7a0e\u6536\u5165<\/li><li>\u6839\u636e\u300a\u516c\u53f8\u7a0e\u6cd5\u300b\u7b2c5\/1-(f)\u6761\u89c4\u5b9a\u7684\u514d\u7a0e\u6536\u5165<\/li><li>\u6295\u8d44\u6fc0\u52b1\u8c41\u514d<\/li><\/ul><\/li><\/ul><p>\u00a0<\/p><ul><li>\u5b9e\u6536\u8d44\u672c\u8bc4\u4f30\u3001\u53ef\u8f6c\u589e\u8d44\u672c\u7684\u5185\u90e8\u8d44\u6e90\u8bc4\u4f30\u53ca\u5bf9\u80a1\u4e1c\u503a\u52a1\u8bc4\u4f30\u62a5\u544a\u670d\u52a1<\/li><li>\u7279\u6b8a\u76ee\u7684\u5ba3\u8a93\u6ce8\u518c\u4f1a\u8ba1\u5e08\u62a5\u544a\u670d\u52a1<ul><li>\u5728\u516c\u53f8\u6536\u8d2d\u3001\u5408\u5e76\u53ca\u5206\u7acb\u60c5\u51b5\u4e0b\u51fa\u5177\u7684\u80a1\u4e1c\u6743\u76ca\u8bc4\u4f30\u62a5\u544a<\/li><li>\u5728\u51cf\u8d44\u8fc7\u7a0b\u4e2d\u51fa\u5177\u5bf9\u503a\u6743\u4eba\u6743\u76ca\u672a\u53d7\u635f\u5bb3\u7684\u8ba4\u8bc1\u62a5\u544a<\/li><li>\u9000\u8fd8\u591a\u7f34\u53ca\u8bef\u7f34\u7a0e\u6b3e\u8fc7\u7a0b\u4e2d\u6240\u9700\u8981\u51fa\u5177\u7684\u62a5\u544a<\/li><li>\u6839\u636e2022\u5e746\u670824\u65e5\u7b2c10250\u53f7\u94f6\u884c\u76d1\u7ba1\u4e0e\u76d1\u7763\u673a\u6784\uff08BRSA\uff09\u51b3\u8bae\uff0c\u94f6\u884c\u8981\u6c42\u51fa\u5177\u7684\u571f\u8033\u5176\u91cc\u62c9\u8d37\u6b3e\u6ce8\u518c\u4f1a\u8ba1\u5e08\uff08CPA\uff09\u62a5\u544a\u670d\u52a1\u3002<\/li><\/ul><\/li><\/ul>\t\t\t\t\t\t\t\t<\/div>\n\t\t\t\t<\/div>\n\t\t\t\t\t<\/div>\n\t\t<\/div>\n\t\t\t\t\t<\/div>\n\t\t<\/section>\n\t\t\t\t<\/div>","protected":false},"excerpt":{"rendered":"<p>3568 say\u0131l\u0131 Kanun ve ilgili mevzuat \u00e7er\u00e7evesinde kurumlar ad\u0131na a\u015fa\u011f\u0131da yer verilen yeminli mali m\u00fc\u015favirlik raporlar\u0131 d\u00fczenlenebilecektir. Kurumlar vergisi beyannamesi ve eklerinin tasdiki (tam tasdik) hizmetleri \u0130stisna kazan\u00e7 tasdiki hizmetleri Kurumlar Vergisi Kanunu\u2019nun 5\/1-(e) maddesi kapsam\u0131nda istisna kazan\u00e7lar Kurumlar Vergisi Kanunu\u2019nun 5\/1-(f) maddesi kapsam\u0131nda istisna kazan\u00e7lar Yat\u0131r\u0131m indirimi istisnas\u0131 \u00a0 Sermayenin \u00f6dendi\u011finin tespiti, sermayeye ilave [&hellip;]<\/p>\n","protected":false},"author":3,"featured_media":0,"parent":0,"menu_order":0,"comment_status":"closed","ping_status":"closed","template":"","meta":{"inline_featured_image":false,"footnotes":""},"class_list":["post-3120","page","type-page","status-publish","hentry"],"_links":{"self":[{"href":"https:\/\/kilincadvisory.com\/zh\/wp-json\/wp\/v2\/pages\/3120","targetHints":{"allow":["GET"]}}],"collection":[{"href":"https:\/\/kilincadvisory.com\/zh\/wp-json\/wp\/v2\/pages"}],"about":[{"href":"https:\/\/kilincadvisory.com\/zh\/wp-json\/wp\/v2\/types\/page"}],"author":[{"embeddable":true,"href":"https:\/\/kilincadvisory.com\/zh\/wp-json\/wp\/v2\/users\/3"}],"replies":[{"embeddable":true,"href":"https:\/\/kilincadvisory.com\/zh\/wp-json\/wp\/v2\/comments?post=3120"}],"version-history":[{"count":10,"href":"https:\/\/kilincadvisory.com\/zh\/wp-json\/wp\/v2\/pages\/3120\/revisions"}],"predecessor-version":[{"id":3508,"href":"https:\/\/kilincadvisory.com\/zh\/wp-json\/wp\/v2\/pages\/3120\/revisions\/3508"}],"wp:attachment":[{"href":"https:\/\/kilincadvisory.com\/zh\/wp-json\/wp\/v2\/media?parent=3120"}],"curies":[{"name":"wp","href":"https:\/\/api.w.org\/{rel}","templated":true}]}}