{"id":2764,"date":"2024-06-26T11:44:12","date_gmt":"2024-06-26T08:44:12","guid":{"rendered":"https:\/\/kilincadvisory.com\/?page_id=2764"},"modified":"2024-06-26T13:16:54","modified_gmt":"2024-06-26T10:16:54","slug":"gumruk-hizmetleri","status":"publish","type":"page","link":"https:\/\/kilincadvisory.com\/zh\/gumruk-hizmetleri\/","title":{"rendered":"\u6d77\u5173\u670d\u52a1"},"content":{"rendered":"<div data-elementor-type=\"wp-page\" data-elementor-id=\"2764\" class=\"elementor elementor-2764\" data-elementor-post-type=\"page\">\n\t\t\t\t\t\t<section class=\"elementor-section elementor-top-section elementor-element elementor-element-1bc65d07 elementor-section-boxed elementor-section-height-default elementor-section-height-default\" data-id=\"1bc65d07\" data-element_type=\"section\" data-e-type=\"section\">\n\t\t\t\t\t\t<div class=\"elementor-container elementor-column-gap-default\">\n\t\t\t\t\t<div class=\"elementor-column elementor-col-100 elementor-top-column elementor-element elementor-element-546278ca\" data-id=\"546278ca\" data-element_type=\"column\" data-e-type=\"column\">\n\t\t\t<div class=\"elementor-widget-wrap elementor-element-populated\">\n\t\t\t\t\t\t<div class=\"elementor-element elementor-element-71d4e8d elementor-widget elementor-widget-text-editor\" data-id=\"71d4e8d\" data-element_type=\"widget\" data-e-type=\"widget\" data-widget_type=\"text-editor.default\">\n\t\t\t\t<div class=\"elementor-widget-container\">\n\t\t\t\t\t\t\t\t\t<p>\u5982\u4eca\uff0c\u4ece\u4e8b\u5bf9\u5916\u8d38\u6613\u7684\u4f01\u4e1a\u5bf9\u6d77\u5173\u548c\u5916\u8d38\u6cd5\u89c4\u7684\u4e49\u52a1\u5e76\u4e0d\u4ec5\u4ec5\u968f\u7740\u8d27\u7269\u7684\u8fdb\u53e3\u6216\u51fa\u53e3\u8fc7\u7a0b\u7684\u5b8c\u6210\u800c\u7ed3\u675f\u3002<\/p>\n<p>\u5728\u6d77\u5173\u7ba1\u7406\u90e8\u95e8\u5f00\u5c55\u7684\u68c0\u67e5\u4e0e\u63a7\u5236\u8fc7\u7a0b\u4e2d\uff0c\u6d89\u53ca\u8ba4\u8bc1\u7ecf\u8425\u8005\u8d44\u683c\u3001\u4e8b\u540e\u76d1\u7ba1\u3001\u884c\u4e1a\u6027\u6d77\u5173\u68c0\u67e5\u3001\u56e0\u6d77\u5173\u7ba1\u7406\u90e8\u95e8\u7684\u68c0\u67e5\u7ed3\u679c\u800c\u4f5c\u51fa\u7684\u8ffd\u52a0\u5f81\u6536\u548c\u7f5a\u6b3e\u51b3\u5b9a\u800c\u5f15\u53d1\u7684\u884c\u653f\u5f02\u8bae\u4e0e\u548c\u89e3\u7a0b\u5e8f\u3001\u6839\u636e\u300a\u7b2c5607\u53f7\u53cd\u8d70\u79c1\u6cd5\u300b\u5f00\u5c55\u7684\u884c\u653f\u6d77\u5173\u6848\u4ef6\u548c\u53f8\u6cd5\u6848\u4ef6\uff0c\u4ee5\u53ca\u8fdb\u51fa\u53e3\u4ea4\u6613\u4e2d\u6d89\u53ca\u7684\u5916\u6c47\u7ba1\u7406\u5408\u89c4\u7b49\u4e8b\u9879\uff0c\u5747\u8981\u6c42\u8d23\u4efb\u65b9\u5728\u65e5\u5e38\u7684\u6d77\u5173\u548c\u5bf9\u5916\u8d38\u6613\u64cd\u4f5c\u6d3b\u52a8\u4e4b\u5916\uff0c\u8fd8\u9700\u63a5\u53d7\u5728\u8be5\u9886\u57df\u4e13\u4e1a\u7684\u6cd5\u5f8b\u54a8\u8be2\u670d\u52a1\u3002<\/p>\n<p>\u5728\u6b64\u80cc\u666f\u4e0b\uff0c\u6211\u4eec\u4e3a\u5ba2\u6237\u63d0\u4f9b\u670d\u52a1\uff0c\u5e2e\u52a9\u89e3\u51b3\u5ba2\u6237\u5728\u6d77\u5173\u548c\u5bf9\u5916\u8d38\u6613\u6cd5\u89c4\u6846\u67b6\u4e0b\u53ef\u80fd\u51fa\u73b0\u7684\u95ee\u9898\u3002<\/p>\n<p><strong>\u6d77\u5173\u53ca\u5bf9\u5916\u8d38\u6613\u54a8\u8be2\u4e0e\u4e89\u8bae\u89e3\u51b3\u670d\u52a1<\/strong><\/p>\n<ul>\n<li>\u51c6\u5907\u6709\u5173\u6d77\u5173\u548c\u5bf9\u5916\u8d38\u6613\u6cd5\u89c4\u7684\u6cd5\u5f8b\u610f\u89c1\uff0c<\/li>\n<li>\u6d77\u5173\u7a0b\u5e8f\u5408\u89c4\u5ba1\u8ba1\uff08\u6d77\u5173\u68c0\u67e5\uff09\uff0c<\/li>\n<li>\u540e\u671f\u76d1\u7ba1\uff08\u6d77\u5173\u5ba1\u67e5\uff09\u54a8\u8be2\uff0c<\/li>\n<li>\u9488\u5bf9\u8ffd\u52a0\u5f81\u6536\u53ca\u7f5a\u6b3e\u51b3\u5b9a\u63d0\u51fa\u884c\u653f\u5f02\u8bae\u7684\u51c6\u5907<\/li>\n<li>\u7ba1\u7406\u6d77\u5173\u548c\u89e3\u6d41\u7a0b\uff0c<\/li>\n<li>\u8d77\u8349\u6d77\u5173\u6848\u4ef6\u7533\u8bf7\u4e66\uff0c\u8ddf\u8fdb\u6848\u4ef6\u5e76\u63d0\u51fa\u4e13\u4e1a\u6cd5\u5f8b\u610f\u89c1\uff0c<\/li>\n<li>\u8ddf\u8fdb\u6839\u636e\u300a\u7b2c5607\u53f7\u53cd\u8d70\u79c1\u6cd5\u300b\u63d0\u8d77\u7684\u6848\u4ef6\uff0c<\/li>\n<li>\u6d77\u5173\u7533\u62a5\uff08\u4fdd\u7559\u7533\u62a5\uff09\u53ca\u7279\u6b8a\u4ef7\u503c\u7533\u62a5\u7684\u529e\u7406\uff0c<\/li>\n<li>\u5916\u6c47\u6cd5\u89c4\u8303\u56f4\u5185\u7684\u54a8\u8be2\u670d\u52a1\u3002<\/li>\n<\/ul>\t\t\t\t\t\t\t\t<\/div>\n\t\t\t\t<\/div>\n\t\t\t\t\t<\/div>\n\t\t<\/div>\n\t\t\t\t\t<\/div>\n\t\t<\/section>\n\t\t\t\t<\/div>","protected":false},"excerpt":{"rendered":"<p>D\u0131\u015f ticaret i\u015flemleri yapan i\u015fletmelerin g\u00fcmr\u00fck ve d\u0131\u015f ticaret mevzuat\u0131 kar\u015f\u0131s\u0131ndaki y\u00fck\u00fcml\u00fcl\u00fckleri g\u00fcn\u00fcm\u00fczde sadece e\u015fyan\u0131n ithalat veya ihracat s\u00fcre\u00e7lerinin tamamlanmas\u0131 ile sona ermemektedir. Yetkilendirilmi\u015f Y\u00fck\u00fcml\u00fc Stat\u00fcs\u00fc, sonradan kontrol, sekt\u00f6rel g\u00fcmr\u00fck incelemeleri, g\u00fcmr\u00fck idaresi taraf\u0131ndan yap\u0131lan denetim ve kontroller sonucunda d\u00fczenlenen ek tahakkuk ve para cezas\u0131 kararlar\u0131 kapsam\u0131ndaki idari itiraz ve uzla\u015fma s\u00fcre\u00e7leri, idari g\u00fcmr\u00fck davalar\u0131 [&hellip;]<\/p>\n","protected":false},"author":3,"featured_media":0,"parent":0,"menu_order":0,"comment_status":"closed","ping_status":"closed","template":"","meta":{"inline_featured_image":false,"footnotes":""},"class_list":["post-2764","page","type-page","status-publish","hentry"],"_links":{"self":[{"href":"https:\/\/kilincadvisory.com\/zh\/wp-json\/wp\/v2\/pages\/2764","targetHints":{"allow":["GET"]}}],"collection":[{"href":"https:\/\/kilincadvisory.com\/zh\/wp-json\/wp\/v2\/pages"}],"about":[{"href":"https:\/\/kilincadvisory.com\/zh\/wp-json\/wp\/v2\/types\/page"}],"author":[{"embeddable":true,"href":"https:\/\/kilincadvisory.com\/zh\/wp-json\/wp\/v2\/users\/3"}],"replies":[{"embeddable":true,"href":"https:\/\/kilincadvisory.com\/zh\/wp-json\/wp\/v2\/comments?post=2764"}],"version-history":[{"count":16,"href":"https:\/\/kilincadvisory.com\/zh\/wp-json\/wp\/v2\/pages\/2764\/revisions"}],"predecessor-version":[{"id":2804,"href":"https:\/\/kilincadvisory.com\/zh\/wp-json\/wp\/v2\/pages\/2764\/revisions\/2804"}],"wp:attachment":[{"href":"https:\/\/kilincadvisory.com\/zh\/wp-json\/wp\/v2\/media?parent=2764"}],"curies":[{"name":"wp","href":"https:\/\/api.w.org\/{rel}","templated":true}]}}