{"id":251,"date":"2021-11-15T12:04:08","date_gmt":"2021-11-15T09:04:08","guid":{"rendered":"https:\/\/kilincadvisory.com\/?page_id=251"},"modified":"2025-10-06T10:59:57","modified_gmt":"2025-10-06T07:59:57","slug":"transfer-fiyatlandirmasi-hizmetleri","status":"publish","type":"page","link":"https:\/\/kilincadvisory.com\/zh\/transfer-fiyatlandirmasi-hizmetleri\/","title":{"rendered":"\u8f6c\u8ba9\u5b9a\u4ef7\u6587\u4ef6\u670d\u52a1"},"content":{"rendered":"<div data-elementor-type=\"wp-page\" data-elementor-id=\"251\" class=\"elementor elementor-251\" data-elementor-post-type=\"page\">\n\t\t\t\t\t\t<section class=\"elementor-section elementor-top-section elementor-element elementor-element-1e493a94 elementor-section-boxed elementor-section-height-default elementor-section-height-default\" data-id=\"1e493a94\" data-element_type=\"section\" data-e-type=\"section\">\n\t\t\t\t\t\t<div class=\"elementor-container elementor-column-gap-default\">\n\t\t\t\t\t<div class=\"elementor-column elementor-col-100 elementor-top-column elementor-element elementor-element-4e0853b5\" data-id=\"4e0853b5\" data-element_type=\"column\" data-e-type=\"column\">\n\t\t\t<div class=\"elementor-widget-wrap elementor-element-populated\">\n\t\t\t\t\t\t<div class=\"elementor-element elementor-element-4e9e924d elementor-widget elementor-widget-text-editor\" data-id=\"4e9e924d\" data-element_type=\"widget\" data-e-type=\"widget\" data-widget_type=\"text-editor.default\">\n\t\t\t\t<div class=\"elementor-widget-container\">\n\t\t\t\t\t\t\t\t\t<p><\/p>\n<p><span style=\"font-weight: 400;\"> \u6211\u4eec\u7684\u8f6c\u8ba9\u5b9a\u4ef7\u670d\u52a1\u901a\u8fc7\u6218\u7565\u6027\u6587\u4ef6\u652f\u6301\u4f01\u4e1a\u7684\u8f6c\u8ba9\u5b9a\u4ef7\u653f\u7b56\uff0c\u5e76\u534f\u52a9\u89e3\u51b3\u76f8\u5173\u7a0e\u52a1\u4e89\u8bae\u3002 <\/span><\/p>\n<p><strong>\u6211\u4eec\u63d0\u4f9b\u7684\u4e3b\u8981\u670d\u52a1\u5305\u62ec\uff1a&nbsp;<\/strong><\/p>\n<ul>\n<li><span style=\"font-weight: 400;\"> \u5ba1\u67e5\u6240\u6709\u5173\u8054\u65b9\u4ea4\u6613\uff0c\u5e76\u8bc4\u4f30\u516c\u53f8\u7684\u8f6c\u8ba9\u5b9a\u4ef7\u653f\u7b56\uff0c&nbsp;<\/span><\/li>\n<li><span style=\"font-weight: 400;\"> \u5206\u6790\u6240\u83b7\u5229\u6da6\u548c\u76f8\u5173\u4ea4\u6613\u7684\u4ef7\u683c\uff08\u901a\u8fc7\u7ecf\u6d4e\u5206\u6790\u548c\u6570\u636e\u5e93\u7814\u7a76\u786e\u5b9a\u8f6c\u8ba9\u5b9a\u4ef7\u7684\u5229\u6da6\u7387\u3001\u8bb8\u53ef\u8d39\u7387\u3001\u5229\u7387\u3001\u4ef7\u683c\u7b49\uff09\uff0c&nbsp;<\/span><\/li>\n<li><span style=\"font-weight: 400;\"> \u6839\u636e\u516c\u53f8\u5c65\u884c\u7684\u804c\u80fd\u548c\u627f\u62c5\u7684\u98ce\u9669\u8303\u56f4\u5185\uff0c\u786e\u5b9a\u5173\u8054\u4ea4\u6613\u6027\u8d28\u6700\u9002\u5408\u7684\u8f6c\u8ba9\u5b9a\u4ef7\u65b9\u6cd5\uff0c&nbsp;<\/span><\/li>\n<li><span style=\"font-weight: 400;\"> \u5ba1\u67e5\u4e0e\u5173\u8054\u65b9\u4ea4\u6613\u76f8\u5173\u7684\u5408\u540c\uff0c\u4ea4\u6613\u6761\u6b3e\u548c\u6761\u4ef6\uff0c<\/span><\/li>\n<li><span style=\"font-weight: 400;\"> \u5728\u7a0e\u52a1\u68c0\u67e5\u540e\uff0c\u4ece\u6cd5\u5f8b\u548c\u5b9e\u8df5\u7684\u89d2\u5ea6\u5206\u6790\u68c0\u67e5\u62a5\u544a\uff0c\u4e3a\u516c\u53f8\u73b0\u9636\u6bb5\u5e94\u91c7\u53d6\u7684\u7b56\u7565\u63d0\u4f9b\u5efa\u8bae\uff0c\u5e76\u5728\u540e\u7eed\u7684\u548c\u89e3\u53ca\u8bc9\u8bbc\u8fc7\u7a0b\u4e2d\u63d0\u4f9b\u652f\u6301\u3002&nbsp;<\/span><\/li>\n<li><span style=\"font-weight: 400;\">\u5728\u6211\u4eec\u7684\u7a0e\u52a1\u4e89\u8bae\u89e3\u51b3\u670d\u52a1\u8303\u56f4\u5185\uff0c\u7ba1\u7406\u7a0e\u52a1\u53ca\u8f6c\u8ba9\u5b9a\u4ef7\u8c03\u67e5\uff0c\u5e76\u5728\u8c03\u89e3\u548c\u8bc9\u8bbc\u8fc7\u7a0b\u4e2d\u63d0\u4f9b\u54a8\u8be2\u670d\u52a1\uff1b<\/span><\/li><li><span style=\"font-weight: 400;\">\u5bf9\u8de8\u56fd\u4f01\u4e1a\u5728OECD\nBEPS\u884c\u52a8\u8ba1\u5212\u8303\u56f4\u5185\u53ef\u80fd\u4ea7\u751f\u7684\u8d22\u52a1\u53d8\u52a8\u53ca\u5f71\u54cd\u8fdb\u884c\u5206\u6790\u3002<\/span><\/li>\n<\/ul>\n<p><\/p>\t\t\t\t\t\t\t\t<\/div>\n\t\t\t\t<\/div>\n\t\t\t\t<div class=\"elementor-element elementor-element-60f6411 elementor-widget elementor-widget-text-editor\" data-id=\"60f6411\" data-element_type=\"widget\" data-e-type=\"widget\" data-widget_type=\"text-editor.default\">\n\t\t\t\t<div class=\"elementor-widget-container\">\n\t\t\t\t\t\t\t\t\t<p><\/p>\n<p><b>\u6587\u4ef6\u670d\u52a1\u4e3b\u8981\u5305\u62ec\uff1a<\/b><span style=\"font-weight: 400;\">\u00a0<\/span><\/p>\n<ul>\n<li><span style=\"font-weight: 400;\"> \u5e74\u5ea6\u8f6c\u8ba9\u5b9a\u4ef7\u8868<\/span><\/li>\n<li><span style=\"font-weight: 400;\">\u5e74\u5ea6\u8f6c\u8ba9\u5b9a\u4ef7\u62a5\u544a\u53ca\u4e3b\u6587\u4ef6\uff08Masterfile\uff09<\/span><\/li>\n<li><span style=\"font-weight: 400;\">\u4e3a\u8de8\u56fd\u4f01\u4e1a\u51c6\u5907\u548c\u63d0\u4ea4\u56fd\u522b\u62a5\u544a\uff08CbCR\uff09\u00a0<\/span><\/li>\n<li><span style=\"font-weight: 400;\"> \u6839\u636e\u7b2c6728\u53f7\u6cd5\u5f8b\u5bf9\u300a5520\u53f7\u516c\u53f8\u7a0e\u6cd5\u300b\u7b2c13\u6761\u6240\u4f5c\u7684\u4fee\u8ba2\uff0c\u89c4\u5b9a\u5373\u4f7f\u5728\u53ef\u80fd\u7684\u7a0e\u52a1\u68c0\u67e5\u4e2d\u56e0\u9690\u533f\u5229\u6da6\u5206\u914d\u800c\u53d7\u5230\u8d28\u7591\uff0c\u53ea\u8981\u7eb3\u7a0e\u4eba\u5b8c\u6574\u4e14\u6309\u65f6\u5c65\u884c\u5176\u8f6c\u8ba9\u5b9a\u4ef7\u6587\u4ef6\u4e49\u52a1\uff0c\u76f8\u5173\u7684\u7a0e\u6536\u7f5a\u6b3e\u4e5f\u5c06\u51cf\u514d50%\u3002\u00a0<\/span><\/li>\n<li><span style=\"font-weight: 400;\"> \u4e0e\u6b64\u540c\u65f6\uff0c\u8f6c\u8ba9\u5b9a\u4ef7\u6587\u4ef6\u4e5f\u662f\u91cd\u8981\u7684\u5408\u89c4\u9632\u5fa1\u5de5\u5177\uff0c\u4e0d\u4ec5\u6709\u52a9\u4e8e\u7eb3\u7a0e\u4eba\u63d0\u524d\u5e94\u5bf9\u53ef\u80fd\u5f00\u5c55\u7684\u5173\u8054\u4ea4\u6613\u8ffd\u6eaf\u6027\u5ba1\u67e5\uff08\u8be5\u7c7b\u5ba1\u67e5\u901a\u5e38\u5728\u65f6\u95f4\u548c\u6210\u672c\u65b9\u9762\u90fd\u6781\u5177\u6311\u6218\uff09\uff0c\u4ea6\u53ef\u4f5c\u4e3a\u4f01\u4e1a\u6301\u7eed\u6267\u884c\u4e00\u81f4\u6027\u8f6c\u8ba9\u5b9a\u4ef7\u653f\u7b56\u7684\u6709\u529b\u8bc1\u660e\u3002<\/span><\/li>\n<\/ul>\n<p><\/p>\t\t\t\t\t\t\t\t<\/div>\n\t\t\t\t<\/div>\n\t\t\t\t\t<\/div>\n\t\t<\/div>\n\t\t\t\t\t<\/div>\n\t\t<\/section>\n\t\t\t\t<\/div>","protected":false},"excerpt":{"rendered":"<p>Transfer fiyatland\u0131rmas\u0131 hizmetleri \u00e7ok uluslu i\u015fletmelerin transfer fiyatland\u0131rmas\u0131 yap\u0131lar\u0131n\u0131n analiz edildi\u011fi planlama \u00e7al\u0131\u015fmalar\u0131 ve d\u00f6k\u00fcmantasyon \u00e7al\u0131\u015fmalar\u0131 olarak iki ana ba\u015fl\u0131k alt\u0131nda birle\u015fmektedir. Planlama \u00e7al\u0131\u015fmalar\u0131;&nbsp; Vergisel ve operasyonel yeniden yap\u0131land\u0131rma projeleri kapsam\u0131nda transfer fiyatland\u0131rmas\u0131 analizleri, bilan\u00e7o analizleri, finansman ve grup i\u00e7i ve grup d\u0131\u015f\u0131 kurumsal kaynak planlamas\u0131 analizleri,&nbsp; Proje bazl\u0131 transfer fiyatland\u0131rmas\u0131 i\u00e7 departman y\u00f6netimi, kurulumu,&nbsp; [&hellip;]<\/p>\n","protected":false},"author":1,"featured_media":0,"parent":0,"menu_order":0,"comment_status":"closed","ping_status":"closed","template":"","meta":{"inline_featured_image":false,"footnotes":""},"class_list":["post-251","page","type-page","status-publish","hentry"],"_links":{"self":[{"href":"https:\/\/kilincadvisory.com\/zh\/wp-json\/wp\/v2\/pages\/251","targetHints":{"allow":["GET"]}}],"collection":[{"href":"https:\/\/kilincadvisory.com\/zh\/wp-json\/wp\/v2\/pages"}],"about":[{"href":"https:\/\/kilincadvisory.com\/zh\/wp-json\/wp\/v2\/types\/page"}],"author":[{"embeddable":true,"href":"https:\/\/kilincadvisory.com\/zh\/wp-json\/wp\/v2\/users\/1"}],"replies":[{"embeddable":true,"href":"https:\/\/kilincadvisory.com\/zh\/wp-json\/wp\/v2\/comments?post=251"}],"version-history":[{"count":35,"href":"https:\/\/kilincadvisory.com\/zh\/wp-json\/wp\/v2\/pages\/251\/revisions"}],"predecessor-version":[{"id":4404,"href":"https:\/\/kilincadvisory.com\/zh\/wp-json\/wp\/v2\/pages\/251\/revisions\/4404"}],"wp:attachment":[{"href":"https:\/\/kilincadvisory.com\/zh\/wp-json\/wp\/v2\/media?parent=251"}],"curies":[{"name":"wp","href":"https:\/\/api.w.org\/{rel}","templated":true}]}}