{"id":2471,"date":"2023-06-08T02:00:53","date_gmt":"2023-06-07T23:00:53","guid":{"rendered":"https:\/\/111.org.tr\/?page_id=2471"},"modified":"2023-06-08T02:02:24","modified_gmt":"2023-06-07T23:02:24","slug":"uluslararasi-vergi-yapilandirmasi-hizmetleri","status":"publish","type":"page","link":"https:\/\/kilincadvisory.com\/zh\/uluslararasi-vergi-yapilandirmasi-hizmetleri\/","title":{"rendered":"\u56fd\u9645\u7a0e\u52a1\u7ed3\u6784\u670d\u52a1"},"content":{"rendered":"<div data-elementor-type=\"wp-page\" data-elementor-id=\"2471\" class=\"elementor elementor-2471\" data-elementor-post-type=\"page\">\n\t\t\t\t\t\t<section class=\"elementor-section elementor-top-section elementor-element elementor-element-1bc65d07 elementor-section-boxed elementor-section-height-default elementor-section-height-default\" data-id=\"1bc65d07\" data-element_type=\"section\" data-e-type=\"section\">\n\t\t\t\t\t\t<div class=\"elementor-container elementor-column-gap-default\">\n\t\t\t\t\t<div class=\"elementor-column elementor-col-100 elementor-top-column elementor-element elementor-element-546278ca\" data-id=\"546278ca\" data-element_type=\"column\" data-e-type=\"column\">\n\t\t\t<div class=\"elementor-widget-wrap elementor-element-populated\">\n\t\t\t\t\t\t<div class=\"elementor-element elementor-element-71d4e8d elementor-widget elementor-widget-text-editor\" data-id=\"71d4e8d\" data-element_type=\"widget\" data-e-type=\"widget\" data-widget_type=\"text-editor.default\">\n\t\t\t\t<div class=\"elementor-widget-container\">\n\t\t\t\t\t\t\t\t\t<p><\/p>\n<ul>\n<li><span style=\"font-weight: 400;\"> \u6839\u636e\u6295\u8d44\u76f8\u5173\u5229\u76ca\u65b9\u7684\u5546\u4e1a\u8ba1\u5212\uff0c\u5728\u7a0e\u52a1\u6cd5\u89c4\u8303\u56f4\u5185\u8bc4\u4f30\u5e76\u5efa\u7acb\u57fa\u91d1\u3001\u516c\u53f8\u3001\u4fe1\u6258\u53ca\u8054\u7edc\u5904\u7ed3\u6784\uff0c\u00a0<\/span><\/li>\n<li><span style=\"font-weight: 400;\"> \u534f\u52a9\u8de8\u56fd\u516c\u53f8\u5728\u56fd\u9645\u8d38\u6613\u4e2d\u5c65\u884c\u7a0e\u52a1\u5408\u89c4\u4e49\u52a1\u53ca\u8fdb\u884c\u8d22\u52a1\u89c4\u5212\uff0c\u00a0<\/span><\/li>\n<li><span style=\"font-weight: 400;\"> \u5728\u56fd\u5185\u5916\u6295\u8d44\u4f01\u4e1a\u878d\u8d44\u9879\u76ee\u4e2d\uff0c\u8bc4\u4f30\u503a\u5238\u3001\u80a1\u6743\u6295\u8d44\u3001\u96c6\u56e2\u5185\u90e8\u501f\u6b3e\u3001\u94f6\u884c\u878d\u8d44\u3001\u516c\u5f00\u53d1\u884c\u6216\u5939\u5c42\u878d\u8d44\u5de5\u5177\u8bc4\u4f30\u4ea4\u6613\u7684\u7a0e\u52a1\u540e\u679c\u53ca\u5f71\u54cd\uff1b<\/span><\/li>\n<li><span style=\"font-weight: 400;\"> \u5728\u56fd\u5bb6\u53ca\u5730\u65b9\u7acb\u6cd5\uff08\u5982\u907f\u514d\u53cc\u91cd\u5f81\u7a0e\u534f\u5b9a\uff09\u8303\u56f4\u5185\uff0c\u5bf9\u65e0\u5f62\u8d44\u4ea7\u6743\u5229\u3001\u80a1\u606f\u3001\u7ba1\u7406\u670d\u52a1\u53ca\u503a\u52a1\u507f\u8fd8\u8fdb\u884c\u8bc4\u4f30\uff0c\n<br>\n<li> \u534f\u52a9\u8de8\u56fd\u4f01\u4e1a\u5728\u6210\u7acb\u540e\u9636\u6bb5\uff0c\u6839\u636e\u65b0\u7acb\u6cd5\u5bf9\u5176\u5546\u4e1a\u8ba1\u5212\u8fdb\u884c\u4f18\u5316\u91cd\u7ec4\u3002<\/li><\/span><\/li>\n<\/ul>\t\t\t\t\t\t\t\t<\/div>\n\t\t\t\t<\/div>\n\t\t\t\t\t<\/div>\n\t\t<\/div>\n\t\t\t\t\t<\/div>\n\t\t<\/section>\n\t\t\t\t<\/div>","protected":false},"excerpt":{"rendered":"<p>Yurt i\u00e7i ve uluslararas\u0131 yat\u0131r\u0131mlar\u0131n kurumsal finansman projelerinde; tahvil, sermaye i\u015ftiraki, grup i\u00e7i bor\u00e7lanma, banka finansman\u0131, halka arz veya mezanin ara\u00e7lara g\u00f6re vergisel sonu\u00e7 ve etkilerin de\u011ferlendirilmesi,\u00a0 Yat\u0131r\u0131mlarda payda\u015f veya finans\u00f6rlerin i\u015f planlar\u0131na g\u00f6re fon, \u015firket, trust ve irtibat ofisi yap\u0131lar\u0131n\u0131n vergi mevzuat\u0131 kapsam\u0131nda de\u011ferlendirilmesi ve kurulmas\u0131,\u00a0 Gayri maddi hak, temett\u00fc, y\u00f6netim hizmetleri ve bor\u00e7 [&hellip;]<\/p>\n","protected":false},"author":1,"featured_media":0,"parent":0,"menu_order":0,"comment_status":"closed","ping_status":"closed","template":"","meta":{"inline_featured_image":false,"footnotes":""},"class_list":["post-2471","page","type-page","status-publish","hentry"],"_links":{"self":[{"href":"https:\/\/kilincadvisory.com\/zh\/wp-json\/wp\/v2\/pages\/2471","targetHints":{"allow":["GET"]}}],"collection":[{"href":"https:\/\/kilincadvisory.com\/zh\/wp-json\/wp\/v2\/pages"}],"about":[{"href":"https:\/\/kilincadvisory.com\/zh\/wp-json\/wp\/v2\/types\/page"}],"author":[{"embeddable":true,"href":"https:\/\/kilincadvisory.com\/zh\/wp-json\/wp\/v2\/users\/1"}],"replies":[{"embeddable":true,"href":"https:\/\/kilincadvisory.com\/zh\/wp-json\/wp\/v2\/comments?post=2471"}],"version-history":[{"count":4,"href":"https:\/\/kilincadvisory.com\/zh\/wp-json\/wp\/v2\/pages\/2471\/revisions"}],"predecessor-version":[{"id":2475,"href":"https:\/\/kilincadvisory.com\/zh\/wp-json\/wp\/v2\/pages\/2471\/revisions\/2475"}],"wp:attachment":[{"href":"https:\/\/kilincadvisory.com\/zh\/wp-json\/wp\/v2\/media?parent=2471"}],"curies":[{"name":"wp","href":"https:\/\/api.w.org\/{rel}","templated":true}]}}