{"id":2461,"date":"2023-06-08T01:57:27","date_gmt":"2023-06-07T22:57:27","guid":{"rendered":"https:\/\/111.org.tr\/?page_id=2461"},"modified":"2023-06-08T01:58:58","modified_gmt":"2023-06-07T22:58:58","slug":"vergi-uyusmazligi-cozumu-hizmetleri","status":"publish","type":"page","link":"https:\/\/kilincadvisory.com\/zh\/vergi-uyusmazligi-cozumu-hizmetleri\/","title":{"rendered":"\u7a0e\u52a1\u4e89\u8bae\u89e3\u51b3\u670d\u52a1"},"content":{"rendered":"<div data-elementor-type=\"wp-page\" data-elementor-id=\"2461\" class=\"elementor elementor-2461\" data-elementor-post-type=\"page\">\n\t\t\t\t\t\t<section class=\"elementor-section elementor-top-section elementor-element elementor-element-1bc65d07 elementor-section-boxed elementor-section-height-default elementor-section-height-default\" data-id=\"1bc65d07\" data-element_type=\"section\" data-e-type=\"section\">\n\t\t\t\t\t\t<div class=\"elementor-container elementor-column-gap-default\">\n\t\t\t\t\t<div class=\"elementor-column elementor-col-100 elementor-top-column elementor-element elementor-element-546278ca\" data-id=\"546278ca\" data-element_type=\"column\" data-e-type=\"column\">\n\t\t\t<div class=\"elementor-widget-wrap elementor-element-populated\">\n\t\t\t\t\t\t<div class=\"elementor-element elementor-element-71d4e8d elementor-widget elementor-widget-text-editor\" data-id=\"71d4e8d\" data-element_type=\"widget\" data-e-type=\"widget\" data-widget_type=\"text-editor.default\">\n\t\t\t\t<div class=\"elementor-widget-container\">\n\t\t\t\t\t\t\t\t\t<p><\/p>\n<ul>\n<li><span style=\"font-weight: 400;\"> \u7ba1\u7406\u56e0\u4f01\u4e1a\u5728\u571f\u8033\u5176\u53ca\u5883\u5916\u53ef\u80fd\u9047\u5230\u7684\u7a0e\u52a1\u4e0e\u6d77\u5173\u4e89\u8bae\u800c\u9700\u4e0e\u516c\u5171\u884c\u653f\u673a\u5173\u8fdb\u884c\u7684\u4ea4\u6613\uff0c\u00a0<\/span><\/li>\n<li><span style=\"font-weight: 400;\"> \u8bc4\u4f30\u7a0e\u52a1\u4e89\u8bae\u7684\u89e3\u51b3\u65b9\u6848\uff0c\u5e76\u5c31\u786e\u5b9a\u6700\u5408\u9002\u7684\u6d41\u7a0b\u7ba1\u7406\u63d0\u4f9b\u610f\u89c1\uff08\u610f\u89c1\u5efa\u8bae\uff09\u00a0<\/span><\/li>\n<li><span style=\"font-weight: 400;\"> \u7f16\u5236\u6240\u9700\u7684\u8bf4\u660e\u6587\u4ef6\u53ca\u8fa9\u62a4\u6750\u6599\uff0c\u5e76\u63d0\u4ea4\u81f3\u76f8\u5173\u884c\u653f\u90e8\u95e8\uff0c\u540c\u65f6\u8003\u8651\u7a0e\u52a1\u68c0\u67e5\u542f\u52a8\u540e\u53ef\u80fd\u6d89\u53ca\u7684\u53f8\u6cd5\u7a0b\u5e8f\uff0c\u786e\u4fdd\u4f01\u4e1a\u5408\u6cd5\u6743\u76ca\u5f97\u5230\u5145\u5206\u4fdd\u969c\u3002\u00a0<\/span><\/li>\n<li><span style=\"font-weight: 400;\"> \u4ee3\u8868\u5ba2\u6237\u53c2\u4e0e\u7a0e\u52a1\u548c\u89e3\u53ca\u62a5\u544a\u8bc4\u4f30\u6d41\u7a0b\uff0c\u63d0\u4f9b\u4e13\u4e1a\u610f\u89c1\u4e0e\u652f\u6301\uff0c\u00a0<\/span><\/li>\n<li><span style=\"font-weight: 400;\"> \u5728\u7a0e\u52a1\u6cd5\u89c4\u53ca\u76f8\u5173\u914d\u5957\u6cd5\u89c4\uff08\u516c\u53f8\u6cd5\u3001\u53cd\u6d17\u94b1\u6cd5\u89c4\u7b49\uff09\u8303\u56f4\u5185\uff0c\u4e3a\u4f01\u4e1a\u5b9e\u9645\u53d7\u76ca\u4eba\u7684\u8ba4\u5b9a\u63d0\u4f9b\u54a8\u8be2\u670d\u52a1<\/span><\/li>\n<\/ul>\t\t\t\t\t\t\t\t<\/div>\n\t\t\t\t<\/div>\n\t\t\t\t\t<\/div>\n\t\t<\/div>\n\t\t\t\t\t<\/div>\n\t\t<\/section>\n\t\t\t\t<\/div>","protected":false},"excerpt":{"rendered":"<p>Kurumlar\u0131n yurt i\u00e7i ve yurt d\u0131\u015f\u0131nda kar\u015f\u0131la\u015fabilecekleri vergi ve g\u00fcmr\u00fck ihtilaflar\u0131 neticesinde, kamu idaresine kar\u015f\u0131 y\u00fcr\u00fct\u00fclecek i\u015flemlerin y\u00f6netilmesi,\u00a0 Vergi ihtilaflar\u0131n\u0131n \u00e7\u00f6z\u00fcm alternatiflerinin de\u011ferlendirilerek en uygun s\u00fcre\u00e7 y\u00f6netiminin belirlenmesi konusunda g\u00f6r\u00fc\u015f verilmesi (should opinion),\u00a0 \u0130dari s\u00fcre\u00e7 olan vergi incelemesinin ba\u015flamas\u0131 ile birlikte olas\u0131 yarg\u0131 s\u00fcrecini g\u00f6zeterek, gerekli izahname ve savunmalar\u0131n haz\u0131rlanmas\u0131 ve ilgili idari birime sunulmas\u0131,\u00a0 [&hellip;]<\/p>\n","protected":false},"author":1,"featured_media":0,"parent":0,"menu_order":0,"comment_status":"closed","ping_status":"closed","template":"","meta":{"inline_featured_image":false,"footnotes":""},"class_list":["post-2461","page","type-page","status-publish","hentry"],"_links":{"self":[{"href":"https:\/\/kilincadvisory.com\/zh\/wp-json\/wp\/v2\/pages\/2461","targetHints":{"allow":["GET"]}}],"collection":[{"href":"https:\/\/kilincadvisory.com\/zh\/wp-json\/wp\/v2\/pages"}],"about":[{"href":"https:\/\/kilincadvisory.com\/zh\/wp-json\/wp\/v2\/types\/page"}],"author":[{"embeddable":true,"href":"https:\/\/kilincadvisory.com\/zh\/wp-json\/wp\/v2\/users\/1"}],"replies":[{"embeddable":true,"href":"https:\/\/kilincadvisory.com\/zh\/wp-json\/wp\/v2\/comments?post=2461"}],"version-history":[{"count":4,"href":"https:\/\/kilincadvisory.com\/zh\/wp-json\/wp\/v2\/pages\/2461\/revisions"}],"predecessor-version":[{"id":2465,"href":"https:\/\/kilincadvisory.com\/zh\/wp-json\/wp\/v2\/pages\/2461\/revisions\/2465"}],"wp:attachment":[{"href":"https:\/\/kilincadvisory.com\/zh\/wp-json\/wp\/v2\/media?parent=2461"}],"curies":[{"name":"wp","href":"https:\/\/api.w.org\/{rel}","templated":true}]}}