{"id":2360,"date":"2023-05-22T07:14:51","date_gmt":"2023-05-22T04:14:51","guid":{"rendered":"https:\/\/111.org.tr\/?page_id=2360"},"modified":"2024-11-02T23:45:42","modified_gmt":"2024-11-02T20:45:42","slug":"seda-kiymaz","status":"publish","type":"page","link":"https:\/\/kilincadvisory.com\/zh\/seda-kiymaz\/","title":{"rendered":"\u585e\u8fbe\u00b7\u51ef\u9a6c\u5179"},"content":{"rendered":"<div data-elementor-type=\"wp-page\" data-elementor-id=\"2360\" class=\"elementor elementor-2360\" data-elementor-post-type=\"page\">\n\t\t\t\t\t\t<section class=\"elementor-section elementor-top-section elementor-element elementor-element-7e7f630 elementor-section-boxed elementor-section-height-default elementor-section-height-default\" data-id=\"7e7f630\" data-element_type=\"section\" data-e-type=\"section\">\n\t\t\t\t\t\t\t<div class=\"elementor-background-overlay\"><\/div>\n\t\t\t\t\t\t\t<div class=\"elementor-container elementor-column-gap-default\">\n\t\t\t\t\t<div class=\"elementor-column elementor-col-33 elementor-top-column elementor-element elementor-element-c673a8d\" data-id=\"c673a8d\" data-element_type=\"column\" data-e-type=\"column\">\n\t\t\t<div class=\"elementor-widget-wrap elementor-element-populated\">\n\t\t\t\t\t\t<div class=\"elementor-element elementor-element-71e2d27 elementor-widget elementor-widget-image\" data-id=\"71e2d27\" data-element_type=\"widget\" data-e-type=\"widget\" data-widget_type=\"image.default\">\n\t\t\t\t<div class=\"elementor-widget-container\">\n\t\t\t\t\t\t\t\t\t\t\t\t\t\t\t<img fetchpriority=\"high\" decoding=\"async\" width=\"683\" height=\"1024\" src=\"https:\/\/kilincadvisory.com\/wp-content\/uploads\/2024\/11\/Seda-683x1024.jpg\" class=\"attachment-large size-large wp-image-3367\" alt=\"\" srcset=\"https:\/\/kilincadvisory.com\/wp-content\/uploads\/2024\/11\/Seda-683x1024.jpg 683w, https:\/\/kilincadvisory.com\/wp-content\/uploads\/2024\/11\/Seda-200x300.jpg 200w, https:\/\/kilincadvisory.com\/wp-content\/uploads\/2024\/11\/Seda-768x1152.jpg 768w, https:\/\/kilincadvisory.com\/wp-content\/uploads\/2024\/11\/Seda-1024x1536.jpg 1024w, https:\/\/kilincadvisory.com\/wp-content\/uploads\/2024\/11\/Seda-1365x2048.jpg 1365w, https:\/\/kilincadvisory.com\/wp-content\/uploads\/2024\/11\/Seda-8x12.jpg 8w, https:\/\/kilincadvisory.com\/wp-content\/uploads\/2024\/11\/Seda-480x720.jpg 480w, https:\/\/kilincadvisory.com\/wp-content\/uploads\/2024\/11\/Seda-scaled.jpg 1707w\" sizes=\"(max-width: 683px) 100vw, 683px\" title=\"Seda\" \/>\t\t\t\t\t\t\t\t\t\t\t\t\t\t\t<\/div>\n\t\t\t\t<\/div>\n\t\t\t\t<div class=\"elementor-element elementor-element-73ecc0a elementor-widget elementor-widget-heading\" data-id=\"73ecc0a\" data-element_type=\"widget\" data-e-type=\"widget\" data-widget_type=\"heading.default\">\n\t\t\t\t<div class=\"elementor-widget-container\">\n\t\t\t\t\t<h3 class=\"elementor-heading-title elementor-size-default\">\u585e\u8fbe\u00b7\u51ef\u9a6c\u5179<\/h3>\t\t\t\t<\/div>\n\t\t\t\t<\/div>\n\t\t\t\t<div class=\"elementor-element elementor-element-df9875c elementor-widget elementor-widget-text-editor\" data-id=\"df9875c\" data-element_type=\"widget\" data-e-type=\"widget\" data-widget_type=\"text-editor.default\">\n\t\t\t\t<div class=\"elementor-widget-container\">\n\t\t\t\t\t\t\t\t\t<p class=\"p1\">\u5f8b\u5e08<\/p>\t\t\t\t\t\t\t\t<\/div>\n\t\t\t\t<\/div>\n\t\t\t\t<div class=\"elementor-element elementor-element-19f0ab4 elementor-widget-divider--view-line elementor-widget elementor-widget-divider\" data-id=\"19f0ab4\" data-element_type=\"widget\" data-e-type=\"widget\" data-widget_type=\"divider.default\">\n\t\t\t\t<div class=\"elementor-widget-container\">\n\t\t\t\t\t\t\t<div class=\"elementor-divider\">\n\t\t\t<span class=\"elementor-divider-separator\">\n\t\t\t\t\t\t<\/span>\n\t\t<\/div>\n\t\t\t\t\t\t<\/div>\n\t\t\t\t<\/div>\n\t\t\t\t<div class=\"elementor-element elementor-element-4f0dd4e elementor-widget elementor-widget-text-editor\" data-id=\"4f0dd4e\" data-element_type=\"widget\" data-e-type=\"widget\" data-widget_type=\"text-editor.default\">\n\t\t\t\t<div class=\"elementor-widget-container\">\n\t\t\t\t\t\t\t\t\t<p><i class=\"fa fa-graduation-cap\">\u00a0<\/i>\u00a0 \u00a0\u5965\u5179\u53f6\u91d1\u5927\u5b66\uff08\u6cd5\u5b66\u5b66\u58eb\uff09<\/p>\t\t\t\t\t\t\t\t<\/div>\n\t\t\t\t<\/div>\n\t\t\t\t<div class=\"elementor-element elementor-element-aea912f elementor-widget-divider--view-line elementor-widget elementor-widget-divider\" data-id=\"aea912f\" data-element_type=\"widget\" data-e-type=\"widget\" data-widget_type=\"divider.default\">\n\t\t\t\t<div class=\"elementor-widget-container\">\n\t\t\t\t\t\t\t<div class=\"elementor-divider\">\n\t\t\t<span class=\"elementor-divider-separator\">\n\t\t\t\t\t\t<\/span>\n\t\t<\/div>\n\t\t\t\t\t\t<\/div>\n\t\t\t\t<\/div>\n\t\t\t\t<div class=\"elementor-element elementor-element-b4f3d87 elementor-widget elementor-widget-text-editor\" data-id=\"b4f3d87\" data-element_type=\"widget\" data-e-type=\"widget\" data-widget_type=\"text-editor.default\">\n\t\t\t\t<div class=\"elementor-widget-container\">\n\t\t\t\t\t\t\t\t\t<p><a class=\"gt3_icon_link\" href=\"#\" target=\"_blank\" data-color=\"inherit\" data-hover-color=\"inherit\" style=\"font-size: 14px; color: inherit; margin-right: 15px; margin-top: 0px;\" rel=\"noopener\"><i class=\"fa fa-user-plus\">\u00a0<\/i><\/a>\u4f0a\u65af\u5766\u5e03\u5c14\u5f8b\u5e08\u534f\u4f1a\uff08\u5f8b\u5e08\uff09<\/p>\t\t\t\t\t\t\t\t<\/div>\n\t\t\t\t<\/div>\n\t\t\t\t<div class=\"elementor-element elementor-element-a0ca0fd elementor-widget-divider--view-line elementor-widget elementor-widget-divider\" data-id=\"a0ca0fd\" data-element_type=\"widget\" data-e-type=\"widget\" data-widget_type=\"divider.default\">\n\t\t\t\t<div class=\"elementor-widget-container\">\n\t\t\t\t\t\t\t<div class=\"elementor-divider\">\n\t\t\t<span class=\"elementor-divider-separator\">\n\t\t\t\t\t\t<\/span>\n\t\t<\/div>\n\t\t\t\t\t\t<\/div>\n\t\t\t\t<\/div>\n\t\t\t\t<div class=\"elementor-element elementor-element-34dd46b elementor-widget elementor-widget-text-editor\" data-id=\"34dd46b\" data-element_type=\"widget\" data-e-type=\"widget\" data-widget_type=\"text-editor.default\">\n\t\t\t\t<div class=\"elementor-widget-container\">\n\t\t\t\t\t\t\t\t\t<p><a class=\"gt3_icon_link\" href=\"#\" target=\"_blank\" data-color=\"inherit\" data-hover-color=\"inherit\" style=\"font-size: 14px; color: inherit; margin-right: 15px; margin-top: 0px;\" rel=\"noopener\"><i class=\"fa fa-check\">\u00a0<\/i><\/a>\u00a0\u82f1\u8bed<\/p>\t\t\t\t\t\t\t\t<\/div>\n\t\t\t\t<\/div>\n\t\t\t\t\t<\/div>\n\t\t<\/div>\n\t\t\t\t<div class=\"elementor-column elementor-col-66 elementor-top-column elementor-element elementor-element-6a81e60\" data-id=\"6a81e60\" data-element_type=\"column\" data-e-type=\"column\" data-settings=\"{&quot;background_background&quot;:&quot;classic&quot;}\">\n\t\t\t<div class=\"elementor-widget-wrap elementor-element-populated\">\n\t\t\t\t\t\t<div class=\"elementor-element elementor-element-c1c6451 elementor-widget elementor-widget-text-editor\" data-id=\"c1c6451\" data-element_type=\"widget\" data-e-type=\"widget\" data-widget_type=\"text-editor.default\">\n\t\t\t\t<div class=\"elementor-widget-container\">\n\t\t\t\t\t\t\t\t\t<p>\u585e\u8fbe\u00b7\u51ef\u9a6c\u5179\u6bd5\u4e1a\u4e8e\u5965\u5179\u53f6\u91d1\u5927\u5b66\u6cd5\u5b66\u9662\uff0c\u5e76\u4f5c\u4e3a\u5728\u4f0a\u65af\u5766\u5e03\u5c14\u5f8b\u5e08\u534f\u4f1a\u6ce8\u518c\u7684\u5f8b\u5e08\u52a0\u5165\u4e86\u8be5\u56e2\u961f\u3002<\/p><p>\u585e\u8fbe\u00b7\u51ef\u9a6c\u5179\u662f\u514b\u4f26\u5947\u54a8\u8be2\u7ba1\u7406\u54a8\u8be2\u670d\u52a1\u516c\u53f8\u7684\u4e00\u540d\u5f8b\u5e08\uff0c\u4e13\u95e8\u8d1f\u8d23\u6211\u4eec\u5f8b\u5e08\u4e8b\u52a1\u6240\u7684\u7a0e\u6cd5\u3001\u5e76\u8d2d\u53ca\u5546\u4e1a\u6cd5\u90e8\u95e8\u3002 <\/p>\t\t\t\t\t\t\t\t<\/div>\n\t\t\t\t<\/div>\n\t\t\t\t\t<\/div>\n\t\t<\/div>\n\t\t\t\t\t<\/div>\n\t\t<\/section>\n\t\t\t\t<\/div>","protected":false},"excerpt":{"rendered":"<p>Seda K\u0131ymaz Avukat \u00a0\u00a0 \u00a0\u00d6zye\u011fin \u00dcniversitesi &#8211; Hukuk \u00a0\u0130stanbul Barosu (\u00dcye) \u00a0\u00a0\u0130ngilizce Seda K\u0131ymaz, \u00d6zye\u011fin \u00dcniversitesi Hukuk Fak\u00fcltesi&#8217;nden mezun olmu\u015ftur. Seda K\u0131ymaz, K\u0131l\u0131n\u00e7 Y\u00f6netim Dan\u0131\u015fmanl\u0131k b\u00fcnyesinde Avukat olarak \u00e7al\u0131\u015fmakta olup hukuk b\u00fcromuzun Vergi Hukuku, \u015eirket birle\u015fme ve Devralmalar ve Ticaret Hukuku departmanlar\u0131nda faaliyet g\u00f6stermektedir.<\/p>","protected":false},"author":1,"featured_media":0,"parent":0,"menu_order":0,"comment_status":"closed","ping_status":"closed","template":"","meta":{"inline_featured_image":false,"footnotes":""},"class_list":["post-2360","page","type-page","status-publish","hentry"],"_links":{"self":[{"href":"https:\/\/kilincadvisory.com\/zh\/wp-json\/wp\/v2\/pages\/2360","targetHints":{"allow":["GET"]}}],"collection":[{"href":"https:\/\/kilincadvisory.com\/zh\/wp-json\/wp\/v2\/pages"}],"about":[{"href":"https:\/\/kilincadvisory.com\/zh\/wp-json\/wp\/v2\/types\/page"}],"author":[{"embeddable":true,"href":"https:\/\/kilincadvisory.com\/zh\/wp-json\/wp\/v2\/users\/1"}],"replies":[{"embeddable":true,"href":"https:\/\/kilincadvisory.com\/zh\/wp-json\/wp\/v2\/comments?post=2360"}],"version-history":[{"count":25,"href":"https:\/\/kilincadvisory.com\/zh\/wp-json\/wp\/v2\/pages\/2360\/revisions"}],"predecessor-version":[{"id":3450,"href":"https:\/\/kilincadvisory.com\/zh\/wp-json\/wp\/v2\/pages\/2360\/revisions\/3450"}],"wp:attachment":[{"href":"https:\/\/kilincadvisory.com\/zh\/wp-json\/wp\/v2\/media?parent=2360"}],"curies":[{"name":"wp","href":"https:\/\/api.w.org\/{rel}","templated":true}]}}