{"id":2358,"date":"2023-05-22T07:14:17","date_gmt":"2023-05-22T04:14:17","guid":{"rendered":"https:\/\/111.org.tr\/?page_id=2358"},"modified":"2024-11-09T22:09:03","modified_gmt":"2024-11-09T19:09:03","slug":"mine-topkara","status":"publish","type":"page","link":"https:\/\/kilincadvisory.com\/zh\/mine-topkara\/","title":{"rendered":"\u7c73\u5185\u00b7\u6258\u666e\u5361\u62c9"},"content":{"rendered":"<div data-elementor-type=\"wp-page\" data-elementor-id=\"2358\" class=\"elementor elementor-2358\" data-elementor-post-type=\"page\">\n\t\t\t\t\t\t<section class=\"elementor-section elementor-top-section elementor-element elementor-element-7e7f630 elementor-section-boxed elementor-section-height-default elementor-section-height-default\" data-id=\"7e7f630\" data-element_type=\"section\" data-e-type=\"section\">\n\t\t\t\t\t\t\t<div class=\"elementor-background-overlay\"><\/div>\n\t\t\t\t\t\t\t<div class=\"elementor-container elementor-column-gap-default\">\n\t\t\t\t\t<div class=\"elementor-column elementor-col-33 elementor-top-column elementor-element elementor-element-c673a8d\" data-id=\"c673a8d\" data-element_type=\"column\" data-e-type=\"column\">\n\t\t\t<div class=\"elementor-widget-wrap elementor-element-populated\">\n\t\t\t\t\t\t<div class=\"elementor-element elementor-element-71e2d27 elementor-widget elementor-widget-image\" data-id=\"71e2d27\" data-element_type=\"widget\" data-e-type=\"widget\" data-widget_type=\"image.default\">\n\t\t\t\t<div class=\"elementor-widget-container\">\n\t\t\t\t\t\t\t\t\t\t\t\t\t\t\t<img fetchpriority=\"high\" decoding=\"async\" width=\"940\" height=\"627\" src=\"https:\/\/kilincadvisory.com\/wp-content\/uploads\/2024\/11\/Mine-1024x683.jpg\" class=\"attachment-large size-large wp-image-3318\" alt=\"\" srcset=\"https:\/\/kilincadvisory.com\/wp-content\/uploads\/2024\/11\/Mine-1024x683.jpg 1024w, https:\/\/kilincadvisory.com\/wp-content\/uploads\/2024\/11\/Mine-300x200.jpg 300w, https:\/\/kilincadvisory.com\/wp-content\/uploads\/2024\/11\/Mine-768x512.jpg 768w, https:\/\/kilincadvisory.com\/wp-content\/uploads\/2024\/11\/Mine-1536x1024.jpg 1536w, https:\/\/kilincadvisory.com\/wp-content\/uploads\/2024\/11\/Mine-18x12.jpg 18w, https:\/\/kilincadvisory.com\/wp-content\/uploads\/2024\/11\/Mine-480x320.jpg 480w\" sizes=\"(max-width: 940px) 100vw, 940px\" title=\"Mine\" \/>\t\t\t\t\t\t\t\t\t\t\t\t\t\t\t<\/div>\n\t\t\t\t<\/div>\n\t\t\t\t<div class=\"elementor-element elementor-element-73ecc0a elementor-widget elementor-widget-heading\" data-id=\"73ecc0a\" data-element_type=\"widget\" data-e-type=\"widget\" data-widget_type=\"heading.default\">\n\t\t\t\t<div class=\"elementor-widget-container\">\n\t\t\t\t\t<h3 class=\"elementor-heading-title elementor-size-default\">\u7c73\u5185\u00b7\u6258\u666e\u5361\u62c9<\/h3>\t\t\t\t<\/div>\n\t\t\t\t<\/div>\n\t\t\t\t<div class=\"elementor-element elementor-element-df9875c elementor-widget elementor-widget-text-editor\" data-id=\"df9875c\" data-element_type=\"widget\" data-e-type=\"widget\" data-widget_type=\"text-editor.default\">\n\t\t\t\t<div class=\"elementor-widget-container\">\n\t\t\t\t\t\t\t\t\t<p class=\"p1\">\u56fd\u9645\u7a0e\u52a1\u670d\u52a1\u603b\u76d1<\/p>\t\t\t\t\t\t\t\t<\/div>\n\t\t\t\t<\/div>\n\t\t\t\t<div class=\"elementor-element elementor-element-a548534 elementor-widget-divider--view-line elementor-widget elementor-widget-divider\" data-id=\"a548534\" data-element_type=\"widget\" data-e-type=\"widget\" data-widget_type=\"divider.default\">\n\t\t\t\t<div class=\"elementor-widget-container\">\n\t\t\t\t\t\t\t<div class=\"elementor-divider\">\n\t\t\t<span class=\"elementor-divider-separator\">\n\t\t\t\t\t\t<\/span>\n\t\t<\/div>\n\t\t\t\t\t\t<\/div>\n\t\t\t\t<\/div>\n\t\t\t\t<div class=\"elementor-element elementor-element-f8b002a elementor-widget elementor-widget-text-editor\" data-id=\"f8b002a\" data-element_type=\"widget\" data-e-type=\"widget\" data-widget_type=\"text-editor.default\">\n\t\t\t\t<div class=\"elementor-widget-container\">\n\t\t\t\t\t\t\t\t\t<p>\u7535\u5b50\u90ae\u7bb1\uff1amine.topkara@kilincadvisory.com<\/p>\t\t\t\t\t\t\t\t<\/div>\n\t\t\t\t<\/div>\n\t\t\t\t<div class=\"elementor-element elementor-element-c06d0ad elementor-widget-divider--view-line elementor-widget elementor-widget-divider\" data-id=\"c06d0ad\" data-element_type=\"widget\" data-e-type=\"widget\" data-widget_type=\"divider.default\">\n\t\t\t\t<div class=\"elementor-widget-container\">\n\t\t\t\t\t\t\t<div class=\"elementor-divider\">\n\t\t\t<span class=\"elementor-divider-separator\">\n\t\t\t\t\t\t<\/span>\n\t\t<\/div>\n\t\t\t\t\t\t<\/div>\n\t\t\t\t<\/div>\n\t\t\t\t<div class=\"elementor-element elementor-element-3c881d9 elementor-widget elementor-widget-text-editor\" data-id=\"3c881d9\" data-element_type=\"widget\" data-e-type=\"widget\" data-widget_type=\"text-editor.default\">\n\t\t\t\t<div class=\"elementor-widget-container\">\n\t\t\t\t\t\t\t\t\t<p><i class=\"fa fa-graduation-cap\">\u00a0<\/i>\u00a0 \u54c8\u5207\u7279\u4f69\u5927\u5b66\uff08\u56fd\u9645\u5173\u7cfb\u5b66\u58eb\uff09<\/p>\t\t\t\t\t\t\t\t<\/div>\n\t\t\t\t<\/div>\n\t\t\t\t<div class=\"elementor-element elementor-element-b51176d elementor-widget elementor-widget-text-editor\" data-id=\"b51176d\" data-element_type=\"widget\" data-e-type=\"widget\" data-widget_type=\"text-editor.default\">\n\t\t\t\t<div class=\"elementor-widget-container\">\n\t\t\t\t\t\t\t\t\t<p><i class=\"fa fa-graduation-cap\">\u00a0<\/i>\u00a0 \u5e03\u83b1\u6885\u5927\u5b66\uff08Erasmus\u9879\u76ee - \u653f\u6cbb\u5b66\uff09<\/p>\t\t\t\t\t\t\t\t<\/div>\n\t\t\t\t<\/div>\n\t\t\t\t<div class=\"elementor-element elementor-element-a0ca0fd elementor-widget-divider--view-line elementor-widget elementor-widget-divider\" data-id=\"a0ca0fd\" data-element_type=\"widget\" data-e-type=\"widget\" data-widget_type=\"divider.default\">\n\t\t\t\t<div class=\"elementor-widget-container\">\n\t\t\t\t\t\t\t<div class=\"elementor-divider\">\n\t\t\t<span class=\"elementor-divider-separator\">\n\t\t\t\t\t\t<\/span>\n\t\t<\/div>\n\t\t\t\t\t\t<\/div>\n\t\t\t\t<\/div>\n\t\t\t\t<div class=\"elementor-element elementor-element-58dbfed elementor-widget elementor-widget-text-editor\" data-id=\"58dbfed\" data-element_type=\"widget\" data-e-type=\"widget\" data-widget_type=\"text-editor.default\">\n\t\t\t\t<div class=\"elementor-widget-container\">\n\t\t\t\t\t\t\t\t\t<p><a class=\"gt3_icon_link\" href=\"#\" target=\"_blank\" data-color=\"inherit\" data-hover-color=\"inherit\" style=\"font-size: 14px; color: inherit; margin-right: 15px; margin-top: 0px;\" rel=\"noopener\"><i class=\"fa fa-user-plus\">\u00a0<\/i><\/a>\u4f0a\u65af\u5766\u5e03\u5c14\u6ce8\u518c\u4f1a\u8ba1\u5e08\u534f\u4f1a\uff08\u4f1a\u5458\uff09<\/p>\t\t\t\t\t\t\t\t<\/div>\n\t\t\t\t<\/div>\n\t\t\t\t<div class=\"elementor-element elementor-element-aea912f elementor-widget-divider--view-line elementor-widget elementor-widget-divider\" data-id=\"aea912f\" data-element_type=\"widget\" data-e-type=\"widget\" data-widget_type=\"divider.default\">\n\t\t\t\t<div class=\"elementor-widget-container\">\n\t\t\t\t\t\t\t<div class=\"elementor-divider\">\n\t\t\t<span class=\"elementor-divider-separator\">\n\t\t\t\t\t\t<\/span>\n\t\t<\/div>\n\t\t\t\t\t\t<\/div>\n\t\t\t\t<\/div>\n\t\t\t\t<div class=\"elementor-element elementor-element-34dd46b elementor-widget elementor-widget-text-editor\" data-id=\"34dd46b\" data-element_type=\"widget\" data-e-type=\"widget\" data-widget_type=\"text-editor.default\">\n\t\t\t\t<div class=\"elementor-widget-container\">\n\t\t\t\t\t\t\t\t\t<p><a class=\"gt3_icon_link\" href=\"#\" target=\"_blank\" data-color=\"inherit\" data-hover-color=\"inherit\" style=\"font-size: 14px; color: inherit; margin-right: 15px; margin-top: 0px;\" rel=\"noopener\"><i class=\"fa fa-check\">\u00a0<\/i><\/a>\u00a0\u82f1\u8bed\uff0c\u897f\u73ed\u7259\u8bed<\/p>\t\t\t\t\t\t\t\t<\/div>\n\t\t\t\t<\/div>\n\t\t\t\t\t<\/div>\n\t\t<\/div>\n\t\t\t\t<div class=\"elementor-column elementor-col-66 elementor-top-column elementor-element elementor-element-6a81e60\" data-id=\"6a81e60\" data-element_type=\"column\" data-e-type=\"column\" data-settings=\"{&quot;background_background&quot;:&quot;classic&quot;}\">\n\t\t\t<div class=\"elementor-widget-wrap elementor-element-populated\">\n\t\t\t\t\t\t<div class=\"elementor-element elementor-element-c1c6451 elementor-widget elementor-widget-text-editor\" data-id=\"c1c6451\" data-element_type=\"widget\" data-e-type=\"widget\" data-widget_type=\"text-editor.default\">\n\t\t\t\t<div class=\"elementor-widget-container\">\n\t\t\t\t\t\t\t\t\t<p>\u7c73\u5185\u00b7\u6258\u666e\u5361\u62c9\u5728\u56fd\u9645\u7a0e\u52a1\u67b6\u6784\u8bbe\u8ba1\u3001\u5e76\u8d2d\u7a0e\u52a1\u5c3d\u804c\u8c03\u67e5\u9879\u76ee\u3001\u7a0e\u52a1\u5efa\u6a21\u53ca\u7a0e\u52a1\u5408\u89c4\u670d\u52a1\u65b9\u9762\u62e5\u6709\u4e30\u5bcc\u7ecf\u9a8c\u3002 <br \/><br \/>\u5927\u5b66\u6bd5\u4e1a\u540e\uff0c\u7c73\u5185\u8fdb\u5165\u56db\u5927\u4f1a\u8ba1\u5e08\u4e8b\u52a1\u6240\u5de5\u4f5c\uff0c\u5148\u540e\u5728\u5b89\u6c38\uff08Ernst &amp; Young\uff09\u548c\u6bd5\u9a6c\u5a01\uff08KPMG\uff09\u7684\u7a0e\u52a1\u5408\u89c4\u3001\u56fd\u9645\u7a0e\u52a1\u53ca\u5e76\u8d2d\u56e2\u961f\u5de5\u4f5c\u5171\u8ba1\u4e94\u5e74\uff0c\u5e76\u5728\u8fd9\u4e9b\u9886\u57df\u79ef\u7d2f\u4e86\u4e13\u4e1a\u7ecf\u9a8c\u3002<br \/><br \/>2016\u5e74\uff0c\u5979\u52a0\u5165\u8036\u5c14\u5fb7\u52d2\u59c6\u63a7\u80a1\u7a0e\u52a1\u90e8\u95e8\u3002\u56db\u5e74\u6765\uff0c\u5979\u62c5\u4efb\u5e76\u8d2d\u53ca\u56fd\u9645\u7a0e\u52a1\u7ecf\u7406\uff0c\u4ee3\u8868\u4e70\u65b9\u53c2\u4e0e\u8461\u8404\u7259\u3001\u7f8e\u56fd\u3001\u58a8\u897f\u54e5\u3001\u745e\u5178\u3001\u54c8\u8428\u514b\u65af\u5766\u3001\u4e4c\u5179\u522b\u514b\u65af\u5766\u3001\u9a6c\u8033\u4ed6\u7b49\u56fd\u7684\u56fd\u9645\u5e76\u8d2d\u9879\u76ee\u3002\u540c\u65f6\uff0c\u5979\u8fd8\u8d1f\u8d23\u62c9\u7f8e\u53ca\u4f0a\u6bd4\u5229\u4e9a\u5730\u533a\u5b50\u516c\u53f8\u7684\u7a0e\u52a1\u4e8b\u52a1\u3002<\/p><p>2020\u5e74\uff0c\u7c73\u5185\u4f5c\u4e3a\u56fd\u9645\u7a0e\u52a1\u7ecf\u7406\u52a0\u5165\u4e00\u5bb6\u571f\u8033\u5176\u5efa\u7b51\u516c\u53f8\uff0c\u8d1f\u8d23\u5361\u5854\u5c14\u3001\u6c99\u7279\u963f\u62c9\u4f2f\u3001\u963f\u585e\u62dc\u7586\u3001\u4fc4\u7f57\u65af\u3001\u54c8\u8428\u514b\u65af\u5766\u7684\u57fa\u7840\u8bbe\u65bd\u3001\u673a\u573a\u53ca\u751f\u4ea7\u8bbe\u65bd\u9879\u76ee\uff0c\u5e76\u53c2\u4e0e\u6b27\u6d32\u53ca\u975e\u6d32\u5e02\u573a\u7684\u65b0\u9879\u76ee\u5f00\u53d1\u3002<\/p><p>2022\u5e74\uff0c\u7c73\u5185\u52a0\u5165\u514b\u4f26\u5947\u54a8\u8be2\uff0c\u62c5\u4efb\u56fd\u9645\u7a0e\u52a1\u603b\u76d1\uff0c\u4e3b\u8981\u4ece\u4e8b\u56fd\u9645\u7a0e\u52a1\u67b6\u6784\u53ca\u5e76\u8d2d\u9879\u76ee\u5de5\u4f5c\u3002 <\/p>\t\t\t\t\t\t\t\t<\/div>\n\t\t\t\t<\/div>\n\t\t\t\t\t<\/div>\n\t\t<\/div>\n\t\t\t\t\t<\/div>\n\t\t<\/section>\n\t\t\t\t<\/div>","protected":false},"excerpt":{"rendered":"<p>Mine Topkara Uluslararas\u0131 Vergi Hizmetleri Direkt\u00f6r\u00fc E:\u00a0 \u00a0 mine.topkara@kilincadvisory.com \u00a0\u00a0 Hacettepe \u00dcniversitesi &#8211; Uluslararas\u0131 \u0130li\u015fkiler \u00a0\u00a0 Bremen \u00dcniversitesi &#8211; Siyaset Bilimi \u00a0\u0130stanbul SMMM Odas\u0131 (\u00dcye) \u00a0\u00a0\u0130ngilizce, \u0130spanyolca Mine Topkara, Uluslararas\u0131 Vergi Yap\u0131land\u0131rmas\u0131, birle\u015fme ve sat\u0131n almalar vergi due diligence projeleri, vergi modellemesi ve vergi uyum hizmetleri ile birlikte vergi uyum \u00e7al\u0131\u015fmalar\u0131 konular\u0131nda deneyimlidir. \u00dcniversiteden mezun [&hellip;]<\/p>\n","protected":false},"author":1,"featured_media":0,"parent":0,"menu_order":0,"comment_status":"closed","ping_status":"closed","template":"","meta":{"inline_featured_image":false,"footnotes":""},"class_list":["post-2358","page","type-page","status-publish","hentry"],"_links":{"self":[{"href":"https:\/\/kilincadvisory.com\/zh\/wp-json\/wp\/v2\/pages\/2358","targetHints":{"allow":["GET"]}}],"collection":[{"href":"https:\/\/kilincadvisory.com\/zh\/wp-json\/wp\/v2\/pages"}],"about":[{"href":"https:\/\/kilincadvisory.com\/zh\/wp-json\/wp\/v2\/types\/page"}],"author":[{"embeddable":true,"href":"https:\/\/kilincadvisory.com\/zh\/wp-json\/wp\/v2\/users\/1"}],"replies":[{"embeddable":true,"href":"https:\/\/kilincadvisory.com\/zh\/wp-json\/wp\/v2\/comments?post=2358"}],"version-history":[{"count":37,"href":"https:\/\/kilincadvisory.com\/zh\/wp-json\/wp\/v2\/pages\/2358\/revisions"}],"predecessor-version":[{"id":3934,"href":"https:\/\/kilincadvisory.com\/zh\/wp-json\/wp\/v2\/pages\/2358\/revisions\/3934"}],"wp:attachment":[{"href":"https:\/\/kilincadvisory.com\/zh\/wp-json\/wp\/v2\/media?parent=2358"}],"curies":[{"name":"wp","href":"https:\/\/api.w.org\/{rel}","templated":true}]}}