{"id":2356,"date":"2023-05-22T07:13:30","date_gmt":"2023-05-22T04:13:30","guid":{"rendered":"https:\/\/111.org.tr\/?page_id=2356"},"modified":"2024-11-09T22:08:47","modified_gmt":"2024-11-09T19:08:47","slug":"canan-aladag","status":"publish","type":"page","link":"https:\/\/kilincadvisory.com\/zh\/canan-aladag\/","title":{"rendered":"\u8d3e\u5357\u00b7\u963f\u62c9\u8fbe"},"content":{"rendered":"<div data-elementor-type=\"wp-page\" data-elementor-id=\"2356\" class=\"elementor elementor-2356\" data-elementor-post-type=\"page\">\n\t\t\t\t\t\t<section class=\"elementor-section elementor-top-section elementor-element elementor-element-7e7f630 elementor-section-boxed elementor-section-height-default elementor-section-height-default\" data-id=\"7e7f630\" data-element_type=\"section\" data-e-type=\"section\">\n\t\t\t\t\t\t\t<div class=\"elementor-background-overlay\"><\/div>\n\t\t\t\t\t\t\t<div class=\"elementor-container elementor-column-gap-default\">\n\t\t\t\t\t<div class=\"elementor-column elementor-col-33 elementor-top-column elementor-element elementor-element-c673a8d\" data-id=\"c673a8d\" data-element_type=\"column\" data-e-type=\"column\">\n\t\t\t<div class=\"elementor-widget-wrap elementor-element-populated\">\n\t\t\t\t\t\t<div class=\"elementor-element elementor-element-71e2d27 elementor-widget elementor-widget-image\" data-id=\"71e2d27\" data-element_type=\"widget\" data-e-type=\"widget\" data-widget_type=\"image.default\">\n\t\t\t\t<div class=\"elementor-widget-container\">\n\t\t\t\t\t\t\t\t\t\t\t\t\t\t\t<img fetchpriority=\"high\" decoding=\"async\" width=\"683\" height=\"1024\" src=\"https:\/\/kilincadvisory.com\/wp-content\/uploads\/2024\/11\/Canan-683x1024.jpg\" class=\"attachment-large size-large wp-image-3269\" alt=\"\" srcset=\"https:\/\/kilincadvisory.com\/wp-content\/uploads\/2024\/11\/Canan-683x1024.jpg 683w, https:\/\/kilincadvisory.com\/wp-content\/uploads\/2024\/11\/Canan-200x300.jpg 200w, https:\/\/kilincadvisory.com\/wp-content\/uploads\/2024\/11\/Canan-768x1152.jpg 768w, https:\/\/kilincadvisory.com\/wp-content\/uploads\/2024\/11\/Canan-1024x1536.jpg 1024w, https:\/\/kilincadvisory.com\/wp-content\/uploads\/2024\/11\/Canan-1365x2048.jpg 1365w, https:\/\/kilincadvisory.com\/wp-content\/uploads\/2024\/11\/Canan-8x12.jpg 8w, https:\/\/kilincadvisory.com\/wp-content\/uploads\/2024\/11\/Canan-480x720.jpg 480w, https:\/\/kilincadvisory.com\/wp-content\/uploads\/2024\/11\/Canan-scaled.jpg 1707w\" sizes=\"(max-width: 683px) 100vw, 683px\" title=\"Canan\" \/>\t\t\t\t\t\t\t\t\t\t\t\t\t\t\t<\/div>\n\t\t\t\t<\/div>\n\t\t\t\t<div class=\"elementor-element elementor-element-73ecc0a elementor-widget elementor-widget-heading\" data-id=\"73ecc0a\" data-element_type=\"widget\" data-e-type=\"widget\" data-widget_type=\"heading.default\">\n\t\t\t\t<div class=\"elementor-widget-container\">\n\t\t\t\t\t<h3 class=\"elementor-heading-title elementor-size-default\">\u8d3e\u5357\u00b7\u963f\u62c9\u8fbe<\/h3>\t\t\t\t<\/div>\n\t\t\t\t<\/div>\n\t\t\t\t<div class=\"elementor-element elementor-element-df9875c elementor-widget elementor-widget-text-editor\" data-id=\"df9875c\" data-element_type=\"widget\" data-e-type=\"widget\" data-widget_type=\"text-editor.default\">\n\t\t\t\t<div class=\"elementor-widget-container\">\n\t\t\t\t\t\t\t\t\t<p><b>\u5408\u4f19\u4eba, \u8f6c\u8ba9\u5b9a\u4ef7\u4e3b\u7ba1<\/b><\/p>\t\t\t\t\t\t\t\t<\/div>\n\t\t\t\t<\/div>\n\t\t\t\t<div class=\"elementor-element elementor-element-9377df5 elementor-widget-divider--view-line elementor-widget elementor-widget-divider\" data-id=\"9377df5\" data-element_type=\"widget\" data-e-type=\"widget\" data-widget_type=\"divider.default\">\n\t\t\t\t<div class=\"elementor-widget-container\">\n\t\t\t\t\t\t\t<div class=\"elementor-divider\">\n\t\t\t<span class=\"elementor-divider-separator\">\n\t\t\t\t\t\t<\/span>\n\t\t<\/div>\n\t\t\t\t\t\t<\/div>\n\t\t\t\t<\/div>\n\t\t\t\t<div class=\"elementor-element elementor-element-0a94407 elementor-widget elementor-widget-text-editor\" data-id=\"0a94407\" data-element_type=\"widget\" data-e-type=\"widget\" data-widget_type=\"text-editor.default\">\n\t\t\t\t<div class=\"elementor-widget-container\">\n\t\t\t\t\t\t\t\t\t<p>\u7535\u5b50\u90ae\u7bb1\uff1acanan.aladag@kilincadvisory.com<\/p>\t\t\t\t\t\t\t\t<\/div>\n\t\t\t\t<\/div>\n\t\t\t\t<div class=\"elementor-element elementor-element-aea912f elementor-widget-divider--view-line elementor-widget elementor-widget-divider\" data-id=\"aea912f\" data-element_type=\"widget\" data-e-type=\"widget\" data-widget_type=\"divider.default\">\n\t\t\t\t<div class=\"elementor-widget-container\">\n\t\t\t\t\t\t\t<div class=\"elementor-divider\">\n\t\t\t<span class=\"elementor-divider-separator\">\n\t\t\t\t\t\t<\/span>\n\t\t<\/div>\n\t\t\t\t\t\t<\/div>\n\t\t\t\t<\/div>\n\t\t\t\t<div class=\"elementor-element elementor-element-4f0dd4e elementor-widget elementor-widget-text-editor\" data-id=\"4f0dd4e\" data-element_type=\"widget\" data-e-type=\"widget\" data-widget_type=\"text-editor.default\">\n\t\t\t\t<div class=\"elementor-widget-container\">\n\t\t\t\t\t\t\t\t\t<p><i class=\"fa fa-graduation-cap\">\u00a0<\/i>\u00a0 \u79d1\u5947\u5927\u5b66\uff08\u5de5\u5546\u7ba1\u7406\u5b66\u58eb\uff09<\/p>\t\t\t\t\t\t\t\t<\/div>\n\t\t\t\t<\/div>\n\t\t\t\t<div class=\"elementor-element elementor-element-818a402 elementor-widget-divider--view-line elementor-widget elementor-widget-divider\" data-id=\"818a402\" data-element_type=\"widget\" data-e-type=\"widget\" data-widget_type=\"divider.default\">\n\t\t\t\t<div class=\"elementor-widget-container\">\n\t\t\t\t\t\t\t<div class=\"elementor-divider\">\n\t\t\t<span class=\"elementor-divider-separator\">\n\t\t\t\t\t\t<\/span>\n\t\t<\/div>\n\t\t\t\t\t\t<\/div>\n\t\t\t\t<\/div>\n\t\t\t\t<div class=\"elementor-element elementor-element-58dbfed elementor-widget elementor-widget-text-editor\" data-id=\"58dbfed\" data-element_type=\"widget\" data-e-type=\"widget\" data-widget_type=\"text-editor.default\">\n\t\t\t\t<div class=\"elementor-widget-container\">\n\t\t\t\t\t\t\t\t\t<p><a class=\"gt3_icon_link\" href=\"#\" target=\"_blank\" data-color=\"inherit\" data-hover-color=\"inherit\" style=\"font-size: 14px; color: inherit; margin-right: 15px; margin-top: 0px;\" rel=\"noopener\"><i class=\"fa fa-user-plus\">\u00a0<\/i><\/a>\u4f0a\u65af\u5766\u5e03\u5c14\u6ce8\u518c\u4f1a\u8ba1\u5e08\u534f\u4f1a\uff08\u4f1a\u5458\uff09<\/p>\t\t\t\t\t\t\t\t<\/div>\n\t\t\t\t<\/div>\n\t\t\t\t<div class=\"elementor-element elementor-element-a0ca0fd elementor-widget-divider--view-line elementor-widget elementor-widget-divider\" data-id=\"a0ca0fd\" data-element_type=\"widget\" data-e-type=\"widget\" data-widget_type=\"divider.default\">\n\t\t\t\t<div class=\"elementor-widget-container\">\n\t\t\t\t\t\t\t<div class=\"elementor-divider\">\n\t\t\t<span class=\"elementor-divider-separator\">\n\t\t\t\t\t\t<\/span>\n\t\t<\/div>\n\t\t\t\t\t\t<\/div>\n\t\t\t\t<\/div>\n\t\t\t\t<div class=\"elementor-element elementor-element-34dd46b elementor-widget elementor-widget-text-editor\" data-id=\"34dd46b\" data-element_type=\"widget\" data-e-type=\"widget\" data-widget_type=\"text-editor.default\">\n\t\t\t\t<div class=\"elementor-widget-container\">\n\t\t\t\t\t\t\t\t\t<p><a class=\"gt3_icon_link\" href=\"#\" target=\"_blank\" data-color=\"inherit\" data-hover-color=\"inherit\" style=\"font-size: 14px; color: inherit; margin-right: 15px; margin-top: 0px;\" rel=\"noopener\"><i class=\"fa fa-check\">\u00a0<\/i><\/a>\u00a0\u82f1\u8bed\u3001\u5fb7\u8bed\u3001\u6cd5\u8bed<\/p>\t\t\t\t\t\t\t\t<\/div>\n\t\t\t\t<\/div>\n\t\t\t\t\t<\/div>\n\t\t<\/div>\n\t\t\t\t<div class=\"elementor-column elementor-col-66 elementor-top-column elementor-element elementor-element-6a81e60\" data-id=\"6a81e60\" data-element_type=\"column\" data-e-type=\"column\" data-settings=\"{&quot;background_background&quot;:&quot;classic&quot;}\">\n\t\t\t<div class=\"elementor-widget-wrap elementor-element-populated\">\n\t\t\t\t\t\t<div class=\"elementor-element elementor-element-c1c6451 elementor-widget elementor-widget-text-editor\" data-id=\"c1c6451\" data-element_type=\"widget\" data-e-type=\"widget\" data-widget_type=\"text-editor.default\">\n\t\t\t\t<div class=\"elementor-widget-container\">\n\t\t\t\t\t\t\t\t\t<p>\u8d3e\u5357\u00b7\u963f\u62c9\u8fbe\u662f\u8f6c\u8ba9\u5b9a\u4ef7\u9886\u57df\u4e3a\u6570\u4e0d\u591a\u7684\u56fd\u9645\u53ca\u672c\u5730\u4e13\u5bb6\u4e4b\u4e00\uff0c\u591a\u5e74\u6765\u53c2\u4e0e\u4e86\u5305\u62ecOECD BEPS\u9879\u76ee\u5728\u5185\u7684\u591a\u4e2a\u9879\u76ee\u7684\u5f62\u6210\u9636\u6bb5\u5de5\u4f5c\u3002<\/p><p>2000\u5e74\uff0c\u8d3e\u5357\u00b7\u963f\u62c9\u8fbe\u6bd5\u4e1a\u4e8e\u79d1\u5947\u5927\u5b66\u5de5\u5546\u7ba1\u7406\u7cfb\u540e\u52a0\u5165\u666e\u534e\u6c38\u9053\uff08PwC\uff09\u3002\u5979\u4e3a\u80fd\u6e90\u3001\u5feb\u901f\u6d88\u8d39\u54c1\u53ca\u5236\u836f\u884c\u4e1a\u7684\u5ba2\u6237\u63d0\u4f9b\u7a0e\u52a1\u54a8\u8be2\u3001\u5e76\u8d2d\u3001\u7a0e\u52a1\u7a3d\u67e5\u4ee5\u53ca\u7a0e\u52a1\u5408\u89c4\u548c\u5168\u9762\u8ba4\u8bc1\u670d\u52a1\u30022005\u81f32007\u5e74\uff0c\u5979\u52a0\u5165\u4e86\u8377\u5170\u963f\u59c6\u65af\u7279\u4e39\u666e\u534e\u6c38\u9053\u529e\u516c\u5ba4\u7684\u8f6c\u8ba9\u5b9a\u4ef7\u56e2\u961f\u3002\u56de\u5230\u571f\u8033\u5176\u540e\uff0c\u5979\u5728\u666e\u534e\u6c38\u9053\u571f\u8033\u5176\u4f0a\u65af\u5766\u5e03\u5c14\u529e\u516c\u5ba4\u5efa\u7acb\u4e86\u571f\u8033\u5176\u9996\u4e2a\u8f6c\u8ba9\u5b9a\u4ef7\u56e2\u961f\uff0c\u5e76\u4e13\u6ce8\u4e8e\u8f6c\u8ba9\u5b9a\u4ef7\u54a8\u8be2\u670d\u52a1\u3002\u8d3e\u5357\u7684\u5ba2\u6237\u7ec4\u5408\u6db5\u76d6\u6570\u767e\u5bb6\u56fd\u9645\u548c\u672c\u5730\u516c\u53f8\uff0c\u5728\u8fc7\u53bb\u56db\u5e74\u91cc\uff0c\u5979\u4e00\u76f4\u8d1f\u8d23\u534f\u8c03\u666e\u534e\u6c38\u9053\u5728\u6bd4\u5229\u65f6\u7684\u5168\u7403\u8f6c\u8ba9\u5b9a\u4ef7\u7f51\u7edc\u3002\u5979\u4e0e\u5168\u7403\u591a\u4e2a\u7a0e\u52a1\u7ba1\u7406\u673a\u6784\u5efa\u7acb\u4e86\u5bc6\u5207\u8054\u7cfb\uff08\u4e3b\u8981\u5305\u62ec\u571f\u8033\u5176\u3001\u8377\u5170\u3001\u6bd4\u5229\u65f6\uff09\uff0c\u5e76\u5728\u5ba2\u6237\u5de5\u4f5c\u53ca\u7f51\u7edc\u534f\u8c03\u6d3b\u52a8\u4e2d\u4e0e\u5176\u5408\u4f5c\u3002\u5728OECD BEPS\u9879\u76ee\u6846\u67b6\u5185\uff0c\u5979\u66fe\u4f5c\u4e3a\u89c2\u5bdf\u5458\u53c2\u4e0e\u8f6c\u8ba9\u5b9a\u4ef7\u7814\u7a76\u4e0e\u4f1a\u8bae\uff0c\u5bf9\u6709\u5f85\u8bc4\u8bba\u7684\u95ee\u9898\u53d1\u8868\u4e86\u610f\u89c1\uff0c\u5e76\u6700\u7ec8\u53c2\u4e0eBEPS\u6570\u5b57\u7ecf\u6d4e\u7a0e\u6536\u884c\u52a8\u53ca\u5168\u7403\u6700\u4f4e\u7a0e\u6280\u672f\u59d4\u5458\u4f1a\u5de5\u4f5c\u3002<\/p><p>\u5979\u5728\u56fd\u9645\u53ca\u5730\u65b9\u7a0e\u52a1\u520a\u7269\u3001\u62a5\u7eb8\u53ca\u5176\u4ed6\u5b66\u672f\u51fa\u7248\u7269\u4e0a\u64b0\u5199\u6587\u7ae0\uff0c\u5e76\u5728\u5404\u7c7b\u7a0e\u52a1\u4f1a\u8bae\u4e0a\u62c5\u4efb\u6f14\u8bb2\u5609\u5bbe\u3002<\/p>\t\t\t\t\t\t\t\t<\/div>\n\t\t\t\t<\/div>\n\t\t\t\t\t<\/div>\n\t\t<\/div>\n\t\t\t\t\t<\/div>\n\t\t<\/section>\n\t\t\t\t<\/div>","protected":false},"excerpt":{"rendered":"<p>Canan Alada\u011f Ortak, Transfer Fiyatland\u0131rmas\u0131 Lideri E:\u00a0 \u00a0 canan.aladag@kilincadvisory.com \u00a0\u00a0 Ko\u00e7 \u00dcniversitesi &#8211; \u0130\u015fletme \u00a0\u0130stanbul SMMM Odas\u0131 (\u00dcye) \u00a0\u00a0\u0130ngilizce, Almanca, Frans\u0131zca Canan Alada\u011f, Transfer Fiyatland\u0131rmas\u0131 alan\u0131nda OECD BEPS projesi gibi projelerin olu\u015fum a\u015famalar\u0131nda uzun y\u0131llar \u00e7al\u0131\u015fm\u0131\u015f, uluslararas\u0131 ve yerel d\u00fczeyde say\u0131l\u0131 uzmanlardan olup SMMM unvan\u0131na sahiptir. 2000 y\u0131l\u0131nda Ko\u00e7 \u00dcniversitesi \u0130\u015fletme B\u00f6l\u00fcm\u00fc&#8217;nden mezun olduktan sonra [&hellip;]<\/p>\n","protected":false},"author":1,"featured_media":0,"parent":0,"menu_order":0,"comment_status":"closed","ping_status":"closed","template":"","meta":{"inline_featured_image":false,"footnotes":""},"class_list":["post-2356","page","type-page","status-publish","hentry"],"_links":{"self":[{"href":"https:\/\/kilincadvisory.com\/zh\/wp-json\/wp\/v2\/pages\/2356","targetHints":{"allow":["GET"]}}],"collection":[{"href":"https:\/\/kilincadvisory.com\/zh\/wp-json\/wp\/v2\/pages"}],"about":[{"href":"https:\/\/kilincadvisory.com\/zh\/wp-json\/wp\/v2\/types\/page"}],"author":[{"embeddable":true,"href":"https:\/\/kilincadvisory.com\/zh\/wp-json\/wp\/v2\/users\/1"}],"replies":[{"embeddable":true,"href":"https:\/\/kilincadvisory.com\/zh\/wp-json\/wp\/v2\/comments?post=2356"}],"version-history":[{"count":52,"href":"https:\/\/kilincadvisory.com\/zh\/wp-json\/wp\/v2\/pages\/2356\/revisions"}],"predecessor-version":[{"id":3931,"href":"https:\/\/kilincadvisory.com\/zh\/wp-json\/wp\/v2\/pages\/2356\/revisions\/3931"}],"wp:attachment":[{"href":"https:\/\/kilincadvisory.com\/zh\/wp-json\/wp\/v2\/media?parent=2356"}],"curies":[{"name":"wp","href":"https:\/\/api.w.org\/{rel}","templated":true}]}}