{"id":2346,"date":"2023-05-22T07:03:19","date_gmt":"2023-05-22T04:03:19","guid":{"rendered":"https:\/\/111.org.tr\/?page_id=2346"},"modified":"2024-11-14T11:20:31","modified_gmt":"2024-11-14T08:20:31","slug":"abdullah-kilinc","status":"publish","type":"page","link":"https:\/\/kilincadvisory.com\/zh\/abdullah-kilinc\/","title":{"rendered":"\u963f\u535c\u675c\u62c9\u00b7\u514b\u4f26\u5947"},"content":{"rendered":"<div data-elementor-type=\"wp-page\" data-elementor-id=\"2346\" class=\"elementor elementor-2346\" data-elementor-post-type=\"page\">\n\t\t\t\t\t\t<section class=\"elementor-section elementor-top-section elementor-element elementor-element-7e7f630 elementor-section-boxed elementor-section-height-default elementor-section-height-default\" data-id=\"7e7f630\" data-element_type=\"section\" data-e-type=\"section\">\n\t\t\t\t\t\t\t<div class=\"elementor-background-overlay\"><\/div>\n\t\t\t\t\t\t\t<div class=\"elementor-container elementor-column-gap-default\">\n\t\t\t\t\t<div class=\"elementor-column elementor-col-33 elementor-top-column elementor-element elementor-element-c673a8d\" data-id=\"c673a8d\" data-element_type=\"column\" data-e-type=\"column\">\n\t\t\t<div class=\"elementor-widget-wrap elementor-element-populated\">\n\t\t\t\t\t\t<div class=\"elementor-element elementor-element-71e2d27 elementor-widget elementor-widget-image\" data-id=\"71e2d27\" data-element_type=\"widget\" data-e-type=\"widget\" data-widget_type=\"image.default\">\n\t\t\t\t<div class=\"elementor-widget-container\">\n\t\t\t\t\t\t\t\t\t\t\t\t\t\t\t<img fetchpriority=\"high\" decoding=\"async\" width=\"940\" height=\"627\" src=\"https:\/\/kilincadvisory.com\/wp-content\/uploads\/2024\/11\/Abdullah-1024x683.jpg\" class=\"attachment-large size-large wp-image-3216\" alt=\"\" srcset=\"https:\/\/kilincadvisory.com\/wp-content\/uploads\/2024\/11\/Abdullah-1024x683.jpg 1024w, https:\/\/kilincadvisory.com\/wp-content\/uploads\/2024\/11\/Abdullah-300x200.jpg 300w, https:\/\/kilincadvisory.com\/wp-content\/uploads\/2024\/11\/Abdullah-768x512.jpg 768w, https:\/\/kilincadvisory.com\/wp-content\/uploads\/2024\/11\/Abdullah-1536x1024.jpg 1536w, https:\/\/kilincadvisory.com\/wp-content\/uploads\/2024\/11\/Abdullah-18x12.jpg 18w, https:\/\/kilincadvisory.com\/wp-content\/uploads\/2024\/11\/Abdullah-480x320.jpg 480w\" sizes=\"(max-width: 940px) 100vw, 940px\" title=\"Abdullah\" \/>\t\t\t\t\t\t\t\t\t\t\t\t\t\t\t<\/div>\n\t\t\t\t<\/div>\n\t\t\t\t<div class=\"elementor-element elementor-element-73ecc0a elementor-widget elementor-widget-heading\" data-id=\"73ecc0a\" data-element_type=\"widget\" data-e-type=\"widget\" data-widget_type=\"heading.default\">\n\t\t\t\t<div class=\"elementor-widget-container\">\n\t\t\t\t\t<h3 class=\"elementor-heading-title elementor-size-default\">\u963f\u535c\u675c\u62c9\u00b7\u514b\u4f26\u5947<\/h3>\t\t\t\t<\/div>\n\t\t\t\t<\/div>\n\t\t\t\t<div class=\"elementor-element elementor-element-df9875c elementor-widget elementor-widget-text-editor\" data-id=\"df9875c\" data-element_type=\"widget\" data-e-type=\"widget\" data-widget_type=\"text-editor.default\">\n\t\t\t\t<div class=\"elementor-widget-container\">\n\t\t\t\t\t\t\t\t\t<p>\u521b\u59cb\u5408\u4f19\u4eba\uff0c\u5f8b\u5e08<\/p>\t\t\t\t\t\t\t\t<\/div>\n\t\t\t\t<\/div>\n\t\t\t\t<div class=\"elementor-element elementor-element-ed12741 elementor-widget-divider--view-line elementor-widget elementor-widget-divider\" data-id=\"ed12741\" data-element_type=\"widget\" data-e-type=\"widget\" data-widget_type=\"divider.default\">\n\t\t\t\t<div class=\"elementor-widget-container\">\n\t\t\t\t\t\t\t<div class=\"elementor-divider\">\n\t\t\t<span class=\"elementor-divider-separator\">\n\t\t\t\t\t\t<\/span>\n\t\t<\/div>\n\t\t\t\t\t\t<\/div>\n\t\t\t\t<\/div>\n\t\t\t\t<div class=\"elementor-element elementor-element-36314ad elementor-widget elementor-widget-text-editor\" data-id=\"36314ad\" data-element_type=\"widget\" data-e-type=\"widget\" data-widget_type=\"text-editor.default\">\n\t\t\t\t<div class=\"elementor-widget-container\">\n\t\t\t\t\t\t\t\t\t<p>\u7535\u5b50\u90ae\u7bb1\uff1aabdullah.kilinc@kilincadvisory.com<\/p>\t\t\t\t\t\t\t\t<\/div>\n\t\t\t\t<\/div>\n\t\t\t\t<div class=\"elementor-element elementor-element-c4ec959 elementor-widget-divider--view-line elementor-widget elementor-widget-divider\" data-id=\"c4ec959\" data-element_type=\"widget\" data-e-type=\"widget\" data-widget_type=\"divider.default\">\n\t\t\t\t<div class=\"elementor-widget-container\">\n\t\t\t\t\t\t\t<div class=\"elementor-divider\">\n\t\t\t<span class=\"elementor-divider-separator\">\n\t\t\t\t\t\t<\/span>\n\t\t<\/div>\n\t\t\t\t\t\t<\/div>\n\t\t\t\t<\/div>\n\t\t\t\t<div class=\"elementor-element elementor-element-5ecef8f elementor-widget elementor-widget-text-editor\" data-id=\"5ecef8f\" data-element_type=\"widget\" data-e-type=\"widget\" data-widget_type=\"text-editor.default\">\n\t\t\t\t<div class=\"elementor-widget-container\">\n\t\t\t\t\t\t\t\t\t<p><i class=\"fa fa-graduation-cap\">\u00a0<\/i>\u00a0 \u00a0\u4e2d\u4e1c\u6280\u672f\u5927\u5b66\uff08\u5de5\u5546\u7ba1\u7406\u5b66\u58eb\uff09<\/p>\t\t\t\t\t\t\t\t<\/div>\n\t\t\t\t<\/div>\n\t\t\t\t<div class=\"elementor-element elementor-element-b51176d elementor-widget elementor-widget-text-editor\" data-id=\"b51176d\" data-element_type=\"widget\" data-e-type=\"widget\" data-widget_type=\"text-editor.default\">\n\t\t\t\t<div class=\"elementor-widget-container\">\n\t\t\t\t\t\t\t\t\t<p><i class=\"fa fa-graduation-cap\">\u00a0<\/i>\u00a0 \u00a0\u4f0a\u65af\u5766\u5e03\u5c14\u6587\u5316\u5927\u5b66\uff08\u6cd5\u5b66\u5b66\u58eb\uff09<\/p>\t\t\t\t\t\t\t\t<\/div>\n\t\t\t\t<\/div>\n\t\t\t\t<div class=\"elementor-element elementor-element-aea912f elementor-widget-divider--view-line elementor-widget elementor-widget-divider\" data-id=\"aea912f\" data-element_type=\"widget\" data-e-type=\"widget\" data-widget_type=\"divider.default\">\n\t\t\t\t<div class=\"elementor-widget-container\">\n\t\t\t\t\t\t\t<div class=\"elementor-divider\">\n\t\t\t<span class=\"elementor-divider-separator\">\n\t\t\t\t\t\t<\/span>\n\t\t<\/div>\n\t\t\t\t\t\t<\/div>\n\t\t\t\t<\/div>\n\t\t\t\t<div class=\"elementor-element elementor-element-b4f3d87 elementor-widget elementor-widget-text-editor\" data-id=\"b4f3d87\" data-element_type=\"widget\" data-e-type=\"widget\" data-widget_type=\"text-editor.default\">\n\t\t\t\t<div class=\"elementor-widget-container\">\n\t\t\t\t\t\t\t\t\t<p><a class=\"gt3_icon_link\" href=\"#\" target=\"_blank\" data-color=\"inherit\" data-hover-color=\"inherit\" style=\"font-size: 14px; color: inherit; margin-right: 15px; margin-top: 0px;\" rel=\"noopener\"><i class=\"fa fa-user-plus\">\u00a0<\/i><\/a>\u4f0a\u65af\u5766\u5e03\u5c14\u5f8b\u5e08\u534f\u4f1a\uff08\u5f8b\u5e08\uff09<\/p>\t\t\t\t\t\t\t\t<\/div>\n\t\t\t\t<\/div>\n\t\t\t\t<div class=\"elementor-element elementor-element-58dbfed elementor-widget elementor-widget-text-editor\" data-id=\"58dbfed\" data-element_type=\"widget\" data-e-type=\"widget\" data-widget_type=\"text-editor.default\">\n\t\t\t\t<div class=\"elementor-widget-container\">\n\t\t\t\t\t\t\t\t\t<p><a class=\"gt3_icon_link\" href=\"#\" target=\"_blank\" data-color=\"inherit\" data-hover-color=\"inherit\" style=\"font-size: 14px; color: inherit; margin-right: 15px; margin-top: 0px;\" rel=\"noopener\"><i class=\"fa fa-user-plus\">\u00a0<\/i><\/a>\u4f0a\u65af\u5766\u5e03\u5c14\u6ce8\u518c\u4f1a\u8ba1\u5e08\u534f\u4f1a\uff08\u4f1a\u5458\uff09<\/p>\t\t\t\t\t\t\t\t<\/div>\n\t\t\t\t<\/div>\n\t\t\t\t<div class=\"elementor-element elementor-element-a0ca0fd elementor-widget-divider--view-line elementor-widget elementor-widget-divider\" data-id=\"a0ca0fd\" data-element_type=\"widget\" data-e-type=\"widget\" data-widget_type=\"divider.default\">\n\t\t\t\t<div class=\"elementor-widget-container\">\n\t\t\t\t\t\t\t<div class=\"elementor-divider\">\n\t\t\t<span class=\"elementor-divider-separator\">\n\t\t\t\t\t\t<\/span>\n\t\t<\/div>\n\t\t\t\t\t\t<\/div>\n\t\t\t\t<\/div>\n\t\t\t\t<div class=\"elementor-element elementor-element-34dd46b elementor-widget elementor-widget-text-editor\" data-id=\"34dd46b\" data-element_type=\"widget\" data-e-type=\"widget\" data-widget_type=\"text-editor.default\">\n\t\t\t\t<div class=\"elementor-widget-container\">\n\t\t\t\t\t\t\t\t\t<p><a class=\"gt3_icon_link\" href=\"#\" target=\"_blank\" data-color=\"inherit\" data-hover-color=\"inherit\" style=\"font-size: 14px; color: inherit; margin-right: 15px; margin-top: 0px;\" rel=\"noopener\"><i class=\"fa fa-check\">\u00a0<\/i><\/a> \u82f1\u8bed<\/p>\t\t\t\t\t\t\t\t<\/div>\n\t\t\t\t<\/div>\n\t\t\t\t<div class=\"elementor-element elementor-element-3e9dc3e elementor-widget-divider--view-line elementor-widget elementor-widget-divider\" data-id=\"3e9dc3e\" data-element_type=\"widget\" data-e-type=\"widget\" data-widget_type=\"divider.default\">\n\t\t\t\t<div class=\"elementor-widget-container\">\n\t\t\t\t\t\t\t<div class=\"elementor-divider\">\n\t\t\t<span class=\"elementor-divider-separator\">\n\t\t\t\t\t\t<\/span>\n\t\t<\/div>\n\t\t\t\t\t\t<\/div>\n\t\t\t\t<\/div>\n\t\t\t\t<div class=\"elementor-element elementor-element-0b536cc elementor-view-default elementor-widget elementor-widget-icon\" data-id=\"0b536cc\" data-element_type=\"widget\" data-e-type=\"widget\" data-widget_type=\"icon.default\">\n\t\t\t\t<div class=\"elementor-widget-container\">\n\t\t\t\t\t\t\t<div class=\"elementor-icon-wrapper\">\n\t\t\t<a class=\"elementor-icon\" href=\"https:\/\/tr.linkedin.com\/in\/abdullah-k%C4%B1l%C4%B1n%C3%A7-165b7223\" target=\"_blank\">\n\t\t\t<i aria-hidden=\"true\" class=\"fab fa-linkedin\"><\/i>\t\t\t<\/a>\n\t\t<\/div>\n\t\t\t\t\t\t<\/div>\n\t\t\t\t<\/div>\n\t\t\t\t\t<\/div>\n\t\t<\/div>\n\t\t\t\t<div class=\"elementor-column elementor-col-66 elementor-top-column elementor-element elementor-element-6a81e60\" data-id=\"6a81e60\" data-element_type=\"column\" data-e-type=\"column\" data-settings=\"{&quot;background_background&quot;:&quot;classic&quot;}\">\n\t\t\t<div class=\"elementor-widget-wrap elementor-element-populated\">\n\t\t\t\t\t\t<div class=\"elementor-element elementor-element-c1c6451 elementor-widget elementor-widget-text-editor\" data-id=\"c1c6451\" data-element_type=\"widget\" data-e-type=\"widget\" data-widget_type=\"text-editor.default\">\n\t\t\t\t<div class=\"elementor-widget-container\">\n\t\t\t\t\t\t\t\t\t<p>\u963f\u535c\u675c\u62c9\u00b7\u514b\u4f26\u5947\u4e13\u6ce8\u4e8e\u56fd\u9645\u7a0e\u52a1\u67b6\u6784\u8bbe\u8ba1\u3001\u5e76\u8d2d\u5c3d\u804c\u8c03\u67e5\u9879\u76ee\u3001\u7a0e\u52a1\u5efa\u6a21\u53ca\u7a0e\u52a1\u5408\u89c4\u5de5\u4f5c\u3002<\/p><p>2005\u5e74\uff0c\u4ed6\u6bd5\u4e1a\u4e8e\u4e2d\u4e1c\u6280\u672f\u5927\u5b66\u5de5\u5546\u7ba1\u7406\u7cfb\uff0c\u5e76\u5728\u666e\u534e\u6c38\u9053\u4f0a\u65af\u5766\u5e03\u5c14\u7a0e\u52a1\u54a8\u8be2\u90e8\u95e8\u62c5\u4efb\u4e5d\u5e74\u4e0d\u540c\u7ea7\u522b\u7684\u804c\u52a1\u30022014\u5e74\uff0c\u4ed6\u52a0\u5165\u8036\u5c14\u5fb7\u52d2\u59c6\u96c6\u56e2\u516c\u53f8\u62c5\u4efb\u7a0e\u52a1\u7ecf\u7406\uff0c\u8d1f\u8d23\u7ec4\u5efa\u7a0e\u52a1\u56e2\u961f\u3002\u968f\u540e\u4f5c\u4e3a\u7a0e\u52a1\u603b\u76d1\uff0c\u4ed6\u5efa\u7acb\u5e76\u7ba1\u7406\u4e86\u4e00\u652f\u5168\u7403\u7a0e\u52a1\u56e2\u961f\uff0c\u8d1f\u8d23\u4e94\u5927\u884c\u4e1a\u8d85\u8fc715\u591a\u4e2a\u56fd\u5bb6\u7684\u4e1a\u52a1\uff0c\u4e1a\u52a1\u8303\u56f4\u8986\u76d6\u5305\u62ec\u571f\u8033\u5176\u3001\u8377\u5170\u3001\u745e\u58eb\u3001\u54e5\u4f26\u6bd4\u4e9a\u548c\u54c8\u8428\u514b\u65af\u5766\u7b49\u3002\u9664\u4e86\u7a0e\u52a1\u603b\u76d1\u7684\u804c\u8d23\u5916\uff0c\u4ed6\u8fd8\u5728\u7f8e\u6d32\u3001\u6b27\u6d32\u53ca\u4e9a\u6d32\u591a\u4e2a\u56fd\u5bb6\u7684\u5e76\u8d2d\u4ea4\u6613\u4e2d\u4ee3\u8868\u4e70\u65b9\u5904\u7406\u7a0e\u52a1\u53ca\u67b6\u6784\u76f8\u5173\u4e8b\u52a1\uff0c\u53c2\u4e0e\u76f8\u5173\u56e2\u961f\u5e76\u7ba1\u7406\u6574\u4e2a\u6d41\u7a0b\u3002<\/p><p>2021\u5e74\uff0c\u4ed6\u521b\u7acb\u4e86\u201cK\u0131l\u0131n\u00e7 Advisory\u201d\u516c\u53f8\uff0c\u5e76\u7ee7\u7eed\u4e0e\u5ba2\u6237\u5206\u4eab\u5176\u5728\u7a0e\u52a1\u4e0e\u6cd5\u5f8b\u54a8\u8be2\u65b9\u9762\u7684\u4e13\u4e1a\u7ecf\u9a8c\u4e0e\u4e13\u4e1a\u77e5\u8bc6\u3002\u963f\u535c\u675c\u62c9\u00b7\u514b\u4f26\u5947\u7684\u5ba2\u6237\u6db5\u76d6\u9886\u5148\u7684\u7535\u5546\u3001\u5de5\u4e1a\u53ca\u65c5\u6e38\u516c\u53f8\uff0c\u540c\u65f6\u4ed6\u8fd8\u5728\u8de8\u56fd\u98ce\u9669\u6295\u8d44\u7ed3\u6784\u53ca\u4e0a\u5e02\u516c\u53f8\u4e2d\u62c5\u4efb\u72ec\u7acb\u8d22\u52a1\u7ecf\u7406\u3001\u7a0e\u52a1\u53ca\u6cd5\u5f8b\u987e\u95ee\u3002<\/p><p>\u4ed6\u662f\u4f0a\u65af\u5766\u5e03\u5c14\u5f8b\u5e08\u534f\u4f1a\u53ca\u4f0a\u65af\u5766\u5e03\u5c14\u6ce8\u518c\u4f1a\u8ba1\u5e08\u534f\u4f1a\u4f1a\u5458\u3002<\/p>\t\t\t\t\t\t\t\t<\/div>\n\t\t\t\t<\/div>\n\t\t\t\t\t<\/div>\n\t\t<\/div>\n\t\t\t\t\t<\/div>\n\t\t<\/section>\n\t\t\t\t<section class=\"elementor-section elementor-top-section elementor-element elementor-element-ade8237 elementor-section-boxed elementor-section-height-default elementor-section-height-default\" data-id=\"ade8237\" data-element_type=\"section\" data-e-type=\"section\">\n\t\t\t\t\t\t<div class=\"elementor-container elementor-column-gap-default\">\n\t\t\t\t\t<div class=\"elementor-column elementor-col-100 elementor-top-column elementor-element elementor-element-e2ec691\" data-id=\"e2ec691\" data-element_type=\"column\" data-e-type=\"column\">\n\t\t\t<div class=\"elementor-widget-wrap elementor-element-populated\">\n\t\t\t\t\t\t<section class=\"elementor-section elementor-inner-section elementor-element elementor-element-d3f12f4 elementor-section-boxed elementor-section-height-default elementor-section-height-default\" data-id=\"d3f12f4\" data-element_type=\"section\" data-e-type=\"section\">\n\t\t\t\t\t\t<div class=\"elementor-container elementor-column-gap-default\">\n\t\t\t\t\t<div class=\"elementor-column elementor-col-50 elementor-inner-column elementor-element elementor-element-0c0bdc9\" data-id=\"0c0bdc9\" data-element_type=\"column\" data-e-type=\"column\">\n\t\t\t<div class=\"elementor-widget-wrap\">\n\t\t\t\t\t\t\t<\/div>\n\t\t<\/div>\n\t\t\t\t<div class=\"elementor-column elementor-col-50 elementor-inner-column elementor-element elementor-element-67b0bd2\" data-id=\"67b0bd2\" data-element_type=\"column\" data-e-type=\"column\">\n\t\t\t<div class=\"elementor-widget-wrap\">\n\t\t\t\t\t\t\t<\/div>\n\t\t<\/div>\n\t\t\t\t\t<\/div>\n\t\t<\/section>\n\t\t\t\t\t<\/div>\n\t\t<\/div>\n\t\t\t\t\t<\/div>\n\t\t<\/section>\n\t\t\t\t<section class=\"elementor-section elementor-top-section elementor-element elementor-element-3332099 elementor-section-boxed elementor-section-height-default elementor-section-height-default\" data-id=\"3332099\" data-element_type=\"section\" data-e-type=\"section\">\n\t\t\t\t\t\t<div class=\"elementor-container elementor-column-gap-default\">\n\t\t\t\t\t<div class=\"elementor-column elementor-col-100 elementor-top-column elementor-element elementor-element-8b32905\" data-id=\"8b32905\" data-element_type=\"column\" data-e-type=\"column\">\n\t\t\t<div class=\"elementor-widget-wrap\">\n\t\t\t\t\t\t\t<\/div>\n\t\t<\/div>\n\t\t\t\t\t<\/div>\n\t\t<\/section>\n\t\t\t\t<\/div>","protected":false},"excerpt":{"rendered":"<p>Abdullah K\u0131l\u0131n\u00e7 Kurucu Ortak E:\u00a0 \u00a0 \u00a0abdullah.kilinc@kilincadvisory.com \u00a0\u00a0 \u00a0Orta Do\u011fu Teknik \u00dcniversitesi &#8211; \u0130\u015fletme \u00a0\u00a0 \u00a0\u0130stanbul K\u00fclt\u00fcr \u00dcniversitesi &#8211; Hukuk \u00a0\u0130stanbul Barosu (\u00dcye) \u00a0\u0130stanbul SMMM Odas\u0131 (\u00dcye) \u00a0 \u0130ngilizce Abdullah K\u0131l\u0131n\u00e7, Uluslararas\u0131 Vergi Yap\u0131land\u0131rmas\u0131, Birle\u015fme ve Devralmalar, \u201cdue diligence\u201d projeleri, vergi modellemesi ve vergi uyum \u00e7al\u0131\u015fmalar\u0131 konusunda uzmanla\u015fm\u0131\u015ft\u0131r. 2005 y\u0131l\u0131nda Orta Do\u011fu Teknik \u00dcniversitesi \u0130\u015fletme [&hellip;]<\/p>\n","protected":false},"author":1,"featured_media":0,"parent":0,"menu_order":0,"comment_status":"closed","ping_status":"closed","template":"","meta":{"inline_featured_image":false,"footnotes":""},"class_list":["post-2346","page","type-page","status-publish","hentry"],"_links":{"self":[{"href":"https:\/\/kilincadvisory.com\/zh\/wp-json\/wp\/v2\/pages\/2346","targetHints":{"allow":["GET"]}}],"collection":[{"href":"https:\/\/kilincadvisory.com\/zh\/wp-json\/wp\/v2\/pages"}],"about":[{"href":"https:\/\/kilincadvisory.com\/zh\/wp-json\/wp\/v2\/types\/page"}],"author":[{"embeddable":true,"href":"https:\/\/kilincadvisory.com\/zh\/wp-json\/wp\/v2\/users\/1"}],"replies":[{"embeddable":true,"href":"https:\/\/kilincadvisory.com\/zh\/wp-json\/wp\/v2\/comments?post=2346"}],"version-history":[{"count":63,"href":"https:\/\/kilincadvisory.com\/zh\/wp-json\/wp\/v2\/pages\/2346\/revisions"}],"predecessor-version":[{"id":3963,"href":"https:\/\/kilincadvisory.com\/zh\/wp-json\/wp\/v2\/pages\/2346\/revisions\/3963"}],"wp:attachment":[{"href":"https:\/\/kilincadvisory.com\/zh\/wp-json\/wp\/v2\/media?parent=2346"}],"curies":[{"name":"wp","href":"https:\/\/api.w.org\/{rel}","templated":true}]}}