{"id":1972,"date":"2019-09-11T12:18:20","date_gmt":"2019-09-11T09:18:20","guid":{"rendered":"https:\/\/livewp.site\/wp\/md\/juris\/?page_id=174"},"modified":"2025-10-06T00:59:29","modified_gmt":"2025-10-05T21:59:29","slug":"hakkimizda","status":"publish","type":"page","link":"https:\/\/kilincadvisory.com\/zh\/hakkimizda\/","title":{"rendered":"\u5173\u4e8e\u6211\u4eec"},"content":{"rendered":"<div data-elementor-type=\"wp-page\" data-elementor-id=\"1972\" class=\"elementor elementor-1972\" data-elementor-post-type=\"page\">\n\t\t\t\t\t\t<section class=\"elementor-section elementor-top-section elementor-element elementor-element-7963294 elementor-section-boxed elementor-section-height-default elementor-section-height-default\" data-id=\"7963294\" data-element_type=\"section\" data-e-type=\"section\" data-settings=\"{&quot;background_background&quot;:&quot;classic&quot;}\">\n\t\t\t\t\t\t<div class=\"elementor-container elementor-column-gap-no\">\n\t\t\t\t\t<div class=\"elementor-column elementor-col-100 elementor-top-column elementor-element elementor-element-b022896\" data-id=\"b022896\" data-element_type=\"column\" data-e-type=\"column\">\n\t\t\t<div class=\"elementor-widget-wrap elementor-element-populated\">\n\t\t\t\t\t\t<div class=\"elementor-element elementor-element-32ccc9f elementor-widget elementor-widget-spacer\" data-id=\"32ccc9f\" data-element_type=\"widget\" data-e-type=\"widget\" data-widget_type=\"spacer.default\">\n\t\t\t\t<div class=\"elementor-widget-container\">\n\t\t\t\t\t\t\t<div class=\"elementor-spacer\">\n\t\t\t<div class=\"elementor-spacer-inner\"><\/div>\n\t\t<\/div>\n\t\t\t\t\t\t<\/div>\n\t\t\t\t<\/div>\n\t\t\t\t<div class=\"elementor-element elementor-element-ae8cb43 elementor-widget elementor-widget-spacer\" data-id=\"ae8cb43\" data-element_type=\"widget\" data-e-type=\"widget\" data-widget_type=\"spacer.default\">\n\t\t\t\t<div class=\"elementor-widget-container\">\n\t\t\t\t\t\t\t<div class=\"elementor-spacer\">\n\t\t\t<div class=\"elementor-spacer-inner\"><\/div>\n\t\t<\/div>\n\t\t\t\t\t\t<\/div>\n\t\t\t\t<\/div>\n\t\t\t\t<section class=\"elementor-section elementor-inner-section elementor-element elementor-element-05062fe elementor-section-boxed elementor-section-height-default elementor-section-height-default\" data-id=\"05062fe\" data-element_type=\"section\" data-e-type=\"section\" data-settings=\"{&quot;background_background&quot;:&quot;classic&quot;}\">\n\t\t\t\t\t\t<div class=\"elementor-container elementor-column-gap-default\">\n\t\t\t\t\t<div class=\"elementor-column elementor-col-50 elementor-inner-column elementor-element elementor-element-48dd3c9\" data-id=\"48dd3c9\" data-element_type=\"column\" data-e-type=\"column\">\n\t\t\t<div class=\"elementor-widget-wrap elementor-element-populated\">\n\t\t\t\t\t\t<div class=\"elementor-element elementor-element-d772ebb elementor-widget elementor-widget-image\" data-id=\"d772ebb\" data-element_type=\"widget\" data-e-type=\"widget\" data-widget_type=\"image.default\">\n\t\t\t\t<div class=\"elementor-widget-container\">\n\t\t\t\t\t\t\t\t\t\t\t\t\t\t\t<img fetchpriority=\"high\" decoding=\"async\" width=\"940\" height=\"705\" src=\"https:\/\/kilincadvisory.com\/wp-content\/uploads\/2025\/10\/kilinc1-1024x768.jpg\" class=\"attachment-large size-large wp-image-4395\" alt=\"\" srcset=\"https:\/\/kilincadvisory.com\/wp-content\/uploads\/2025\/10\/kilinc1-1024x768.jpg 1024w, https:\/\/kilincadvisory.com\/wp-content\/uploads\/2025\/10\/kilinc1-300x225.jpg 300w, https:\/\/kilincadvisory.com\/wp-content\/uploads\/2025\/10\/kilinc1-768x576.jpg 768w, https:\/\/kilincadvisory.com\/wp-content\/uploads\/2025\/10\/kilinc1-1536x1152.jpg 1536w, https:\/\/kilincadvisory.com\/wp-content\/uploads\/2025\/10\/kilinc1-16x12.jpg 16w, https:\/\/kilincadvisory.com\/wp-content\/uploads\/2025\/10\/kilinc1-480x360.jpg 480w\" sizes=\"(max-width: 940px) 100vw, 940px\" title=\"kilinc1\" \/>\t\t\t\t\t\t\t\t\t\t\t\t\t\t\t<\/div>\n\t\t\t\t<\/div>\n\t\t\t\t\t<\/div>\n\t\t<\/div>\n\t\t\t\t<div class=\"elementor-column elementor-col-50 elementor-inner-column elementor-element elementor-element-b3818aa\" data-id=\"b3818aa\" data-element_type=\"column\" data-e-type=\"column\">\n\t\t\t<div class=\"elementor-widget-wrap elementor-element-populated\">\n\t\t\t\t\t\t<div class=\"elementor-element elementor-element-979b5bc elementor-widget elementor-widget-text-editor\" data-id=\"979b5bc\" data-element_type=\"widget\" data-e-type=\"widget\" data-widget_type=\"text-editor.default\">\n\t\t\t\t<div class=\"elementor-widget-container\">\n\t\t\t\t\t\t\t\t\t<p style=\"text-align: left;\"><strong>\u514b\u4f26\u5947\u54a8\u8be2<\/strong><span>\u00a0<\/span>\u662f\u4e00\u652f\u4e13\u4e1a\u56e2\u961f\uff0c\u81f4\u529b\u4e8e\u4e3a\u4f01\u4e1a\u548c\u4e2a\u4eba\u63d0\u4f9b\u9ad8\u6548\u7684\u7a0e\u52a1\u7ba1\u7406\u4e0e\u6210\u672c\u63a7\u5236\u670d\u52a1\u3002<\/p><p style=\"text-align: left;\">\u9664\u4e86\u5728\u54a8\u8be2\u516c\u53f8\u548c\u5b9e\u4f53\u4f01\u4e1a\u4e2d\u79ef\u7d2f\u7684\u7a0e\u52a1\u5ba1\u8ba1\u4e0e\u54a8\u8be2\u7ecf\u9a8c\u5916\uff0c\u6211\u4eec\u59cb\u7ec8\u4ee5\u5ba2\u6237\u7684\u89c6\u89d2\u63d0\u4f9b\u89e3\u51b3\u65b9\u6848\u3002\u6211\u4eec\u6ce8\u91cd\u4ee5\u521b\u65b0\u65b9\u6cd5\u652f\u6301\u5546\u4e1a\u8fd0\u4f5c\u548c\u65b0\u4e1a\u52a1\u5f00\u5c55\uff0c\u800c\u4e0d\u662f\u88ab\u89c4\u8303\u6027\u89c4\u5219\u6240\u675f\u7f1a\u3002\u540c\u65f6\uff0c\u6211\u4eec\u7d27\u5bc6\u5173\u6ce8\u7a0e\u52a1\u673a\u5173\u7684\u4fdd\u5b88\u7acb\u573a\uff0c\u65e8\u5728\u4e3a\u5ba2\u6237\u89c4\u5212\u6e05\u6670\u8def\u5f84\uff0c\u5e2e\u52a9\u5176\u5b9e\u73b0\u8d22\u52a1\u76ee\u6807\u5e76\u59a5\u5584\u7ba1\u7406\u7a0e\u52a1\u4e89\u8bae<\/p><p style=\"text-align: left;\">\u514b\u6797\u5947\u54a8\u8be2\u5c06\u7a0e\u52a1\u7ba1\u7406\u7406\u89e3\u4e3a\u4e0d\u4ec5\u662f\u5fc5\u987b\u5c65\u884c\u7684\u8d22\u52a1\u4e49\u52a1\uff0c\u66f4\u662f\u53ef\u4ee5\u901a\u8fc7\u521b\u9020\u6027\u65b9\u6848\u8fdb\u884c\u7ba1\u7406\u7684\u8d22\u52a1\u9886\u57df\uff0c\u4f8b\u5982\u964d\u4f4e\u8d22\u52a1\u6210\u672c\u3001\u4f18\u5316\u73b0\u91d1\u6d41\uff0c\u5e76\u914d\u5408\u6709\u6548\u7684\u98ce\u9669\u7ba1\u7406\u3002<\/p>\t\t\t\t\t\t\t\t<\/div>\n\t\t\t\t<\/div>\n\t\t\t\t\t<\/div>\n\t\t<\/div>\n\t\t\t\t\t<\/div>\n\t\t<\/section>\n\t\t\t\t<div class=\"elementor-element elementor-element-9403595 elementor-widget elementor-widget-spacer\" data-id=\"9403595\" data-element_type=\"widget\" data-e-type=\"widget\" data-widget_type=\"spacer.default\">\n\t\t\t\t<div class=\"elementor-widget-container\">\n\t\t\t\t\t\t\t<div class=\"elementor-spacer\">\n\t\t\t<div class=\"elementor-spacer-inner\"><\/div>\n\t\t<\/div>\n\t\t\t\t\t\t<\/div>\n\t\t\t\t<\/div>\n\t\t\t\t<div class=\"elementor-element elementor-element-1b264b7 elementor-widget elementor-widget-spacer\" data-id=\"1b264b7\" data-element_type=\"widget\" data-e-type=\"widget\" data-widget_type=\"spacer.default\">\n\t\t\t\t<div class=\"elementor-widget-container\">\n\t\t\t\t\t\t\t<div class=\"elementor-spacer\">\n\t\t\t<div class=\"elementor-spacer-inner\"><\/div>\n\t\t<\/div>\n\t\t\t\t\t\t<\/div>\n\t\t\t\t<\/div>\n\t\t\t\t\t<\/div>\n\t\t<\/div>\n\t\t\t\t\t<\/div>\n\t\t<\/section>\n\t\t\t\t<section class=\"elementor-section elementor-top-section elementor-element elementor-element-fd56c82 elementor-section-stretched elementor-section-content-middle elementor-section-boxed elementor-section-height-default elementor-section-height-default\" data-id=\"fd56c82\" data-element_type=\"section\" data-e-type=\"section\" data-settings=\"{&quot;stretch_section&quot;:&quot;section-stretched&quot;,&quot;background_background&quot;:&quot;gradient&quot;}\">\n\t\t\t\t\t\t<div class=\"elementor-container elementor-column-gap-default\">\n\t\t\t\t\t<div class=\"elementor-column elementor-col-100 elementor-top-column elementor-element elementor-element-6cdfe30\" data-id=\"6cdfe30\" data-element_type=\"column\" data-e-type=\"column\">\n\t\t\t<div class=\"elementor-widget-wrap elementor-element-populated\">\n\t\t\t\t\t\t<div class=\"elementor-element elementor-element-9e7bf9c elementor-widget elementor-widget-spacer\" data-id=\"9e7bf9c\" data-element_type=\"widget\" data-e-type=\"widget\" data-widget_type=\"spacer.default\">\n\t\t\t\t<div class=\"elementor-widget-container\">\n\t\t\t\t\t\t\t<div class=\"elementor-spacer\">\n\t\t\t<div class=\"elementor-spacer-inner\"><\/div>\n\t\t<\/div>\n\t\t\t\t\t\t<\/div>\n\t\t\t\t<\/div>\n\t\t\t\t<div class=\"elementor-element elementor-element-54e14a7 elementor-widget elementor-widget-spacer\" data-id=\"54e14a7\" data-element_type=\"widget\" data-e-type=\"widget\" data-widget_type=\"spacer.default\">\n\t\t\t\t<div class=\"elementor-widget-container\">\n\t\t\t\t\t\t\t<div class=\"elementor-spacer\">\n\t\t\t<div class=\"elementor-spacer-inner\"><\/div>\n\t\t<\/div>\n\t\t\t\t\t\t<\/div>\n\t\t\t\t<\/div>\n\t\t\t\t<div class=\"elementor-element elementor-element-a031c17 elementor-widget elementor-widget-heading\" data-id=\"a031c17\" data-element_type=\"widget\" data-e-type=\"widget\" data-widget_type=\"heading.default\">\n\t\t\t\t<div class=\"elementor-widget-container\">\n\t\t\t\t\t<h3 class=\"elementor-heading-title elementor-size-default\">\u51ed\u501f\u5728\u4f01\u4e1a\u878d\u8d44\u4e0e\u6cd5\u5f8b\u9886\u57df\u7684\u4e30\u5bcc\u7ecf\u9a8c\uff0c\u6211\u4eec\u4e3a\u4e2a\u4eba\u548c\u4f01\u4e1a\u5728\u7a0e\u52a1\u54a8\u8be2\u9886\u57df\u63d0\u4f9b\u5168\u65b0\u7684\u7a0e\u52a1\u7ba1\u7406\u7406\u5ff5\u4e0e\u5b9e\u8df5\u65b9\u6848\u3002\n<\/h3>\t\t\t\t<\/div>\n\t\t\t\t<\/div>\n\t\t\t\t<div class=\"elementor-element elementor-element-a519307 elementor-widget elementor-widget-spacer\" data-id=\"a519307\" data-element_type=\"widget\" data-e-type=\"widget\" data-widget_type=\"spacer.default\">\n\t\t\t\t<div class=\"elementor-widget-container\">\n\t\t\t\t\t\t\t<div class=\"elementor-spacer\">\n\t\t\t<div class=\"elementor-spacer-inner\"><\/div>\n\t\t<\/div>\n\t\t\t\t\t\t<\/div>\n\t\t\t\t<\/div>\n\t\t\t\t\t<\/div>\n\t\t<\/div>\n\t\t\t\t\t<\/div>\n\t\t<\/section>\n\t\t\t\t<\/div>","protected":false},"excerpt":{"rendered":"<p>K\u0131l\u0131n\u00e7 Advisory,\u00a0sunmay\u0131 hedefledi\u011fi hizmetleri ile kurum ve bireylerin vergi maliyetlerini etkin bir bi\u00e7imde y\u00f6netmesini sa\u011flayan profesyonel bir ekiptir. Sahip oldu\u011fu denetim ve dan\u0131\u015fmanl\u0131k tecr\u00fcbesinin yan\u0131 s\u0131ra, reel sekt\u00f6rde \u015firketlerin finans ve mali birimlerinde yer alm\u0131\u015f ekibi ile gerek vergi alaca\u011f\u0131n\u0131n taraflar\u0131ndan biri olan Mali \u0130dare\u2019nin bak\u0131\u015f a\u00e7\u0131s\u0131, gerekse Mali Y\u00fck\u00fcml\u00fcl\u00fck sahibi ki\u015filerin y\u00f6netebilece\u011fi riskleri de\u011ferlendirerek, [&hellip;]<\/p>\n","protected":false},"author":1,"featured_media":0,"parent":0,"menu_order":0,"comment_status":"closed","ping_status":"closed","template":"","meta":{"inline_featured_image":false,"footnotes":""},"class_list":["post-1972","page","type-page","status-publish","hentry"],"_links":{"self":[{"href":"https:\/\/kilincadvisory.com\/zh\/wp-json\/wp\/v2\/pages\/1972","targetHints":{"allow":["GET"]}}],"collection":[{"href":"https:\/\/kilincadvisory.com\/zh\/wp-json\/wp\/v2\/pages"}],"about":[{"href":"https:\/\/kilincadvisory.com\/zh\/wp-json\/wp\/v2\/types\/page"}],"author":[{"embeddable":true,"href":"https:\/\/kilincadvisory.com\/zh\/wp-json\/wp\/v2\/users\/1"}],"replies":[{"embeddable":true,"href":"https:\/\/kilincadvisory.com\/zh\/wp-json\/wp\/v2\/comments?post=1972"}],"version-history":[{"count":17,"href":"https:\/\/kilincadvisory.com\/zh\/wp-json\/wp\/v2\/pages\/1972\/revisions"}],"predecessor-version":[{"id":4401,"href":"https:\/\/kilincadvisory.com\/zh\/wp-json\/wp\/v2\/pages\/1972\/revisions\/4401"}],"wp:attachment":[{"href":"https:\/\/kilincadvisory.com\/zh\/wp-json\/wp\/v2\/media?parent=1972"}],"curies":[{"name":"wp","href":"https:\/\/api.w.org\/{rel}","templated":true}]}}