{"id":3635,"date":"2024-11-05T11:20:40","date_gmt":"2024-11-05T08:20:40","guid":{"rendered":"https:\/\/kilincadvisory.com\/?page_id=3635"},"modified":"2024-11-05T11:27:31","modified_gmt":"2024-11-05T08:27:31","slug":"sworn-in-cpa-certification-and-tax-advisory-services","status":"publish","type":"page","link":"https:\/\/kilincadvisory.com\/en\/yeminli-mali-musavirlik-ve-vergi-uyum-hizmetleri-2\/","title":{"rendered":"Sworn-in CPA Certification and Tax Advisory Services"},"content":{"rendered":"<div data-elementor-type=\"wp-page\" data-elementor-id=\"3635\" class=\"elementor elementor-3635\" data-elementor-post-type=\"page\">\n\t\t\t\t\t\t<section class=\"elementor-section elementor-top-section elementor-element elementor-element-1bc65d07 elementor-section-boxed elementor-section-height-default elementor-section-height-default\" data-id=\"1bc65d07\" data-element_type=\"section\" data-e-type=\"section\">\n\t\t\t\t\t\t<div class=\"elementor-container elementor-column-gap-default\">\n\t\t\t\t\t<div class=\"elementor-column elementor-col-100 elementor-top-column elementor-element elementor-element-546278ca\" data-id=\"546278ca\" data-element_type=\"column\" data-e-type=\"column\">\n\t\t\t<div class=\"elementor-widget-wrap elementor-element-populated\">\n\t\t\t\t\t\t<div class=\"elementor-element elementor-element-71d4e8d elementor-widget elementor-widget-text-editor\" data-id=\"71d4e8d\" data-element_type=\"widget\" data-e-type=\"widget\" data-widget_type=\"text-editor.default\">\n\t\t\t\t<div class=\"elementor-widget-container\">\n\t\t\t\t\t\t\t\t\t<p><strong>Sworn-in CPA Certification Services<\/strong><\/p><p>Within the scope of Law No. 3568 and related regulations, the following Sworn-in Certified Public Accountant reports can be issued on behalf of your corporation and its affiliates.<\/p><ul><li>Certification of corporate tax return and its annexes (full certification) services<\/li><li>Exempt income certification services<ul><li>Exempt income under Article 5\/1-(e) of the Corporate Tax Law<\/li><li>Exempt income under Article 5\/1-(f) of the Corporate Tax Law<\/li><li>Exemption for investment incentive<\/li><\/ul><\/li><\/ul><p>\u00a0<\/p><ul><li>Assessment of the paid-up capital, assessment of internal resources that can be added to the capital and assessment of debts to shareholders report services<\/li><li>Special Purpose Sworn- in CPA Report services<ul><li>Shareholders\u2019 Equity assessment report to be issued in cases of acquisition, merger and demerger<\/li><li>Certification report on the lack of damage to the rights of creditors to be issued in capital reductions<\/li><li>Reports to be issued in the process of refund of overpaid and improperly paid taxes<\/li><li>CPA reports requested by banks for TL loans In accordance with the Decision of the Banking Regulation and Supervision Agency (BRSA) dated 24.06.2022 and numbered 10250.<\/li><\/ul><\/li><\/ul><p><strong>Tax and Exchange Legislation Consultancy Services<\/strong><\/p><p>Tax and exchange legislation consultancy services can be provided to institutions, within but not limited to the scope below.<\/p><ul><li>To inform your company continuously and regularly about the developments in corporate tax, income tax, BITT, VAT, stamp duty, RUSF, land registry fee, inheritance and gift tax, real estate tax, valuable property tax, digital service tax, other taxes, double taxation prevention agreements and foreign exchange legislation, and to prepare a memorandum for your company containing our assessments regarding the possible effects of these amendments on your company and its subsidiaries<\/li><li>Providing written and verbal answers to the questions of the tax, accounting and business line units of your organisation and its subsidiaries within the scope of tax and foreign exchange legislation, and holding meetings to eliminate doubts<\/li><li>Attending monthly tax meetings where current developments in tax and foreign exchange legislation and questions of your tax team will be discussed<\/li><li>To check the advance tax and corporate tax calculations in the periods you will determine<\/li><li>Providing consultancy services within the scope of inflation accounting carried out under Tax Procedures  Code<\/li><li>Providing consultancy and training services on FATCA and CRS issues<\/li><\/ul>\t\t\t\t\t\t\t\t<\/div>\n\t\t\t\t<\/div>\n\t\t\t\t\t<\/div>\n\t\t<\/div>\n\t\t\t\t\t<\/div>\n\t\t<\/section>\n\t\t\t\t<\/div>","protected":false},"excerpt":{"rendered":"<p>Yeminli Mali M\u00fc\u015favirlik Tasdik ve Tespit Raporu Hizmetleri 3568 say\u0131l\u0131 Kanun ve ilgili mevzuat \u00e7er\u00e7evesinde kurumlar ad\u0131na a\u015fa\u011f\u0131da yer verilen yeminli mali m\u00fc\u015favirlik raporlar\u0131 d\u00fczenlenebilecektir. Kurumlar vergisi beyannamesi ve eklerinin tasdiki (tam tasdik) hizmetleri \u0130stisna kazan\u00e7 tasdiki hizmetleri Kurumlar Vergisi Kanunu\u2019nun 5\/1-(e) maddesi kapsam\u0131nda istisna kazan\u00e7lar Kurumlar Vergisi Kanunu\u2019nun 5\/1-(f) maddesi kapsam\u0131nda istisna kazan\u00e7lar Yat\u0131r\u0131m [&hellip;]<\/p>\n","protected":false},"author":3,"featured_media":0,"parent":0,"menu_order":0,"comment_status":"closed","ping_status":"closed","template":"","meta":{"inline_featured_image":false,"footnotes":""},"class_list":["post-3635","page","type-page","status-publish","hentry"],"_links":{"self":[{"href":"https:\/\/kilincadvisory.com\/en\/wp-json\/wp\/v2\/pages\/3635","targetHints":{"allow":["GET"]}}],"collection":[{"href":"https:\/\/kilincadvisory.com\/en\/wp-json\/wp\/v2\/pages"}],"about":[{"href":"https:\/\/kilincadvisory.com\/en\/wp-json\/wp\/v2\/types\/page"}],"author":[{"embeddable":true,"href":"https:\/\/kilincadvisory.com\/en\/wp-json\/wp\/v2\/users\/3"}],"replies":[{"embeddable":true,"href":"https:\/\/kilincadvisory.com\/en\/wp-json\/wp\/v2\/comments?post=3635"}],"version-history":[{"count":7,"href":"https:\/\/kilincadvisory.com\/en\/wp-json\/wp\/v2\/pages\/3635\/revisions"}],"predecessor-version":[{"id":3642,"href":"https:\/\/kilincadvisory.com\/en\/wp-json\/wp\/v2\/pages\/3635\/revisions\/3642"}],"wp:attachment":[{"href":"https:\/\/kilincadvisory.com\/en\/wp-json\/wp\/v2\/media?parent=3635"}],"curies":[{"name":"wp","href":"https:\/\/api.w.org\/{rel}","templated":true}]}}