{"id":3176,"date":"2024-11-01T00:26:17","date_gmt":"2024-10-31T21:26:17","guid":{"rendered":"https:\/\/kilincadvisory.com\/?page_id=3176"},"modified":"2024-11-14T11:16:40","modified_gmt":"2024-11-14T08:16:40","slug":"melike-kilinc","status":"publish","type":"page","link":"https:\/\/kilincadvisory.com\/en\/melike-kilinc\/","title":{"rendered":"Melike K\u0131l\u0131n\u00e7"},"content":{"rendered":"<div data-elementor-type=\"wp-page\" data-elementor-id=\"3176\" class=\"elementor elementor-3176\" data-elementor-post-type=\"page\">\n\t\t\t\t\t\t<section class=\"elementor-section elementor-top-section elementor-element elementor-element-7e7f630 elementor-section-boxed elementor-section-height-default elementor-section-height-default\" data-id=\"7e7f630\" data-element_type=\"section\" data-e-type=\"section\">\n\t\t\t\t\t\t\t<div class=\"elementor-background-overlay\"><\/div>\n\t\t\t\t\t\t\t<div class=\"elementor-container elementor-column-gap-default\">\n\t\t\t\t\t<div class=\"elementor-column elementor-col-33 elementor-top-column elementor-element elementor-element-c673a8d\" data-id=\"c673a8d\" data-element_type=\"column\" data-e-type=\"column\">\n\t\t\t<div class=\"elementor-widget-wrap elementor-element-populated\">\n\t\t\t\t\t\t<div class=\"elementor-element elementor-element-71e2d27 elementor-widget elementor-widget-image\" data-id=\"71e2d27\" data-element_type=\"widget\" data-e-type=\"widget\" data-widget_type=\"image.default\">\n\t\t\t\t<div class=\"elementor-widget-container\">\n\t\t\t\t\t\t\t\t\t\t\t\t\t\t\t<img fetchpriority=\"high\" decoding=\"async\" width=\"940\" height=\"627\" src=\"https:\/\/kilincadvisory.com\/wp-content\/uploads\/2024\/11\/Melike-1024x683.jpg\" class=\"attachment-large size-large wp-image-3169\" alt=\"\" srcset=\"https:\/\/kilincadvisory.com\/wp-content\/uploads\/2024\/11\/Melike-1024x683.jpg 1024w, https:\/\/kilincadvisory.com\/wp-content\/uploads\/2024\/11\/Melike-300x200.jpg 300w, https:\/\/kilincadvisory.com\/wp-content\/uploads\/2024\/11\/Melike-768x512.jpg 768w, https:\/\/kilincadvisory.com\/wp-content\/uploads\/2024\/11\/Melike-1536x1024.jpg 1536w, https:\/\/kilincadvisory.com\/wp-content\/uploads\/2024\/11\/Melike-18x12.jpg 18w, https:\/\/kilincadvisory.com\/wp-content\/uploads\/2024\/11\/Melike-480x320.jpg 480w\" sizes=\"(max-width: 940px) 100vw, 940px\" title=\"Melike\" \/>\t\t\t\t\t\t\t\t\t\t\t\t\t\t\t<\/div>\n\t\t\t\t<\/div>\n\t\t\t\t<div class=\"elementor-element elementor-element-73ecc0a elementor-widget elementor-widget-heading\" data-id=\"73ecc0a\" data-element_type=\"widget\" data-e-type=\"widget\" data-widget_type=\"heading.default\">\n\t\t\t\t<div class=\"elementor-widget-container\">\n\t\t\t\t\t<h3 class=\"elementor-heading-title elementor-size-default\">Melike K\u0131l\u0131n\u00e7<\/h3>\t\t\t\t<\/div>\n\t\t\t\t<\/div>\n\t\t\t\t<div class=\"elementor-element elementor-element-df9875c elementor-widget elementor-widget-text-editor\" data-id=\"df9875c\" data-element_type=\"widget\" data-e-type=\"widget\" data-widget_type=\"text-editor.default\">\n\t\t\t\t<div class=\"elementor-widget-container\">\n\t\t\t\t\t\t\t\t\t<p><span style=\"font-size: 14px;\">Managing Partner, Sworn-in CPA<\/span><\/p>\t\t\t\t\t\t\t\t<\/div>\n\t\t\t\t<\/div>\n\t\t\t\t<div class=\"elementor-element elementor-element-366d3c1 elementor-widget-divider--view-line elementor-widget elementor-widget-divider\" data-id=\"366d3c1\" data-element_type=\"widget\" data-e-type=\"widget\" data-widget_type=\"divider.default\">\n\t\t\t\t<div class=\"elementor-widget-container\">\n\t\t\t\t\t\t\t<div class=\"elementor-divider\">\n\t\t\t<span class=\"elementor-divider-separator\">\n\t\t\t\t\t\t<\/span>\n\t\t<\/div>\n\t\t\t\t\t\t<\/div>\n\t\t\t\t<\/div>\n\t\t\t\t<div class=\"elementor-element elementor-element-2d2a080 elementor-widget elementor-widget-text-editor\" data-id=\"2d2a080\" data-element_type=\"widget\" data-e-type=\"widget\" data-widget_type=\"text-editor.default\">\n\t\t\t\t<div class=\"elementor-widget-container\">\n\t\t\t\t\t\t\t\t\t<p>E:&nbsp; &nbsp; melike@kilincadvisory.com<\/p>\t\t\t\t\t\t\t\t<\/div>\n\t\t\t\t<\/div>\n\t\t\t\t<div class=\"elementor-element elementor-element-32f9187 elementor-widget-divider--view-line elementor-widget elementor-widget-divider\" data-id=\"32f9187\" data-element_type=\"widget\" data-e-type=\"widget\" data-widget_type=\"divider.default\">\n\t\t\t\t<div class=\"elementor-widget-container\">\n\t\t\t\t\t\t\t<div class=\"elementor-divider\">\n\t\t\t<span class=\"elementor-divider-separator\">\n\t\t\t\t\t\t<\/span>\n\t\t<\/div>\n\t\t\t\t\t\t<\/div>\n\t\t\t\t<\/div>\n\t\t\t\t<div class=\"elementor-element elementor-element-4f0dd4e elementor-widget elementor-widget-text-editor\" data-id=\"4f0dd4e\" data-element_type=\"widget\" data-e-type=\"widget\" data-widget_type=\"text-editor.default\">\n\t\t\t\t<div class=\"elementor-widget-container\">\n\t\t\t\t\t\t\t\t\t<p><i class=\"fa fa-graduation-cap\">\u00a0 \u00a0<\/i>Middle East Technical University (Bachelor of Business Adm.)<\/p>\t\t\t\t\t\t\t\t<\/div>\n\t\t\t\t<\/div>\n\t\t\t\t<div class=\"elementor-element elementor-element-16874bc elementor-widget-divider--view-line elementor-widget elementor-widget-divider\" data-id=\"16874bc\" data-element_type=\"widget\" data-e-type=\"widget\" data-widget_type=\"divider.default\">\n\t\t\t\t<div class=\"elementor-widget-container\">\n\t\t\t\t\t\t\t<div class=\"elementor-divider\">\n\t\t\t<span class=\"elementor-divider-separator\">\n\t\t\t\t\t\t<\/span>\n\t\t<\/div>\n\t\t\t\t\t\t<\/div>\n\t\t\t\t<\/div>\n\t\t\t\t<div class=\"elementor-element elementor-element-58dbfed elementor-widget elementor-widget-text-editor\" data-id=\"58dbfed\" data-element_type=\"widget\" data-e-type=\"widget\" data-widget_type=\"text-editor.default\">\n\t\t\t\t<div class=\"elementor-widget-container\">\n\t\t\t\t\t\t\t\t\t<p><a class=\"gt3_icon_link\" href=\"#\" target=\"_blank\" data-color=\"inherit\" data-hover-color=\"inherit\" style=\"font-size: 14px; color: inherit; margin-right: 15px; margin-top: 0px;\" rel=\"noopener\"><i class=\"fa fa-user-plus\">\u00a0<\/i><\/a>Istanbul Sworn-in CPA Chamber (Member)<\/p>\t\t\t\t\t\t\t\t<\/div>\n\t\t\t\t<\/div>\n\t\t\t\t<div class=\"elementor-element elementor-element-a0ca0fd elementor-widget-divider--view-line elementor-widget elementor-widget-divider\" data-id=\"a0ca0fd\" data-element_type=\"widget\" data-e-type=\"widget\" data-widget_type=\"divider.default\">\n\t\t\t\t<div class=\"elementor-widget-container\">\n\t\t\t\t\t\t\t<div class=\"elementor-divider\">\n\t\t\t<span class=\"elementor-divider-separator\">\n\t\t\t\t\t\t<\/span>\n\t\t<\/div>\n\t\t\t\t\t\t<\/div>\n\t\t\t\t<\/div>\n\t\t\t\t<div class=\"elementor-element elementor-element-34dd46b elementor-widget elementor-widget-text-editor\" data-id=\"34dd46b\" data-element_type=\"widget\" data-e-type=\"widget\" data-widget_type=\"text-editor.default\">\n\t\t\t\t<div class=\"elementor-widget-container\">\n\t\t\t\t\t\t\t\t\t<p><a class=\"gt3_icon_link\" href=\"#\" target=\"_blank\" data-color=\"inherit\" data-hover-color=\"inherit\" style=\"font-size: 14px; color: inherit; margin-right: 15px; margin-top: 0px;\" rel=\"noopener\"><i class=\"fa fa-check\">\u00a0<\/i><\/a>English<\/p>\t\t\t\t\t\t\t\t<\/div>\n\t\t\t\t<\/div>\n\t\t\t\t\t<\/div>\n\t\t<\/div>\n\t\t\t\t<div class=\"elementor-column elementor-col-66 elementor-top-column elementor-element elementor-element-6a81e60\" data-id=\"6a81e60\" data-element_type=\"column\" data-e-type=\"column\" data-settings=\"{&quot;background_background&quot;:&quot;classic&quot;}\">\n\t\t\t<div class=\"elementor-widget-wrap elementor-element-populated\">\n\t\t\t\t\t\t<div class=\"elementor-element elementor-element-c1c6451 elementor-widget elementor-widget-text-editor\" data-id=\"c1c6451\" data-element_type=\"widget\" data-e-type=\"widget\" data-widget_type=\"text-editor.default\">\n\t\t\t\t<div class=\"elementor-widget-container\">\n\t\t\t\t\t\t\t\t\t<p>In 2005, Melike K\u0131l\u0131n\u00e7 graduated from Middle East Technical University, Department of Business Administration and started her career at EY Turkey Tax Department. For almost 20 years, she has been providing full attestation and tax consultancy services to institutions operating in the financial services sector, primarily banks and insurance companies.<\/p><p>Melike K\u0131l\u0131n\u00e7, who became a Sworn-in CPA in March 2022, worked as a Partner in the Financial Services group in the EY tax department for 4 years before joining K\u0131l\u0131n\u00e7 Advisory. Melike specialises in the taxation of financial institutions and financial products and has provided tax advisory services to institutions as well as individual investors on securities and real estate investments. Melike also managed FATCA &amp; CRS services for financial institutions and was responsible for the development of Sustainability Tax Services.<\/p><p>Melike provides tax training services as an instructor to financial institutions, non-financial institutions, and individuals, across a wide range particularly focusing on the taxation of securities and financial instruments.<\/p><p>Melike K\u0131l\u0131n\u00e7 joined K\u0131l\u0131n\u00e7 Advisory as Managing Partner as of October 2024.<\/p><p>Melike is a member of Istanbul Chamber of  Sworn-in Certified Public Accountants.<\/p>\t\t\t\t\t\t\t\t<\/div>\n\t\t\t\t<\/div>\n\t\t\t\t\t<\/div>\n\t\t<\/div>\n\t\t\t\t\t<\/div>\n\t\t<\/section>\n\t\t\t\t<\/div>","protected":false},"excerpt":{"rendered":"<p>Melike K\u0131l\u0131n\u00e7 Y\u00f6netici Ortak, Yeminli Mali M\u00fc\u015favir E:&nbsp; &nbsp; melike@kilincadvisory.com \u00a0 \u00a0Orta Do\u011fu Teknik \u00dcniversitesi &#8211; \u0130\u015fletme \u00a0\u0130stanbul YMM Odas\u0131 (\u00dcye) \u00a0\u0130ngilizce 2005 y\u0131l\u0131nda Orta Do\u011fu Teknik \u00dcniversitesi \u0130\u015fletme b\u00f6l\u00fcm\u00fcnden mezun olarak kariyerine EY T\u00fcrkiye Vergi B\u00f6l\u00fcm\u00fcnde ba\u015flayan Melike K\u0131l\u0131n\u00e7, yakla\u015f\u0131k 20 y\u0131ld\u0131r ba\u015fta bankalar ve sigorta \u015firketleri olmak \u00fczere finansal hizmetler sekt\u00f6r\u00fcnde faaliyet g\u00f6steren [&hellip;]<\/p>\n","protected":false},"author":3,"featured_media":0,"parent":0,"menu_order":0,"comment_status":"closed","ping_status":"closed","template":"","meta":{"inline_featured_image":false,"footnotes":""},"class_list":["post-3176","page","type-page","status-publish","hentry"],"_links":{"self":[{"href":"https:\/\/kilincadvisory.com\/en\/wp-json\/wp\/v2\/pages\/3176","targetHints":{"allow":["GET"]}}],"collection":[{"href":"https:\/\/kilincadvisory.com\/en\/wp-json\/wp\/v2\/pages"}],"about":[{"href":"https:\/\/kilincadvisory.com\/en\/wp-json\/wp\/v2\/types\/page"}],"author":[{"embeddable":true,"href":"https:\/\/kilincadvisory.com\/en\/wp-json\/wp\/v2\/users\/3"}],"replies":[{"embeddable":true,"href":"https:\/\/kilincadvisory.com\/en\/wp-json\/wp\/v2\/comments?post=3176"}],"version-history":[{"count":46,"href":"https:\/\/kilincadvisory.com\/en\/wp-json\/wp\/v2\/pages\/3176\/revisions"}],"predecessor-version":[{"id":3960,"href":"https:\/\/kilincadvisory.com\/en\/wp-json\/wp\/v2\/pages\/3176\/revisions\/3960"}],"wp:attachment":[{"href":"https:\/\/kilincadvisory.com\/en\/wp-json\/wp\/v2\/media?parent=3176"}],"curies":[{"name":"wp","href":"https:\/\/api.w.org\/{rel}","templated":true}]}}