{"id":3126,"date":"2024-10-31T22:32:22","date_gmt":"2024-10-31T19:32:22","guid":{"rendered":"https:\/\/kilincadvisory.com\/?page_id=3126"},"modified":"2024-10-31T22:33:10","modified_gmt":"2024-10-31T19:33:10","slug":"vergi-ve-kambiyo-mevzuati-danismanlik-hizmetleri","status":"publish","type":"page","link":"https:\/\/kilincadvisory.com\/en\/vergi-ve-kambiyo-mevzuati-danismanlik-hizmetleri\/","title":{"rendered":"Tax and Exchange Legislation Consultancy Services"},"content":{"rendered":"<div data-elementor-type=\"wp-page\" data-elementor-id=\"3126\" class=\"elementor elementor-3126\" data-elementor-post-type=\"page\">\n\t\t\t\t\t\t<section class=\"elementor-section elementor-top-section elementor-element elementor-element-1bc65d07 elementor-section-boxed elementor-section-height-default elementor-section-height-default\" data-id=\"1bc65d07\" data-element_type=\"section\" data-e-type=\"section\">\n\t\t\t\t\t\t<div class=\"elementor-container elementor-column-gap-default\">\n\t\t\t\t\t<div class=\"elementor-column elementor-col-100 elementor-top-column elementor-element elementor-element-546278ca\" data-id=\"546278ca\" data-element_type=\"column\" data-e-type=\"column\">\n\t\t\t<div class=\"elementor-widget-wrap elementor-element-populated\">\n\t\t\t\t\t\t<div class=\"elementor-element elementor-element-71d4e8d elementor-widget elementor-widget-text-editor\" data-id=\"71d4e8d\" data-element_type=\"widget\" data-e-type=\"widget\" data-widget_type=\"text-editor.default\">\n\t\t\t\t<div class=\"elementor-widget-container\">\n\t\t\t\t\t\t\t\t\t<p>Tax and exchange legislation consultancy services can be provided to institutions, within but not limited to the scope below.<\/p><ul><li>To inform your company continuously and regularly about the developments in corporate tax, income tax, BITT, VAT, stamp duty, RUSF, land registry fee, inheritance and gift tax, real estate tax, valuable property tax, digital service tax, other taxes, double taxation prevention agreements and foreign exchange legislation, and to prepare a memorandum for your company containing our assessments regarding the possible effects of these amendments on your company and its subsidiaries<\/li><li>Providing written and verbal answers to the questions of the tax, accounting and business line units of your organisation and its subsidiaries within the scope of tax and foreign exchange legislation, and holding meetings to eliminate doubts<\/li><li>Attending monthly tax meetings where current developments in tax and foreign exchange legislation and questions of your tax team will be discussed<\/li><li>To check the advance tax and corporate tax calculations in the periods you will determine<\/li><li>Providing consultancy services within the scope of inflation accounting carried out under Tax Procedures  Code<\/li><li>Providing consultancy and training services on FATCA and CRS issues<\/li><\/ul>\t\t\t\t\t\t\t\t<\/div>\n\t\t\t\t<\/div>\n\t\t\t\t\t<\/div>\n\t\t<\/div>\n\t\t\t\t\t<\/div>\n\t\t<\/section>\n\t\t\t\t<\/div>","protected":false},"excerpt":{"rendered":"<p>Kurumlara y\u00f6nelik olarak a\u015fa\u011f\u0131daki kapsamla s\u0131n\u0131rl\u0131 olmamak \u00fczere vergi ve kambiyo mevzuat\u0131 dan\u0131\u015fmanl\u0131k hizmetleri sunulabilecektir. Kurumlar vergisi, gelir vergisi, BSMV, KDV, damga vergisi, KKDF, tapu harc\u0131, veraset ve intikal vergisi, emlak vergisi, de\u011ferli konut vergisi, dijital hizmet vergisi, di\u011fer vergiler, \u00e7ifte vergilendirmeyi \u00f6nleme anla\u015fmalar\u0131 ve kambiyo mevzuat\u0131ndaki geli\u015fmeler ile ilgili olarak s\u00fcrekli ve d\u00fczenli olarak [&hellip;]<\/p>\n","protected":false},"author":3,"featured_media":0,"parent":0,"menu_order":0,"comment_status":"closed","ping_status":"closed","template":"","meta":{"inline_featured_image":false,"footnotes":""},"class_list":["post-3126","page","type-page","status-publish","hentry"],"_links":{"self":[{"href":"https:\/\/kilincadvisory.com\/en\/wp-json\/wp\/v2\/pages\/3126","targetHints":{"allow":["GET"]}}],"collection":[{"href":"https:\/\/kilincadvisory.com\/en\/wp-json\/wp\/v2\/pages"}],"about":[{"href":"https:\/\/kilincadvisory.com\/en\/wp-json\/wp\/v2\/types\/page"}],"author":[{"embeddable":true,"href":"https:\/\/kilincadvisory.com\/en\/wp-json\/wp\/v2\/users\/3"}],"replies":[{"embeddable":true,"href":"https:\/\/kilincadvisory.com\/en\/wp-json\/wp\/v2\/comments?post=3126"}],"version-history":[{"count":4,"href":"https:\/\/kilincadvisory.com\/en\/wp-json\/wp\/v2\/pages\/3126\/revisions"}],"predecessor-version":[{"id":3130,"href":"https:\/\/kilincadvisory.com\/en\/wp-json\/wp\/v2\/pages\/3126\/revisions\/3130"}],"wp:attachment":[{"href":"https:\/\/kilincadvisory.com\/en\/wp-json\/wp\/v2\/media?parent=3126"}],"curies":[{"name":"wp","href":"https:\/\/api.w.org\/{rel}","templated":true}]}}