{"id":2471,"date":"2023-06-08T02:00:53","date_gmt":"2023-06-07T23:00:53","guid":{"rendered":"https:\/\/111.org.tr\/?page_id=2471"},"modified":"2023-06-08T02:02:24","modified_gmt":"2023-06-07T23:02:24","slug":"international-tax-structuring-services","status":"publish","type":"page","link":"https:\/\/kilincadvisory.com\/en\/uluslararasi-vergi-yapilandirmasi-hizmetleri\/","title":{"rendered":"International Tax Structuring Services"},"content":{"rendered":"<div data-elementor-type=\"wp-page\" data-elementor-id=\"2471\" class=\"elementor elementor-2471\" data-elementor-post-type=\"page\">\n\t\t\t\t\t\t<section class=\"elementor-section elementor-top-section elementor-element elementor-element-1bc65d07 elementor-section-boxed elementor-section-height-default elementor-section-height-default\" data-id=\"1bc65d07\" data-element_type=\"section\" data-e-type=\"section\">\n\t\t\t\t\t\t<div class=\"elementor-container elementor-column-gap-default\">\n\t\t\t\t\t<div class=\"elementor-column elementor-col-100 elementor-top-column elementor-element elementor-element-546278ca\" data-id=\"546278ca\" data-element_type=\"column\" data-e-type=\"column\">\n\t\t\t<div class=\"elementor-widget-wrap elementor-element-populated\">\n\t\t\t\t\t\t<div class=\"elementor-element elementor-element-71d4e8d elementor-widget elementor-widget-text-editor\" data-id=\"71d4e8d\" data-element_type=\"widget\" data-e-type=\"widget\" data-widget_type=\"text-editor.default\">\n\t\t\t\t<div class=\"elementor-widget-container\">\n\t\t\t\t\t\t\t\t\t<p><\/p>\n<ul>\n<li><span style=\"font-weight: 400;\"> Evaluation and establishment of fund, company, trust and liaison office structures\nwithin the scope of tax legislation according to the business plans of interest holders in\ninvestments,\u00a0<\/span><\/li>\n<li><span style=\"font-weight: 400;\"> Assisting in international trade of multinational companies in tax compliance and\nfinancial planning\u00a0<\/span><\/li>\n<li><span style=\"font-weight: 400;\"> Evaluation of tax consequences and effects of transactions according to bonds, equity\nparticipation, intra-group borrowing, bank financing, public offering or mezzanine\ninstruments in corporate finance projects of domestic and international investments;<\/span><\/li>\n<li><span style=\"font-weight: 400;\"> Evaluation of intangible rights, dividends, management services and debt repayments\nwithin the scope of state and local legislation such as double taxation avoidance\ntreaties,\n<br>\n<li>Assisting multinational entities in terms of restructuring their business plans in new\nlegislation in post-establishment era.<\/li><\/span><\/li>\n<\/ul>\t\t\t\t\t\t\t\t<\/div>\n\t\t\t\t<\/div>\n\t\t\t\t\t<\/div>\n\t\t<\/div>\n\t\t\t\t\t<\/div>\n\t\t<\/section>\n\t\t\t\t<\/div>","protected":false},"excerpt":{"rendered":"<p>Yurt i\u00e7i ve uluslararas\u0131 yat\u0131r\u0131mlar\u0131n kurumsal finansman projelerinde; tahvil, sermaye i\u015ftiraki, grup i\u00e7i bor\u00e7lanma, banka finansman\u0131, halka arz veya mezanin ara\u00e7lara g\u00f6re vergisel sonu\u00e7 ve etkilerin de\u011ferlendirilmesi,\u00a0 Yat\u0131r\u0131mlarda payda\u015f veya finans\u00f6rlerin i\u015f planlar\u0131na g\u00f6re fon, \u015firket, trust ve irtibat ofisi yap\u0131lar\u0131n\u0131n vergi mevzuat\u0131 kapsam\u0131nda de\u011ferlendirilmesi ve kurulmas\u0131,\u00a0 Gayri maddi hak, temett\u00fc, y\u00f6netim hizmetleri ve bor\u00e7 [&hellip;]<\/p>\n","protected":false},"author":1,"featured_media":0,"parent":0,"menu_order":0,"comment_status":"closed","ping_status":"closed","template":"","meta":{"inline_featured_image":false,"footnotes":""},"class_list":["post-2471","page","type-page","status-publish","hentry"],"_links":{"self":[{"href":"https:\/\/kilincadvisory.com\/en\/wp-json\/wp\/v2\/pages\/2471","targetHints":{"allow":["GET"]}}],"collection":[{"href":"https:\/\/kilincadvisory.com\/en\/wp-json\/wp\/v2\/pages"}],"about":[{"href":"https:\/\/kilincadvisory.com\/en\/wp-json\/wp\/v2\/types\/page"}],"author":[{"embeddable":true,"href":"https:\/\/kilincadvisory.com\/en\/wp-json\/wp\/v2\/users\/1"}],"replies":[{"embeddable":true,"href":"https:\/\/kilincadvisory.com\/en\/wp-json\/wp\/v2\/comments?post=2471"}],"version-history":[{"count":4,"href":"https:\/\/kilincadvisory.com\/en\/wp-json\/wp\/v2\/pages\/2471\/revisions"}],"predecessor-version":[{"id":2475,"href":"https:\/\/kilincadvisory.com\/en\/wp-json\/wp\/v2\/pages\/2471\/revisions\/2475"}],"wp:attachment":[{"href":"https:\/\/kilincadvisory.com\/en\/wp-json\/wp\/v2\/media?parent=2471"}],"curies":[{"name":"wp","href":"https:\/\/api.w.org\/{rel}","templated":true}]}}