{"id":2362,"date":"2023-05-22T07:15:17","date_gmt":"2023-05-22T04:15:17","guid":{"rendered":"https:\/\/111.org.tr\/?page_id=2362"},"modified":"2024-11-02T23:46:06","modified_gmt":"2024-11-02T20:46:06","slug":"ezgi-sutluce","status":"publish","type":"page","link":"https:\/\/kilincadvisory.com\/en\/ezgi-sutluce\/","title":{"rendered":"Ezgi S\u00fctl\u00fcce"},"content":{"rendered":"<div data-elementor-type=\"wp-page\" data-elementor-id=\"2362\" class=\"elementor elementor-2362\" data-elementor-post-type=\"page\">\n\t\t\t\t\t\t<section class=\"elementor-section elementor-top-section elementor-element elementor-element-7e7f630 elementor-section-boxed elementor-section-height-default elementor-section-height-default\" data-id=\"7e7f630\" data-element_type=\"section\" data-e-type=\"section\">\n\t\t\t\t\t\t\t<div class=\"elementor-background-overlay\"><\/div>\n\t\t\t\t\t\t\t<div class=\"elementor-container elementor-column-gap-default\">\n\t\t\t\t\t<div class=\"elementor-column elementor-col-33 elementor-top-column elementor-element elementor-element-c673a8d\" data-id=\"c673a8d\" data-element_type=\"column\" data-e-type=\"column\">\n\t\t\t<div class=\"elementor-widget-wrap elementor-element-populated\">\n\t\t\t\t\t\t<div class=\"elementor-element elementor-element-71e2d27 elementor-widget elementor-widget-image\" data-id=\"71e2d27\" data-element_type=\"widget\" data-e-type=\"widget\" data-widget_type=\"image.default\">\n\t\t\t\t<div class=\"elementor-widget-container\">\n\t\t\t\t\t\t\t\t\t\t\t\t\t\t\t<img fetchpriority=\"high\" decoding=\"async\" width=\"940\" height=\"627\" src=\"https:\/\/kilincadvisory.com\/wp-content\/uploads\/2024\/11\/Ezgi-1024x683.jpg\" class=\"attachment-large size-large wp-image-3371\" alt=\"\" srcset=\"https:\/\/kilincadvisory.com\/wp-content\/uploads\/2024\/11\/Ezgi-1024x683.jpg 1024w, https:\/\/kilincadvisory.com\/wp-content\/uploads\/2024\/11\/Ezgi-300x200.jpg 300w, https:\/\/kilincadvisory.com\/wp-content\/uploads\/2024\/11\/Ezgi-768x512.jpg 768w, https:\/\/kilincadvisory.com\/wp-content\/uploads\/2024\/11\/Ezgi-1536x1024.jpg 1536w, https:\/\/kilincadvisory.com\/wp-content\/uploads\/2024\/11\/Ezgi-18x12.jpg 18w, https:\/\/kilincadvisory.com\/wp-content\/uploads\/2024\/11\/Ezgi-480x320.jpg 480w\" sizes=\"(max-width: 940px) 100vw, 940px\" title=\"Ezgi\" \/>\t\t\t\t\t\t\t\t\t\t\t\t\t\t\t<\/div>\n\t\t\t\t<\/div>\n\t\t\t\t<div class=\"elementor-element elementor-element-73ecc0a elementor-widget elementor-widget-heading\" data-id=\"73ecc0a\" data-element_type=\"widget\" data-e-type=\"widget\" data-widget_type=\"heading.default\">\n\t\t\t\t<div class=\"elementor-widget-container\">\n\t\t\t\t\t<h3 class=\"elementor-heading-title elementor-size-default\">Ezgi S\u00fctl\u00fcce<\/h3>\t\t\t\t<\/div>\n\t\t\t\t<\/div>\n\t\t\t\t<div class=\"elementor-element elementor-element-df9875c elementor-widget elementor-widget-text-editor\" data-id=\"df9875c\" data-element_type=\"widget\" data-e-type=\"widget\" data-widget_type=\"text-editor.default\">\n\t\t\t\t<div class=\"elementor-widget-container\">\n\t\t\t\t\t\t\t\t\t<p class=\"p1\">Associate, Attorney at Law<\/p>\t\t\t\t\t\t\t\t<\/div>\n\t\t\t\t<\/div>\n\t\t\t\t<div class=\"elementor-element elementor-element-4f0dd4e elementor-widget elementor-widget-text-editor\" data-id=\"4f0dd4e\" data-element_type=\"widget\" data-e-type=\"widget\" data-widget_type=\"text-editor.default\">\n\t\t\t\t<div class=\"elementor-widget-container\">\n\t\t\t\t\t\t\t\t\t<p><i class=\"fa fa-graduation-cap\">&nbsp;<\/i>&nbsp; &nbsp;MEF University (Faculty of Law)<\/p>\t\t\t\t\t\t\t\t<\/div>\n\t\t\t\t<\/div>\n\t\t\t\t<div class=\"elementor-element elementor-element-a0ca0fd elementor-widget-divider--view-line elementor-widget elementor-widget-divider\" data-id=\"a0ca0fd\" data-element_type=\"widget\" data-e-type=\"widget\" data-widget_type=\"divider.default\">\n\t\t\t\t<div class=\"elementor-widget-container\">\n\t\t\t\t\t\t\t<div class=\"elementor-divider\">\n\t\t\t<span class=\"elementor-divider-separator\">\n\t\t\t\t\t\t<\/span>\n\t\t<\/div>\n\t\t\t\t\t\t<\/div>\n\t\t\t\t<\/div>\n\t\t\t\t<div class=\"elementor-element elementor-element-b4f3d87 elementor-widget elementor-widget-text-editor\" data-id=\"b4f3d87\" data-element_type=\"widget\" data-e-type=\"widget\" data-widget_type=\"text-editor.default\">\n\t\t\t\t<div class=\"elementor-widget-container\">\n\t\t\t\t\t\t\t\t\t<p><a class=\"gt3_icon_link\" href=\"#\" target=\"_blank\" data-color=\"inherit\" data-hover-color=\"inherit\" style=\"font-size: 14px; color: inherit; margin-right: 15px; margin-top: 0px;\" rel=\"noopener\"><i class=\"fa fa-user-plus\">\u00a0<\/i><\/a>Istanbul Bar (Lawyer)<\/p>\t\t\t\t\t\t\t\t<\/div>\n\t\t\t\t<\/div>\n\t\t\t\t<div class=\"elementor-element elementor-element-aea912f elementor-widget-divider--view-line elementor-widget elementor-widget-divider\" data-id=\"aea912f\" data-element_type=\"widget\" data-e-type=\"widget\" data-widget_type=\"divider.default\">\n\t\t\t\t<div class=\"elementor-widget-container\">\n\t\t\t\t\t\t\t<div class=\"elementor-divider\">\n\t\t\t<span class=\"elementor-divider-separator\">\n\t\t\t\t\t\t<\/span>\n\t\t<\/div>\n\t\t\t\t\t\t<\/div>\n\t\t\t\t<\/div>\n\t\t\t\t<div class=\"elementor-element elementor-element-34dd46b elementor-widget elementor-widget-text-editor\" data-id=\"34dd46b\" data-element_type=\"widget\" data-e-type=\"widget\" data-widget_type=\"text-editor.default\">\n\t\t\t\t<div class=\"elementor-widget-container\">\n\t\t\t\t\t\t\t\t\t<p><a class=\"gt3_icon_link\" href=\"#\" target=\"_blank\" data-color=\"inherit\" data-hover-color=\"inherit\" style=\"font-size: 14px; color: inherit; margin-right: 15px; margin-top: 0px;\" rel=\"noopener\"><i class=\"fa fa-check\">\u00a0<\/i><\/a>\u00a0English<\/p>\t\t\t\t\t\t\t\t<\/div>\n\t\t\t\t<\/div>\n\t\t\t\t\t<\/div>\n\t\t<\/div>\n\t\t\t\t<div class=\"elementor-column elementor-col-66 elementor-top-column elementor-element elementor-element-6a81e60\" data-id=\"6a81e60\" data-element_type=\"column\" data-e-type=\"column\" data-settings=\"{&quot;background_background&quot;:&quot;classic&quot;}\">\n\t\t\t<div class=\"elementor-widget-wrap elementor-element-populated\">\n\t\t\t\t\t\t<div class=\"elementor-element elementor-element-c1c6451 elementor-widget elementor-widget-text-editor\" data-id=\"c1c6451\" data-element_type=\"widget\" data-e-type=\"widget\" data-widget_type=\"text-editor.default\">\n\t\t\t\t<div class=\"elementor-widget-container\">\n\t\t\t\t\t\t\t\t\t<p>Ezgi S\u00fctl\u00fcce obtained her law degree from MEF University\nFaculty of Law. Before joining our team, Ezgi S\u00fctl\u00fcce gained\nexperience in the fields of Commercial and Corporate Law in\ndifferent companies during her internship period.<\/p><p>Ezgi S\u00fctl\u00fcce works as an Attorney at K\u0131l\u0131n\u00e7 Management\nAdvisory Services and having taken an active role in many fields,\nespecially in the fields of Corporate and Tax Law in our office. <\/p>\t\t\t\t\t\t\t\t<\/div>\n\t\t\t\t<\/div>\n\t\t\t\t\t<\/div>\n\t\t<\/div>\n\t\t\t\t\t<\/div>\n\t\t<\/section>\n\t\t\t\t<\/div>","protected":false},"excerpt":{"rendered":"<p>Ezgi S\u00fctl\u00fcce Avukat &nbsp;&nbsp; &nbsp;MEF \u00dcniversitesi &#8211; Hukuk \u00a0\u0130stanbul Barosu (\u00dcye) \u00a0\u00a0\u0130ngilizce Ezgi S\u00fctl\u00fcce MEF \u00dcniveristesi Hukuk Fak\u00fcltesinden mezun olmu\u015ftur. Ezgi S\u00fctl\u00fcce ekibimize kat\u0131lmadan \u00f6nce staj d\u00f6neminde Ticaret ve \u015eirketler Hukuku alanlar\u0131nda farkl\u0131 \u015firketlerde tecr\u00fcbe kazanm\u0131\u015ft\u0131r. Ezgi S\u00fctl\u00fcce, K\u0131l\u0131n\u00e7 Y\u00f6netim Dan\u0131\u015fmanl\u0131k b\u00fcnyesinde Avukat olarak \u00e7al\u0131\u015fmakta olup b\u00fcromuzda \u015eirketler ve Vergi Hukuku alanlar\u0131 ba\u015fta olmak \u00fczere [&hellip;]<\/p>\n","protected":false},"author":1,"featured_media":0,"parent":0,"menu_order":0,"comment_status":"closed","ping_status":"closed","template":"","meta":{"inline_featured_image":false,"footnotes":""},"class_list":["post-2362","page","type-page","status-publish","hentry"],"_links":{"self":[{"href":"https:\/\/kilincadvisory.com\/en\/wp-json\/wp\/v2\/pages\/2362","targetHints":{"allow":["GET"]}}],"collection":[{"href":"https:\/\/kilincadvisory.com\/en\/wp-json\/wp\/v2\/pages"}],"about":[{"href":"https:\/\/kilincadvisory.com\/en\/wp-json\/wp\/v2\/types\/page"}],"author":[{"embeddable":true,"href":"https:\/\/kilincadvisory.com\/en\/wp-json\/wp\/v2\/users\/1"}],"replies":[{"embeddable":true,"href":"https:\/\/kilincadvisory.com\/en\/wp-json\/wp\/v2\/comments?post=2362"}],"version-history":[{"count":16,"href":"https:\/\/kilincadvisory.com\/en\/wp-json\/wp\/v2\/pages\/2362\/revisions"}],"predecessor-version":[{"id":3453,"href":"https:\/\/kilincadvisory.com\/en\/wp-json\/wp\/v2\/pages\/2362\/revisions\/3453"}],"wp:attachment":[{"href":"https:\/\/kilincadvisory.com\/en\/wp-json\/wp\/v2\/media?parent=2362"}],"curies":[{"name":"wp","href":"https:\/\/api.w.org\/{rel}","templated":true}]}}