{"id":2358,"date":"2023-05-22T07:14:17","date_gmt":"2023-05-22T04:14:17","guid":{"rendered":"https:\/\/111.org.tr\/?page_id=2358"},"modified":"2024-11-09T22:09:03","modified_gmt":"2024-11-09T19:09:03","slug":"mine-topkara","status":"publish","type":"page","link":"https:\/\/kilincadvisory.com\/en\/mine-topkara\/","title":{"rendered":"Mine Topkara"},"content":{"rendered":"<div data-elementor-type=\"wp-page\" data-elementor-id=\"2358\" class=\"elementor elementor-2358\" data-elementor-post-type=\"page\">\n\t\t\t\t\t\t<section class=\"elementor-section elementor-top-section elementor-element elementor-element-7e7f630 elementor-section-boxed elementor-section-height-default elementor-section-height-default\" data-id=\"7e7f630\" data-element_type=\"section\" data-e-type=\"section\">\n\t\t\t\t\t\t\t<div class=\"elementor-background-overlay\"><\/div>\n\t\t\t\t\t\t\t<div class=\"elementor-container elementor-column-gap-default\">\n\t\t\t\t\t<div class=\"elementor-column elementor-col-33 elementor-top-column elementor-element elementor-element-c673a8d\" data-id=\"c673a8d\" data-element_type=\"column\" data-e-type=\"column\">\n\t\t\t<div class=\"elementor-widget-wrap elementor-element-populated\">\n\t\t\t\t\t\t<div class=\"elementor-element elementor-element-71e2d27 elementor-widget elementor-widget-image\" data-id=\"71e2d27\" data-element_type=\"widget\" data-e-type=\"widget\" data-widget_type=\"image.default\">\n\t\t\t\t<div class=\"elementor-widget-container\">\n\t\t\t\t\t\t\t\t\t\t\t\t\t\t\t<img fetchpriority=\"high\" decoding=\"async\" width=\"940\" height=\"627\" src=\"https:\/\/kilincadvisory.com\/wp-content\/uploads\/2024\/11\/Mine-1024x683.jpg\" class=\"attachment-large size-large wp-image-3318\" alt=\"\" srcset=\"https:\/\/kilincadvisory.com\/wp-content\/uploads\/2024\/11\/Mine-1024x683.jpg 1024w, https:\/\/kilincadvisory.com\/wp-content\/uploads\/2024\/11\/Mine-300x200.jpg 300w, https:\/\/kilincadvisory.com\/wp-content\/uploads\/2024\/11\/Mine-768x512.jpg 768w, https:\/\/kilincadvisory.com\/wp-content\/uploads\/2024\/11\/Mine-1536x1024.jpg 1536w, https:\/\/kilincadvisory.com\/wp-content\/uploads\/2024\/11\/Mine-18x12.jpg 18w, https:\/\/kilincadvisory.com\/wp-content\/uploads\/2024\/11\/Mine-480x320.jpg 480w\" sizes=\"(max-width: 940px) 100vw, 940px\" title=\"Mine\" \/>\t\t\t\t\t\t\t\t\t\t\t\t\t\t\t<\/div>\n\t\t\t\t<\/div>\n\t\t\t\t<div class=\"elementor-element elementor-element-73ecc0a elementor-widget elementor-widget-heading\" data-id=\"73ecc0a\" data-element_type=\"widget\" data-e-type=\"widget\" data-widget_type=\"heading.default\">\n\t\t\t\t<div class=\"elementor-widget-container\">\n\t\t\t\t\t<h3 class=\"elementor-heading-title elementor-size-default\">Mine Topkara<\/h3>\t\t\t\t<\/div>\n\t\t\t\t<\/div>\n\t\t\t\t<div class=\"elementor-element elementor-element-df9875c elementor-widget elementor-widget-text-editor\" data-id=\"df9875c\" data-element_type=\"widget\" data-e-type=\"widget\" data-widget_type=\"text-editor.default\">\n\t\t\t\t<div class=\"elementor-widget-container\">\n\t\t\t\t\t\t\t\t\t<p class=\"p1\">International Tax Services Director<\/p>\t\t\t\t\t\t\t\t<\/div>\n\t\t\t\t<\/div>\n\t\t\t\t<div class=\"elementor-element elementor-element-a548534 elementor-widget-divider--view-line elementor-widget elementor-widget-divider\" data-id=\"a548534\" data-element_type=\"widget\" data-e-type=\"widget\" data-widget_type=\"divider.default\">\n\t\t\t\t<div class=\"elementor-widget-container\">\n\t\t\t\t\t\t\t<div class=\"elementor-divider\">\n\t\t\t<span class=\"elementor-divider-separator\">\n\t\t\t\t\t\t<\/span>\n\t\t<\/div>\n\t\t\t\t\t\t<\/div>\n\t\t\t\t<\/div>\n\t\t\t\t<div class=\"elementor-element elementor-element-f8b002a elementor-widget elementor-widget-text-editor\" data-id=\"f8b002a\" data-element_type=\"widget\" data-e-type=\"widget\" data-widget_type=\"text-editor.default\">\n\t\t\t\t<div class=\"elementor-widget-container\">\n\t\t\t\t\t\t\t\t\t<p>E:\u00a0 \u00a0 mine.topkara@kilincadvisory.com<\/p>\t\t\t\t\t\t\t\t<\/div>\n\t\t\t\t<\/div>\n\t\t\t\t<div class=\"elementor-element elementor-element-c06d0ad elementor-widget-divider--view-line elementor-widget elementor-widget-divider\" data-id=\"c06d0ad\" data-element_type=\"widget\" data-e-type=\"widget\" data-widget_type=\"divider.default\">\n\t\t\t\t<div class=\"elementor-widget-container\">\n\t\t\t\t\t\t\t<div class=\"elementor-divider\">\n\t\t\t<span class=\"elementor-divider-separator\">\n\t\t\t\t\t\t<\/span>\n\t\t<\/div>\n\t\t\t\t\t\t<\/div>\n\t\t\t\t<\/div>\n\t\t\t\t<div class=\"elementor-element elementor-element-3c881d9 elementor-widget elementor-widget-text-editor\" data-id=\"3c881d9\" data-element_type=\"widget\" data-e-type=\"widget\" data-widget_type=\"text-editor.default\">\n\t\t\t\t<div class=\"elementor-widget-container\">\n\t\t\t\t\t\t\t\t\t<p><i class=\"fa fa-graduation-cap\">\u00a0<\/i>\u00a0 Hacettepe University (Bachelor of International Relations)<\/p>\t\t\t\t\t\t\t\t<\/div>\n\t\t\t\t<\/div>\n\t\t\t\t<div class=\"elementor-element elementor-element-b51176d elementor-widget elementor-widget-text-editor\" data-id=\"b51176d\" data-element_type=\"widget\" data-e-type=\"widget\" data-widget_type=\"text-editor.default\">\n\t\t\t\t<div class=\"elementor-widget-container\">\n\t\t\t\t\t\t\t\t\t<p><i class=\"fa fa-graduation-cap\">\u00a0<\/i>\u00a0 Universitaet Bremen (Erasmus Programme - Political Science)<\/p>\t\t\t\t\t\t\t\t<\/div>\n\t\t\t\t<\/div>\n\t\t\t\t<div class=\"elementor-element elementor-element-a0ca0fd elementor-widget-divider--view-line elementor-widget elementor-widget-divider\" data-id=\"a0ca0fd\" data-element_type=\"widget\" data-e-type=\"widget\" data-widget_type=\"divider.default\">\n\t\t\t\t<div class=\"elementor-widget-container\">\n\t\t\t\t\t\t\t<div class=\"elementor-divider\">\n\t\t\t<span class=\"elementor-divider-separator\">\n\t\t\t\t\t\t<\/span>\n\t\t<\/div>\n\t\t\t\t\t\t<\/div>\n\t\t\t\t<\/div>\n\t\t\t\t<div class=\"elementor-element elementor-element-58dbfed elementor-widget elementor-widget-text-editor\" data-id=\"58dbfed\" data-element_type=\"widget\" data-e-type=\"widget\" data-widget_type=\"text-editor.default\">\n\t\t\t\t<div class=\"elementor-widget-container\">\n\t\t\t\t\t\t\t\t\t<p><a class=\"gt3_icon_link\" href=\"#\" target=\"_blank\" data-color=\"inherit\" data-hover-color=\"inherit\" style=\"font-size: 14px; color: inherit; margin-right: 15px; margin-top: 0px;\" rel=\"noopener\"><i class=\"fa fa-user-plus\">\u00a0<\/i><\/a>Istanbul CPA Chamber (Member)<\/p>\t\t\t\t\t\t\t\t<\/div>\n\t\t\t\t<\/div>\n\t\t\t\t<div class=\"elementor-element elementor-element-aea912f elementor-widget-divider--view-line elementor-widget elementor-widget-divider\" data-id=\"aea912f\" data-element_type=\"widget\" data-e-type=\"widget\" data-widget_type=\"divider.default\">\n\t\t\t\t<div class=\"elementor-widget-container\">\n\t\t\t\t\t\t\t<div class=\"elementor-divider\">\n\t\t\t<span class=\"elementor-divider-separator\">\n\t\t\t\t\t\t<\/span>\n\t\t<\/div>\n\t\t\t\t\t\t<\/div>\n\t\t\t\t<\/div>\n\t\t\t\t<div class=\"elementor-element elementor-element-34dd46b elementor-widget elementor-widget-text-editor\" data-id=\"34dd46b\" data-element_type=\"widget\" data-e-type=\"widget\" data-widget_type=\"text-editor.default\">\n\t\t\t\t<div class=\"elementor-widget-container\">\n\t\t\t\t\t\t\t\t\t<p><a class=\"gt3_icon_link\" href=\"#\" target=\"_blank\" data-color=\"inherit\" data-hover-color=\"inherit\" style=\"font-size: 14px; color: inherit; margin-right: 15px; margin-top: 0px;\" rel=\"noopener\"><i class=\"fa fa-check\">\u00a0<\/i><\/a>\u00a0English, Spanish<\/p>\t\t\t\t\t\t\t\t<\/div>\n\t\t\t\t<\/div>\n\t\t\t\t\t<\/div>\n\t\t<\/div>\n\t\t\t\t<div class=\"elementor-column elementor-col-66 elementor-top-column elementor-element elementor-element-6a81e60\" data-id=\"6a81e60\" data-element_type=\"column\" data-e-type=\"column\" data-settings=\"{&quot;background_background&quot;:&quot;classic&quot;}\">\n\t\t\t<div class=\"elementor-widget-wrap elementor-element-populated\">\n\t\t\t\t\t\t<div class=\"elementor-element elementor-element-c1c6451 elementor-widget elementor-widget-text-editor\" data-id=\"c1c6451\" data-element_type=\"widget\" data-e-type=\"widget\" data-widget_type=\"text-editor.default\">\n\t\t\t\t<div class=\"elementor-widget-container\">\n\t\t\t\t\t\t\t\t\t<p>Mine Topkara is highly experienced in international tax structuring, mergers and acquisitions tax due diligence projects, tax modelling and tax compliance services as well as tax compliance work. <br \/><br \/>After graduating from university, Mine started her career in Big4 companies and worked for Ernst&amp;Young and KPMG in tax compliance, international tax services and mergers\/acquisitions teams for a total of 5 years and specialised in these areas.<br \/><br \/>In 2016, she joined Y\u0131ld\u0131r\u0131m Holding tax department. For 4 years she worked as Mergers &amp; Acquisitions and International Tax Manager and represented the buyers' side in international acquisition projects carried out in countries such as Portugal, United States, Mexico, Sweden, Kazakhstan, Uzbekistan, Malta. She was also responsible for tax matters of affiliates in Latin America and Iberia regions.<\/p><p>In 2020, as International Tax Manager, she joined a Turkish construction company carrying out infrastructure, airport and production facility projects in Qatar, Saudi Arabia, Azerbaijan, Russia, Kazakhstan and developing new projects in its markets in Europe and Africa.<\/p><p>In 2022, she joined K\u0131l\u0131n\u00e7 Advisory as International Tax Director, working mainly on international tax structuring and M&amp;A projects. <\/p>\t\t\t\t\t\t\t\t<\/div>\n\t\t\t\t<\/div>\n\t\t\t\t\t<\/div>\n\t\t<\/div>\n\t\t\t\t\t<\/div>\n\t\t<\/section>\n\t\t\t\t<\/div>","protected":false},"excerpt":{"rendered":"<p>Mine Topkara Uluslararas\u0131 Vergi Hizmetleri Direkt\u00f6r\u00fc E:\u00a0 \u00a0 mine.topkara@kilincadvisory.com \u00a0\u00a0 Hacettepe \u00dcniversitesi &#8211; Uluslararas\u0131 \u0130li\u015fkiler \u00a0\u00a0 Bremen \u00dcniversitesi &#8211; Siyaset Bilimi \u00a0\u0130stanbul SMMM Odas\u0131 (\u00dcye) \u00a0\u00a0\u0130ngilizce, \u0130spanyolca Mine Topkara, Uluslararas\u0131 Vergi Yap\u0131land\u0131rmas\u0131, birle\u015fme ve sat\u0131n almalar vergi due diligence projeleri, vergi modellemesi ve vergi uyum hizmetleri ile birlikte vergi uyum \u00e7al\u0131\u015fmalar\u0131 konular\u0131nda deneyimlidir. \u00dcniversiteden mezun [&hellip;]<\/p>\n","protected":false},"author":1,"featured_media":0,"parent":0,"menu_order":0,"comment_status":"closed","ping_status":"closed","template":"","meta":{"inline_featured_image":false,"footnotes":""},"class_list":["post-2358","page","type-page","status-publish","hentry"],"_links":{"self":[{"href":"https:\/\/kilincadvisory.com\/en\/wp-json\/wp\/v2\/pages\/2358","targetHints":{"allow":["GET"]}}],"collection":[{"href":"https:\/\/kilincadvisory.com\/en\/wp-json\/wp\/v2\/pages"}],"about":[{"href":"https:\/\/kilincadvisory.com\/en\/wp-json\/wp\/v2\/types\/page"}],"author":[{"embeddable":true,"href":"https:\/\/kilincadvisory.com\/en\/wp-json\/wp\/v2\/users\/1"}],"replies":[{"embeddable":true,"href":"https:\/\/kilincadvisory.com\/en\/wp-json\/wp\/v2\/comments?post=2358"}],"version-history":[{"count":37,"href":"https:\/\/kilincadvisory.com\/en\/wp-json\/wp\/v2\/pages\/2358\/revisions"}],"predecessor-version":[{"id":3934,"href":"https:\/\/kilincadvisory.com\/en\/wp-json\/wp\/v2\/pages\/2358\/revisions\/3934"}],"wp:attachment":[{"href":"https:\/\/kilincadvisory.com\/en\/wp-json\/wp\/v2\/media?parent=2358"}],"curies":[{"name":"wp","href":"https:\/\/api.w.org\/{rel}","templated":true}]}}