{"id":2356,"date":"2023-05-22T07:13:30","date_gmt":"2023-05-22T04:13:30","guid":{"rendered":"https:\/\/111.org.tr\/?page_id=2356"},"modified":"2024-11-09T22:08:47","modified_gmt":"2024-11-09T19:08:47","slug":"canan-aladag","status":"publish","type":"page","link":"https:\/\/kilincadvisory.com\/en\/canan-aladag\/","title":{"rendered":"Canan Alada\u011f"},"content":{"rendered":"<div data-elementor-type=\"wp-page\" data-elementor-id=\"2356\" class=\"elementor elementor-2356\" data-elementor-post-type=\"page\">\n\t\t\t\t\t\t<section class=\"elementor-section elementor-top-section elementor-element elementor-element-7e7f630 elementor-section-boxed elementor-section-height-default elementor-section-height-default\" data-id=\"7e7f630\" data-element_type=\"section\" data-e-type=\"section\">\n\t\t\t\t\t\t\t<div class=\"elementor-background-overlay\"><\/div>\n\t\t\t\t\t\t\t<div class=\"elementor-container elementor-column-gap-default\">\n\t\t\t\t\t<div class=\"elementor-column elementor-col-33 elementor-top-column elementor-element elementor-element-c673a8d\" data-id=\"c673a8d\" data-element_type=\"column\" data-e-type=\"column\">\n\t\t\t<div class=\"elementor-widget-wrap elementor-element-populated\">\n\t\t\t\t\t\t<div class=\"elementor-element elementor-element-71e2d27 elementor-widget elementor-widget-image\" data-id=\"71e2d27\" data-element_type=\"widget\" data-e-type=\"widget\" data-widget_type=\"image.default\">\n\t\t\t\t<div class=\"elementor-widget-container\">\n\t\t\t\t\t\t\t\t\t\t\t\t\t\t\t<img fetchpriority=\"high\" decoding=\"async\" width=\"683\" height=\"1024\" src=\"https:\/\/kilincadvisory.com\/wp-content\/uploads\/2024\/11\/Canan-683x1024.jpg\" class=\"attachment-large size-large wp-image-3269\" alt=\"\" srcset=\"https:\/\/kilincadvisory.com\/wp-content\/uploads\/2024\/11\/Canan-683x1024.jpg 683w, https:\/\/kilincadvisory.com\/wp-content\/uploads\/2024\/11\/Canan-200x300.jpg 200w, https:\/\/kilincadvisory.com\/wp-content\/uploads\/2024\/11\/Canan-768x1152.jpg 768w, https:\/\/kilincadvisory.com\/wp-content\/uploads\/2024\/11\/Canan-1024x1536.jpg 1024w, https:\/\/kilincadvisory.com\/wp-content\/uploads\/2024\/11\/Canan-1365x2048.jpg 1365w, https:\/\/kilincadvisory.com\/wp-content\/uploads\/2024\/11\/Canan-8x12.jpg 8w, https:\/\/kilincadvisory.com\/wp-content\/uploads\/2024\/11\/Canan-480x720.jpg 480w, https:\/\/kilincadvisory.com\/wp-content\/uploads\/2024\/11\/Canan-scaled.jpg 1707w\" sizes=\"(max-width: 683px) 100vw, 683px\" title=\"Canan\" \/>\t\t\t\t\t\t\t\t\t\t\t\t\t\t\t<\/div>\n\t\t\t\t<\/div>\n\t\t\t\t<div class=\"elementor-element elementor-element-73ecc0a elementor-widget elementor-widget-heading\" data-id=\"73ecc0a\" data-element_type=\"widget\" data-e-type=\"widget\" data-widget_type=\"heading.default\">\n\t\t\t\t<div class=\"elementor-widget-container\">\n\t\t\t\t\t<h3 class=\"elementor-heading-title elementor-size-default\">Canan Alada\u011f<\/h3>\t\t\t\t<\/div>\n\t\t\t\t<\/div>\n\t\t\t\t<div class=\"elementor-element elementor-element-df9875c elementor-widget elementor-widget-text-editor\" data-id=\"df9875c\" data-element_type=\"widget\" data-e-type=\"widget\" data-widget_type=\"text-editor.default\">\n\t\t\t\t<div class=\"elementor-widget-container\">\n\t\t\t\t\t\t\t\t\t<p><b>Partner, Transfer Pricing Leader<\/b><\/p>\t\t\t\t\t\t\t\t<\/div>\n\t\t\t\t<\/div>\n\t\t\t\t<div class=\"elementor-element elementor-element-9377df5 elementor-widget-divider--view-line elementor-widget elementor-widget-divider\" data-id=\"9377df5\" data-element_type=\"widget\" data-e-type=\"widget\" data-widget_type=\"divider.default\">\n\t\t\t\t<div class=\"elementor-widget-container\">\n\t\t\t\t\t\t\t<div class=\"elementor-divider\">\n\t\t\t<span class=\"elementor-divider-separator\">\n\t\t\t\t\t\t<\/span>\n\t\t<\/div>\n\t\t\t\t\t\t<\/div>\n\t\t\t\t<\/div>\n\t\t\t\t<div class=\"elementor-element elementor-element-0a94407 elementor-widget elementor-widget-text-editor\" data-id=\"0a94407\" data-element_type=\"widget\" data-e-type=\"widget\" data-widget_type=\"text-editor.default\">\n\t\t\t\t<div class=\"elementor-widget-container\">\n\t\t\t\t\t\t\t\t\t<p>E:\u00a0 \u00a0 canan.aladag@kilincadvisory.com<\/p>\t\t\t\t\t\t\t\t<\/div>\n\t\t\t\t<\/div>\n\t\t\t\t<div class=\"elementor-element elementor-element-aea912f elementor-widget-divider--view-line elementor-widget elementor-widget-divider\" data-id=\"aea912f\" data-element_type=\"widget\" data-e-type=\"widget\" data-widget_type=\"divider.default\">\n\t\t\t\t<div class=\"elementor-widget-container\">\n\t\t\t\t\t\t\t<div class=\"elementor-divider\">\n\t\t\t<span class=\"elementor-divider-separator\">\n\t\t\t\t\t\t<\/span>\n\t\t<\/div>\n\t\t\t\t\t\t<\/div>\n\t\t\t\t<\/div>\n\t\t\t\t<div class=\"elementor-element elementor-element-4f0dd4e elementor-widget elementor-widget-text-editor\" data-id=\"4f0dd4e\" data-element_type=\"widget\" data-e-type=\"widget\" data-widget_type=\"text-editor.default\">\n\t\t\t\t<div class=\"elementor-widget-container\">\n\t\t\t\t\t\t\t\t\t<p><i class=\"fa fa-graduation-cap\">\u00a0<\/i>\u00a0 Koc University (Bachelor of Business Administration)<\/p>\t\t\t\t\t\t\t\t<\/div>\n\t\t\t\t<\/div>\n\t\t\t\t<div class=\"elementor-element elementor-element-818a402 elementor-widget-divider--view-line elementor-widget elementor-widget-divider\" data-id=\"818a402\" data-element_type=\"widget\" data-e-type=\"widget\" data-widget_type=\"divider.default\">\n\t\t\t\t<div class=\"elementor-widget-container\">\n\t\t\t\t\t\t\t<div class=\"elementor-divider\">\n\t\t\t<span class=\"elementor-divider-separator\">\n\t\t\t\t\t\t<\/span>\n\t\t<\/div>\n\t\t\t\t\t\t<\/div>\n\t\t\t\t<\/div>\n\t\t\t\t<div class=\"elementor-element elementor-element-58dbfed elementor-widget elementor-widget-text-editor\" data-id=\"58dbfed\" data-element_type=\"widget\" data-e-type=\"widget\" data-widget_type=\"text-editor.default\">\n\t\t\t\t<div class=\"elementor-widget-container\">\n\t\t\t\t\t\t\t\t\t<p><a class=\"gt3_icon_link\" href=\"#\" target=\"_blank\" data-color=\"inherit\" data-hover-color=\"inherit\" style=\"font-size: 14px; color: inherit; margin-right: 15px; margin-top: 0px;\" rel=\"noopener\"><i class=\"fa fa-user-plus\">\u00a0<\/i><\/a>Istanbul CPA Chamber (Member)<\/p>\t\t\t\t\t\t\t\t<\/div>\n\t\t\t\t<\/div>\n\t\t\t\t<div class=\"elementor-element elementor-element-a0ca0fd elementor-widget-divider--view-line elementor-widget elementor-widget-divider\" data-id=\"a0ca0fd\" data-element_type=\"widget\" data-e-type=\"widget\" data-widget_type=\"divider.default\">\n\t\t\t\t<div class=\"elementor-widget-container\">\n\t\t\t\t\t\t\t<div class=\"elementor-divider\">\n\t\t\t<span class=\"elementor-divider-separator\">\n\t\t\t\t\t\t<\/span>\n\t\t<\/div>\n\t\t\t\t\t\t<\/div>\n\t\t\t\t<\/div>\n\t\t\t\t<div class=\"elementor-element elementor-element-34dd46b elementor-widget elementor-widget-text-editor\" data-id=\"34dd46b\" data-element_type=\"widget\" data-e-type=\"widget\" data-widget_type=\"text-editor.default\">\n\t\t\t\t<div class=\"elementor-widget-container\">\n\t\t\t\t\t\t\t\t\t<p><a class=\"gt3_icon_link\" href=\"#\" target=\"_blank\" data-color=\"inherit\" data-hover-color=\"inherit\" style=\"font-size: 14px; color: inherit; margin-right: 15px; margin-top: 0px;\" rel=\"noopener\"><i class=\"fa fa-check\">\u00a0<\/i><\/a>\u00a0English, German, French<\/p>\t\t\t\t\t\t\t\t<\/div>\n\t\t\t\t<\/div>\n\t\t\t\t\t<\/div>\n\t\t<\/div>\n\t\t\t\t<div class=\"elementor-column elementor-col-66 elementor-top-column elementor-element elementor-element-6a81e60\" data-id=\"6a81e60\" data-element_type=\"column\" data-e-type=\"column\" data-settings=\"{&quot;background_background&quot;:&quot;classic&quot;}\">\n\t\t\t<div class=\"elementor-widget-wrap elementor-element-populated\">\n\t\t\t\t\t\t<div class=\"elementor-element elementor-element-c1c6451 elementor-widget elementor-widget-text-editor\" data-id=\"c1c6451\" data-element_type=\"widget\" data-e-type=\"widget\" data-widget_type=\"text-editor.default\">\n\t\t\t\t<div class=\"elementor-widget-container\">\n\t\t\t\t\t\t\t\t\t<p>Canan Alada\u011f is one of the few international and local experts in the field of Transfer Pricing, who has worked for many years in the formation stages of projects such as the OECD BEPS project.<\/p><p>In 2000, she joined PwC after graduating from Ko\u00e7 University, Department of Business Administration. She provided tax advisory services, mergers and acquisitions, tax audit services and tax compliance and full attestation services to clients in the Energy, FMCG and Pharmaceutical sectors. In 2005-2007, she joined the transfer pricing team at PwC Netherlands, Amsterdam office for educational purposes. After returning to Turkey, she established the first transfer pricing team in Turkey and focused on transfer pricing advisory services in PwC Turkey, Istanbul office. Canan, whose client portfolio includes hundreds of international and local companies, has coordinated PwC's global transfer pricing network in Belgium for the last four years. She has established close contact with many financial administrations in the world (primarily in Turkey, the Netherlands, Belgium) and collaborated with them both within the scope of her work with her clients and network coordination activities. Within the scope of the OECD's BEPS project, he was an observer in transfer pricing studies and meetings, gave opinions on issues awaiting comments, and finally took part in the technical committees within the scope of BEPS-digital economy taxation action and global minimum taxation.<\/p><p>She writes articles in international and local tax publications, newspapers and other academic publications and is a speaker at tax conferences.<\/p>\t\t\t\t\t\t\t\t<\/div>\n\t\t\t\t<\/div>\n\t\t\t\t\t<\/div>\n\t\t<\/div>\n\t\t\t\t\t<\/div>\n\t\t<\/section>\n\t\t\t\t<\/div>","protected":false},"excerpt":{"rendered":"<p>Canan Alada\u011f Ortak, Transfer Fiyatland\u0131rmas\u0131 Lideri E:\u00a0 \u00a0 canan.aladag@kilincadvisory.com \u00a0\u00a0 Ko\u00e7 \u00dcniversitesi &#8211; \u0130\u015fletme \u00a0\u0130stanbul SMMM Odas\u0131 (\u00dcye) \u00a0\u00a0\u0130ngilizce, Almanca, Frans\u0131zca Canan Alada\u011f, Transfer Fiyatland\u0131rmas\u0131 alan\u0131nda OECD BEPS projesi gibi projelerin olu\u015fum a\u015famalar\u0131nda uzun y\u0131llar \u00e7al\u0131\u015fm\u0131\u015f, uluslararas\u0131 ve yerel d\u00fczeyde say\u0131l\u0131 uzmanlardan olup SMMM unvan\u0131na sahiptir. 2000 y\u0131l\u0131nda Ko\u00e7 \u00dcniversitesi \u0130\u015fletme B\u00f6l\u00fcm\u00fc&#8217;nden mezun olduktan sonra [&hellip;]<\/p>\n","protected":false},"author":1,"featured_media":0,"parent":0,"menu_order":0,"comment_status":"closed","ping_status":"closed","template":"","meta":{"inline_featured_image":false,"footnotes":""},"class_list":["post-2356","page","type-page","status-publish","hentry"],"_links":{"self":[{"href":"https:\/\/kilincadvisory.com\/en\/wp-json\/wp\/v2\/pages\/2356","targetHints":{"allow":["GET"]}}],"collection":[{"href":"https:\/\/kilincadvisory.com\/en\/wp-json\/wp\/v2\/pages"}],"about":[{"href":"https:\/\/kilincadvisory.com\/en\/wp-json\/wp\/v2\/types\/page"}],"author":[{"embeddable":true,"href":"https:\/\/kilincadvisory.com\/en\/wp-json\/wp\/v2\/users\/1"}],"replies":[{"embeddable":true,"href":"https:\/\/kilincadvisory.com\/en\/wp-json\/wp\/v2\/comments?post=2356"}],"version-history":[{"count":52,"href":"https:\/\/kilincadvisory.com\/en\/wp-json\/wp\/v2\/pages\/2356\/revisions"}],"predecessor-version":[{"id":3931,"href":"https:\/\/kilincadvisory.com\/en\/wp-json\/wp\/v2\/pages\/2356\/revisions\/3931"}],"wp:attachment":[{"href":"https:\/\/kilincadvisory.com\/en\/wp-json\/wp\/v2\/media?parent=2356"}],"curies":[{"name":"wp","href":"https:\/\/api.w.org\/{rel}","templated":true}]}}